{"id":24087,"date":"2026-02-20T12:02:53","date_gmt":"2026-02-20T11:02:53","guid":{"rendered":"https:\/\/vss-unes.ch\/?page_id=24087"},"modified":"2026-02-20T12:09:51","modified_gmt":"2026-02-20T11:09:51","slug":"ueber-vorstand","status":"publish","type":"page","link":"https:\/\/vss-unes.ch\/en\/ueber-vorstand\/","title":{"rendered":"Vorstand"},"content":{"rendered":"<div class=\"gb-grid-wrapper gb-grid-wrapper-9f13b323\">\n<div class=\"gb-grid-column gb-grid-column-18104176\"><div class=\"gb-container gb-container-18104176\">\n<div class=\"gb-container gb-container-abe83b3a\">\n\n<div class=\"gb-headline gb-headline-4c1c2a2b gb-headline-text gbp-section__text\">Der VSS-Vorstand ist die Exekutive des Verbandes.&nbsp;Als Vorstandsmitglied bist du in einem 7-k\u00f6pfigen Team verantwortlich f\u00fcr die strategische Verbandsf\u00fchrung und die Umsetzung der Entscheidungen der Delegiertenversammlung und des Sektionsrats.<br>Bring dich ein, entwickle mit uns Ideen, Visionen und Forderungen. Vertrete den Verband und die Studierenden der Schweizer Hochschulen an nationalen und internationalen Konferenzen, schreibe Artikel, sprich \u00fcber uns. Nimm an Veranstaltungen wie Podiumsdiskussion zu hochschul-politischen Themen bis hin zu Flashmobs teil, mobilisiere Studierende f\u00fcr hochschulpolitische Inhalte. Es sind dir und deinen Ideen keine Grenzen gesetzt!<\/div>\n\n<\/div>\n\n\n<a class=\"gb-button gb-button-43eb71b6 gbp-button--primary\" href=\"mailto:info@vss-unes.ch?subject=Mitarbeit%20im%20Vorstand\"><span class=\"gb-icon\"><svg aria-hidden=\"true\" role=\"img\" height=\"1em\" width=\"1em\" viewBox=\"0 0 512 512\" xmlns=\"http:\/\/www.w3.org\/2000\/svg\"><path fill=\"currentColor\" d=\"M464 64H48C21.49 64 0 85.49 0 112v288c0 26.51 21.49 48 48 48h416c26.51 0 48-21.49 48-48V112c0-26.51-21.49-48-48-48zm0 48v40.805c-22.422 18.259-58.168 46.651-134.587 106.49-16.841 13.247-50.201 45.072-73.413 44.701-23.208.375-56.579-31.459-73.413-44.701C106.18 199.465 70.425 171.067 48 152.805V112h416zM48 400V214.398c22.914 18.251 55.409 43.862 104.938 82.646 21.857 17.205 60.134 55.186 103.062 54.955 42.717.231 80.509-37.199 103.053-54.947 49.528-38.783 82.032-64.401 104.947-82.653V400H48z\"><\/path><\/svg><\/span><span class=\"gb-button-text\">Mitmachen<\/span><\/a>\n\n\n<div class=\"gb-container gb-container-8bd6132e gb-accordion\">\n<div class=\"gb-container gb-container-01690254 gb-accordion__item\" data-transition=\"slide\">\n\n<button class=\"gb-button gb-button-486c7bca gb-accordion__toggle\" id=\"gb-accordion-toggle-486c7bca\"><span class=\"gb-button-text\">FAQ zum Vorstand<\/span><span class=\"gb-icon\"><svg xmlns=\"http:\/\/www.w3.org\/2000\/svg\" viewBox=\"0 0 448 512\" width=\"1em\" height=\"1em\" aria-hidden=\"true\" role=\"img\" class=\"gb-accordion__icon\"><path d=\"M207.029 381.476L12.686 187.132c-9.373-9.373-9.373-24.569 0-33.941l22.667-22.667c9.357-9.357 24.522-9.375 33.901-.04L224 284.505l154.745-154.021c9.379-9.335 24.544-9.317 33.901.04l22.667 22.667c9.373 9.373 9.373 24.569 0 33.941L240.971 381.476c-9.373 9.372-24.569 9.372-33.942 0z\" fill=\"currentColor\"><\/path><\/svg><svg xmlns=\"http:\/\/www.w3.org\/2000\/svg\" viewBox=\"0 0 448 512\" width=\"1em\" height=\"1em\" aria-hidden=\"true\" role=\"img\" class=\"gb-accordion__icon-open\"><path d=\"M240.971 130.524l194.343 194.343c9.373 9.373 9.373 24.569 0 33.941l-22.667 22.667c-9.357 9.357-24.522 9.375-33.901.04L224 227.495 69.255 381.516c-9.379 9.335-24.544 9.317-33.901-.04l-22.667-22.667c-9.373-9.373-9.373-24.569 0-33.941L207.03 130.525c9.372-9.373 24.568-9.373 33.941-.001z\" fill=\"currentColor\"><\/path><\/svg><\/span><\/button>\n\n\n<div id=\"gb-accordion-content-9912cdff\" class=\"gb-accordion__content\"><div class=\"gb-container gb-container-9912cdff\">\n<div class=\"gb-grid-wrapper gb-grid-wrapper-4cf8f232\">\n<div class=\"gb-grid-column gb-grid-column-4a6a395c\"><div class=\"gb-container gb-container-4a6a395c\">\n\n<p><strong>Was ist der Vorstand?&nbsp;<\/strong><\/p>\n\n\n\n<p>Der VSS-Vorstand ist die Exekutive des Verbandes.&nbsp;&nbsp;<\/p>\n\n\n\n<p><strong>Was macht der VSS-Vorstand?<\/strong><\/p>\n\n\n\n<p>Als Vorstandsmitglied leitest du den Verband gemeinsam in einem 7-k\u00f6pfigen Team.&nbsp;<\/p>\n\n\n\n<p><strong>Was bringt mir das?<\/strong><\/p>\n\n\n\n<p>W\u00e4hrend deiner Vorstandszeit bist du in sehr vielen Projekten involviert und kannst mit einem motivierten Team extrem viel lernen, wie z.B. Projektmanagement,&nbsp;Lobbying, Personalf\u00fchrung,&nbsp;Rhetorikskills&nbsp;und vieles mehr. Die Aufgaben h\u00e4ngen vom&nbsp;jeweiligen&nbsp;Dossier&nbsp;ab.&nbsp;<\/p>\n\n\n\n<p><strong>Mit welchem Arbeits- und Zeitaufwand muss ich rechnen?<\/strong><\/p>\n\n\n\n<p>Der Arbeitsaufwand im Vorstand ist nicht klein, aber&nbsp;gut mit einem Studium zu verbinden.&nbsp;Es hilft, wenn du bereits Erfahrung in einer Sektion&nbsp;oder&nbsp;Fachschaft an deiner Hochschule hast, das ist aber nicht zwingend notwendig.&nbsp;<\/p>\n\n\n\n<p><strong>Willst du mehr \u00fcber die Vorstandsarbeit wissen?&nbsp;<\/strong><\/p>\n\n\n\n<p>Dann komm in Bern vorbei, ruf einfach mal an, oder schreibe eine E-Mail.<\/p>\n\n<\/div><\/div>\n<\/div>\n<\/div><\/div>\n<\/div>\n<\/div>\n<\/div><\/div>\n\n<div class=\"gb-grid-column gb-grid-column-7e2fb4e4\"><div class=\"gb-container gb-container-7e2fb4e4\">\n\n<div style=\"position: relative; width: 100%; height: auto;\">\r\n  <img decoding=\"async\" src=\"https:\/\/vss-unes.ch\/wp-content\/uploads\/2025\/06\/970ca520-3f87-4c1e-8c27-9bb70d9c714e.jpg\" style=\"width: 100%; display: block;\">\r\n  <img decoding=\"async\" src=\"https:\/\/vss-unes.ch\/wp-content\/uploads\/2025\/07\/vorstand_fun.jpg\" style=\"width: 100%; display: block; position: absolute; top: 0; left: 0; opacity: 0; transition: opacity 0.4s;\" onmouseover=\"this.style.opacity=1\" onmouseout=\"this.style.opacity=0\">\r\n<\/div>\n\n<\/div><\/div>\n\n<div class=\"gb-grid-column gb-grid-column-cf1e4c1c\"><div class=\"gb-container gb-container-cf1e4c1c\"><\/div><\/div>\n<\/div>","protected":false},"excerpt":{"rendered":"","protected":false},"author":3,"featured_media":0,"parent":0,"menu_order":0,"comment_status":"closed","ping_status":"closed","template":"","meta":{"_acf_changed":false,"inline_featured_image":false,"_EventAllDay":false,"_EventTimezone":"","_EventStartDate":"","_EventEndDate":"","_EventStartDateUTC":"","_EventEndDateUTC":"","_EventShowMap":false,"_EventShowMapLink":false,"_EventURL":"","_EventCost":"","_EventCostDescription":"","_EventCurrencySymbol":"","_EventCurrencyCode":"","_EventCurrencyPosition":"","_EventDateTimeSeparator":"","_EventTimeRangeSeparator":"","_EventOrganizerID":[],"_EventVenueID":[],"_OrganizerEmail":"","_OrganizerPhone":"","_OrganizerWebsite":"","_VenueAddress":"","_VenueCity":"","_VenueCountry":"","_VenueProvince":"","_VenueState":"","_VenueZip":"","_VenuePhone":"","_VenueURL":"","_VenueStateProvince":"","_VenueLat":"","_VenueLng":"","_VenueShowMap":false,"_VenueShowMapLink":false,"footnotes":"","_links_to":"","_links_to_target":""},"class_list":["post-24087","page","type-page","status-publish"],"acf":[],"_links":{"self":[{"href":"https:\/\/vss-unes.ch\/en\/wp-json\/wp\/v2\/pages\/24087","targetHints":{"allow":["GET"]}}],"collection":[{"href":"https:\/\/vss-unes.ch\/en\/wp-json\/wp\/v2\/pages"}],"about":[{"href":"https:\/\/vss-unes.ch\/en\/wp-json\/wp\/v2\/types\/page"}],"author":[{"embeddable":true,"href":"https:\/\/vss-unes.ch\/en\/wp-json\/wp\/v2\/users\/3"}],"replies":[{"embeddable":true,"href":"https:\/\/vss-unes.ch\/en\/wp-json\/wp\/v2\/comments?post=24087"}],"version-history":[{"count":1,"href":"https:\/\/vss-unes.ch\/en\/wp-json\/wp\/v2\/pages\/24087\/revisions"}],"predecessor-version":[{"id":24088,"href":"https:\/\/vss-unes.ch\/en\/wp-json\/wp\/v2\/pages\/24087\/revisions\/24088"}],"wp:attachment":[{"href":"https:\/\/vss-unes.ch\/en\/wp-json\/wp\/v2\/media?parent=24087"}],"curies":[{"name":"wp","href":"https:\/\/api.w.org\/{rel}","templated":true}]}}