{"id":15249,"date":"2025-07-09T10:25:32","date_gmt":"2025-07-09T08:25:32","guid":{"rendered":"https:\/\/vss.michaelschaedler.li\/lunes\/"},"modified":"2025-10-27T10:22:16","modified_gmt":"2025-10-27T09:22:16","slug":"lunes","status":"publish","type":"page","link":"https:\/\/vss-unes.ch\/fr\/lunes\/","title":{"rendered":"L&rsquo;UNES"},"content":{"rendered":"<div class=\"gb-container gb-container-83f30e54\">\n<section class=\"gb-container gb-container-46287441\">\n<div class=\"gb-container gb-container-2a48dc36 gbp-section\">\n\n<h1 class=\"gb-headline gb-headline-1512e882 gb-headline-text gbp-section__headline\">L&rsquo;UNES<\/h1>\n\n<\/div>\n<\/section>\n\n<section class=\"gb-container gb-container-53aca7b4 custom_section_under_header\" id=\"vorstand\">\n<div class=\"gb-grid-wrapper gb-grid-wrapper-77b1a276\">\n<div class=\"gb-grid-column gb-grid-column-157ad490\"><div class=\"gb-container gb-container-157ad490\">\n\n<figure class=\"gb-block-image gb-block-image-75766224\"><img loading=\"lazy\" decoding=\"async\" width=\"1188\" height=\"800\" class=\"gb-image gb-image-75766224\" src=\"https:\/\/vss-unes.ch\/wp-content\/uploads\/2025\/07\/bureau-e1752059567550.jpg\" alt=\"\" title=\"bureau\" srcset=\"https:\/\/vss-unes.ch\/wp-content\/uploads\/2025\/07\/bureau-e1752059567550.jpg 1188w, https:\/\/vss-unes.ch\/wp-content\/uploads\/2025\/07\/bureau-e1752059567550-300x202.jpg 300w, https:\/\/vss-unes.ch\/wp-content\/uploads\/2025\/07\/bureau-e1752059567550-1024x690.jpg 1024w, https:\/\/vss-unes.ch\/wp-content\/uploads\/2025\/07\/bureau-e1752059567550-768x517.jpg 768w\" sizes=\"auto, (max-width: 1188px) 100vw, 1188px\" \/><\/figure>\n\n\n\n<div style=\"height:20px\" aria-hidden=\"true\" class=\"wp-block-spacer\"><\/div>\n\n\n\n<div class=\"wp-block-group is-horizontal is-nowrap is-layout-flex wp-container-core-group-is-layout-41b81202 wp-block-group-is-layout-flex\"><div class=\"gb-container gb-container-984b0bd0\"><a class=\"gb-container-link\" href=\"https:\/\/saeculum-vssunesusu.ch\/chronologie\/\" rel=\"noopener noreferrer\" target=\"_blank\"><\/a>\n\n<p class=\"gb-headline gb-headline-ee7f336e gb-headline-text\"><strong>Histoire<\/strong><\/p>\n\n<\/div>\n\n<div class=\"gb-container gb-container-42c528e8\"><a class=\"gb-container-link\" href=\"https:\/\/saeculum-vssunesusu.ch\/\" rel=\"noopener noreferrer\" target=\"_blank\"><\/a>\n\n<p class=\"gb-headline gb-headline-e6ea304c gb-headline-text\"><strong>100 ans de l&rsquo;UNES<\/strong><\/p>\n\n<\/div><\/div>\n\n<\/div><\/div>\n\n<div class=\"gb-grid-column gb-grid-column-92e20afa\"><div class=\"gb-container gb-container-92e20afa\">\n\n<p><strong>L\u2019UNES est la voix des \u00e9tudiant\u00b7e\u00b7s aupr\u00e8s des autorit\u00e9s f\u00e9d\u00e9rales \u00e0 Berne !<\/strong><\/p>\n\n\n\n<p>Fond\u00e9e en 1920, nous repr\u00e9sentons les int\u00e9r\u00eats des \u00e9tudiant\u00b7e\u00b7s des \u00e9coles polytechniques f\u00e9d\u00e9rales, des hautes \u00e9coles sp\u00e9cialis\u00e9es, des hautes \u00e9coles p\u00e9dagogiques et des universit\u00e9s cantonales au niveau f\u00e9d\u00e9ral. . En tant que porte-parole des \u00e9tudiant\u00b7e\u00b7s, nous repr\u00e9sentons leurs int\u00e9r\u00eats et portons leurs besoins \u00e0 la connaissance du public et du monde politique. Pour atteindre ces buts, nous sommes en contact \u00e9troit avec les offices f\u00e9d\u00e9raux, entretenons notre r\u00e9seau avec les organisations sociales et si\u00e9gons dans tous les organes nationaux relatifs aux hautes \u00e9coles !<\/p>\n\n\n<div class=\"gb-grid-wrapper gb-grid-wrapper-3b1caa11\">\n<div class=\"gb-grid-column gb-grid-column-13fa93d5\"><div class=\"gb-container gb-container-13fa93d5\"><a class=\"gb-container-link\" href=\"https:\/\/vss-unes.ch\/menschen\/\"><\/a>\n\n<p class=\"gb-headline gb-headline-5c893c8c gb-headline-text\"><strong>Personnes<\/strong><\/p>\n\n<\/div><\/div>\n\n<div class=\"gb-grid-column gb-grid-column-50ac4278\"><div class=\"gb-container gb-container-50ac4278\"><a class=\"gb-container-link\" href=\"https:\/\/vss-unes.ch\/organe\/\"><\/a>\n\n<p class=\"gb-headline gb-headline-4da6ebdc gb-headline-text\"><strong>Organes<\/strong><\/p>\n\n<\/div><\/div>\n\n<div class=\"gb-grid-column gb-grid-column-80e0f946\"><div class=\"gb-container gb-container-80e0f946\"><a class=\"gb-container-link\" href=\"https:\/\/vss-unes.ch\/mitglieder\/\"><\/a>\n\n<p class=\"gb-headline gb-headline-dbafb06a gb-headline-text\"><strong>Membres<\/strong><\/p>\n\n<\/div><\/div>\n\n<div class=\"gb-grid-column gb-grid-column-9cdf220a\"><div class=\"gb-container gb-container-9cdf220a\"><a class=\"gb-container-link\" href=\"https:\/\/vss-unes.ch\/netzwerk\/\"><\/a>\n\n<p class=\"gb-headline gb-headline-fa3ff495 gb-headline-text\"><strong>Le r\u00e9seau<\/strong><\/p>\n\n<\/div><\/div>\n\n<div class=\"gb-grid-column gb-grid-column-bcbb1c5b\"><div class=\"gb-container gb-container-bcbb1c5b\"><a class=\"gb-container-link\" href=\"https:\/\/vss-unes.ch\/fr\/der-vss\/awareness-concept\/\"><\/a>\n\n<p class=\"gb-headline gb-headline-bf6bf230 gb-headline-text\"><strong>Concept de sensibilisation<\/strong><\/p>\n\n<\/div><\/div>\n<\/div>\n<\/div><\/div>\n<\/div>\n<\/section>\n<\/div>\n\n\n<p><\/p>\n","protected":false},"excerpt":{"rendered":"<p>L&rsquo;UNES<\/p>\n","protected":false},"author":1,"featured_media":0,"parent":0,"menu_order":0,"comment_status":"closed","ping_status":"closed","template":"","meta":{"_acf_changed":false,"inline_featured_image":false,"_EventAllDay":false,"_EventTimezone":"","_EventStartDate":"","_EventEndDate":"","_EventStartDateUTC":"","_EventEndDateUTC":"","_EventShowMap":false,"_EventShowMapLink":false,"_EventURL":"","_EventCost":"","_EventCostDescription":"","_EventCurrencySymbol":"","_EventCurrencyCode":"","_EventCurrencyPosition":"","_EventDateTimeSeparator":"","_EventTimeRangeSeparator":"","_EventOrganizerID":[],"_EventVenueID":[],"_OrganizerEmail":"","_OrganizerPhone":"","_OrganizerWebsite":"","_VenueAddress":"","_VenueCity":"","_VenueCountry":"","_VenueProvince":"","_VenueState":"","_VenueZip":"","_VenuePhone":"","_VenueURL":"","_VenueStateProvince":"","_VenueLat":"","_VenueLng":"","_VenueShowMap":false,"_VenueShowMapLink":false,"footnotes":"","_links_to":"","_links_to_target":""},"class_list":["post-15249","page","type-page","status-publish"],"acf":[],"_links":{"self":[{"href":"https:\/\/vss-unes.ch\/fr\/wp-json\/wp\/v2\/pages\/15249","targetHints":{"allow":["GET"]}}],"collection":[{"href":"https:\/\/vss-unes.ch\/fr\/wp-json\/wp\/v2\/pages"}],"about":[{"href":"https:\/\/vss-unes.ch\/fr\/wp-json\/wp\/v2\/types\/page"}],"author":[{"embeddable":true,"href":"https:\/\/vss-unes.ch\/fr\/wp-json\/wp\/v2\/users\/1"}],"replies":[{"embeddable":true,"href":"https:\/\/vss-unes.ch\/fr\/wp-json\/wp\/v2\/comments?post=15249"}],"version-history":[{"count":15,"href":"https:\/\/vss-unes.ch\/fr\/wp-json\/wp\/v2\/pages\/15249\/revisions"}],"predecessor-version":[{"id":22667,"href":"https:\/\/vss-unes.ch\/fr\/wp-json\/wp\/v2\/pages\/15249\/revisions\/22667"}],"wp:attachment":[{"href":"https:\/\/vss-unes.ch\/fr\/wp-json\/wp\/v2\/media?parent=15249"}],"curies":[{"name":"wp","href":"https:\/\/api.w.org\/{rel}","templated":true}]}}