{"id":21900,"date":"2025-08-06T16:29:06","date_gmt":"2025-08-06T14:29:06","guid":{"rendered":"https:\/\/vss-unes.ch\/recherche-etudiant%c2%b7e%c2%b7s-pour-des-procedures-daccreditation\/"},"modified":"2026-04-13T13:58:45","modified_gmt":"2026-04-13T11:58:45","slug":"recherche-etudiant%c2%b7e%c2%b7s-pour-des-procedures-daccreditation","status":"publish","type":"page","link":"https:\/\/vss-unes.ch\/fr\/recherche-etudiant%c2%b7e%c2%b7s-pour-des-procedures-daccreditation\/","title":{"rendered":"Recherche : \u00e9tudiant\u00b7e\u00b7s pour des proc\u00e9dures d\u2019accr\u00e9ditation"},"content":{"rendered":"\n<p>Les hautes \u00e9coles suisses sont r\u00e9guli\u00e8rement \u00e9valu\u00e9es quant \u00e0 la mani\u00e8re dont elles assurent la qualit\u00e9. Les proc\u00e9dures d\u2019assurance qualit\u00e9 et d\u2019accr\u00e9ditation visent \u00e0 examiner et \u00e0 d\u00e9velopper syst\u00e9matiquement ces aspects, dans le but de garantir des standards transparents, de renforcer la confiance dans les dipl\u00f4mes de l\u2019enseignement sup\u00e9rieur et d\u2019am\u00e9liorer en continu les offres de formation. Les accr\u00e9ditations confirment qu\u2019une haute \u00e9cole ou un programme d\u2019\u00e9tudes r\u00e9pond \u00e0 des standards de qualit\u00e9 d\u00e9finis. Elles constituent \u00e9galement une base pour la reconnaissance des dipl\u00f4mes et des titres, et donc pour la mobilit\u00e9 dans l\u2019Espace europ\u00e9en de l\u2019enseignement sup\u00e9rieur. Dans le cadre des proc\u00e9dures d\u2019accr\u00e9ditation, un groupe d\u2019expert\u00b7e\u00b7s est mandat\u00e9, comprenant notamment un\u00b7e \u00e9tudiant\u00b7e.     <\/p>\n\n<p>Il existe diff\u00e9rents types de proc\u00e9dures d&rsquo;accr\u00e9ditation. Tu trouveras <a href=\"https:\/\/aaq.ch\/fr\/accreditation\/\" data-type=\"link\" data-id=\"https:\/\/aaq.ch\/fr\/accreditation\/\" target=\"_blank\" rel=\"noreferrer noopener\">ici <\/a>un aper\u00e7u. <\/p>\n\n<h2 class=\"gb-headline gb-headline-8f3d66f8 gb-headline-text\"><strong>Ton r\u00f4le en tant qu\u2019\u00e9tudiant\u00b7e<\/strong>&nbsp;<\/h2>\n\n<p>La perspective des \u00e9tudiant\u00b7e\u00b7s sur les contenus des \u00e9tudes, l\u2019encadrement, les conditions d\u2019apprentissage ou les possibilit\u00e9s de participation dans leur cursus est centrale. Leur voix contribue \u00e0 d\u00e9velopper et \u00e0 am\u00e9liorer la qualit\u00e9 des hautes \u00e9coles dans l\u2019int\u00e9r\u00eat des \u00e9tudiant\u00b7e\u00b7s.  <\/p>\n\n<p>En tant qu\u2019\u00e9tudiant\u00b7e s\u00e9lectionn\u00e9\u00b7e, tu participes en tant que membre \u00e0 part enti\u00e8re du groupe d\u2019expert\u00b7e\u00b7s dans les proc\u00e9dures d\u2019accr\u00e9ditation. La participation en tant qu\u2019expert\u00b7e \u00e9tudiant\u00b7e est non seulement int\u00e9ressante et enrichissante, mais elle est aussi \u00e9quitablement r\u00e9mun\u00e9r\u00e9e (CHF 1\u2019200\u20132\u2019400). De plus, tu acquiers un aper\u00e7u pr\u00e9cieux de l\u2019assurance qualit\u00e9 et du d\u00e9veloppement des hautes \u00e9coles, et tu as la possibilit\u00e9 de t\u2019engager activement en faveur de la qualit\u00e9 de l\u2019enseignement.  <\/p>\n<div class=\"gb-container gb-container-25fbb167 gb-accordion\">\n<div class=\"gb-container gb-container-843afbe3 gb-accordion__item\" data-transition=\"slide\">\n\n<button class=\"gb-button gb-button-ec42df2b gb-accordion__toggle\" id=\"gb-accordion-toggle-ec42df2b\"><span class=\"gb-button-text\"><strong>Conditions<\/strong><\/span><span class=\"gb-icon\"><svg xmlns=\"http:\/\/www.w3.org\/2000\/svg\" viewbox=\"0 0 448 512\" width=\"1em\" height=\"1em\" aria-hidden=\"true\" role=\"img\" class=\"gb-accordion__icon\"><path d=\"M207.029 381.476L12.686 187.132c-9.373-9.373-9.373-24.569 0-33.941l22.667-22.667c9.357-9.357 24.522-9.375 33.901-.04L224 284.505l154.745-154.021c9.379-9.335 24.544-9.317 33.901.04l22.667 22.667c9.373 9.373 9.373 24.569 0 33.941L240.971 381.476c-9.373 9.372-24.569 9.372-33.942 0z\" fill=\"currentColor\"><\/path><\/svg><svg xmlns=\"http:\/\/www.w3.org\/2000\/svg\" viewbox=\"0 0 448 512\" width=\"1em\" height=\"1em\" aria-hidden=\"true\" role=\"img\" class=\"gb-accordion__icon-open\"><path d=\"M240.971 130.524l194.343 194.343c9.373 9.373 9.373 24.569 0 33.941l-22.667 22.667c-9.357 9.357-24.522 9.375-33.901.04L224 227.495 69.255 381.516c-9.379 9.335-24.544 9.317-33.901-.04l-22.667-22.667c-9.373-9.373-9.373-24.569 0-33.941L207.03 130.525c9.372-9.373 24.568-9.373 33.941-.001z\" fill=\"currentColor\"><\/path><\/svg><\/span><\/button>\n\n\n<div id=\"gb-accordion-content-613722f0\" class=\"gb-accordion__content\"><div class=\"gb-container gb-container-613722f0\">\n<div class=\"gb-grid-wrapper gb-grid-wrapper-8b88e8ca\">\n<div class=\"gb-grid-column gb-grid-column-13128c62\"><div class=\"gb-container gb-container-13128c62\">\n\n<p>Pour participer \u00e0 une proc\u00e9dure d\u2019accr\u00e9ditation, il faut \u00eatre immatricul\u00e9\u00b7e ou avoir obtenu son dipl\u00f4me depuis moins de 12 mois. D\u2019autres conditions peuvent varier selon la proc\u00e9dure d\u2019accr\u00e9ditation. <\/p>\n\n\n\n<p>Toutes les informations n\u00e9cessaires pour te pr\u00e9parer \u00e0 ton r\u00f4le te seront communiqu\u00e9es apr\u00e8s la signature du contrat. <\/p>\n\n<\/div><\/div>\n<\/div>\n<\/div><\/div>\n<\/div>\n\n<div class=\"gb-container gb-container-fe9e8113 gb-accordion__item\" data-transition=\"slide\">\n\n<button class=\"gb-button gb-button-361301be gb-accordion__toggle\" id=\"gb-accordion-toggle-361301be\"><span class=\"gb-button-text\"><strong><strong>Participer<\/strong><\/strong><\/span><span class=\"gb-icon\"><svg xmlns=\"http:\/\/www.w3.org\/2000\/svg\" viewbox=\"0 0 448 512\" width=\"1em\" height=\"1em\" aria-hidden=\"true\" role=\"img\" class=\"gb-accordion__icon\"><path d=\"M207.029 381.476L12.686 187.132c-9.373-9.373-9.373-24.569 0-33.941l22.667-22.667c9.357-9.357 24.522-9.375 33.901-.04L224 284.505l154.745-154.021c9.379-9.335 24.544-9.317 33.901.04l22.667 22.667c9.373 9.373 9.373 24.569 0 33.941L240.971 381.476c-9.373 9.372-24.569 9.372-33.942 0z\" fill=\"currentColor\"><\/path><\/svg><svg xmlns=\"http:\/\/www.w3.org\/2000\/svg\" viewbox=\"0 0 448 512\" width=\"1em\" height=\"1em\" aria-hidden=\"true\" role=\"img\" class=\"gb-accordion__icon-open\"><path d=\"M240.971 130.524l194.343 194.343c9.373 9.373 9.373 24.569 0 33.941l-22.667 22.667c-9.357 9.357-24.522 9.375-33.901.04L224 227.495 69.255 381.516c-9.379 9.335-24.544 9.317-33.901-.04l-22.667-22.667c-9.373-9.373-9.373-24.569 0-33.941L207.03 130.525c9.372-9.373 24.568-9.373 33.941-.001z\" fill=\"currentColor\"><\/path><\/svg><\/span><\/button>\n\n\n<div id=\"gb-accordion-content-f37336dc\" class=\"gb-accordion__content\"><div class=\"gb-container gb-container-f37336dc\">\n<div class=\"gb-grid-wrapper gb-grid-wrapper-2681228b\">\n<div class=\"gb-grid-column gb-grid-column-c2faf2a0\"><div class=\"gb-container gb-container-c2faf2a0\">\n\n<p>Comment t\u2019engager :<\/p>\n\n\n\n<h3 class=\"gb-headline gb-headline-806cbeb9 gb-headline-text\">Proc\u00e9dures ouvertes<\/h3>\n\n\n\n<p>Tu trouveras <a href=\"https:\/\/vss-unes.ch\/wp-content\/uploads\/2025\/12\/Verfahren-fuer-Website-2.pdf\" data-type=\"link\" data-id=\"https:\/\/vss-unes.ch\/wp-content\/uploads\/2025\/12\/Verfahren-fuer-Website.pdf\" target=\"_blank\" rel=\"noreferrer noopener\">ici <\/a>les proc\u00e9dures d\u2019accr\u00e9ditation ouvertes auxquelles tu peux postuler.<\/p>\n\n\n\n<p><strong>Tu as trouv\u00e9 une proc\u00e9dure qui te convient ?<\/strong><\/p>\n\n\n\n<p>V\u00e9rifie les informations suivantes avant de postuler : <\/p>\n\n\n\n<p>Merci de postuler uniquement si tu es disponible \u00e0 toutes les dates pr\u00e9vues. Les dates indiqu\u00e9es sont contraignantes et ne peuvent pas \u00eatre modifi\u00e9es. Lorsqu\u2019aucune date n\u2019est indiqu\u00e9e, elle sera fix\u00e9e d\u2019un commun accord. Les frais de voyage et d\u2019h\u00e9bergement sont pris en charge par l\u2019agence. La proc\u00e9dure se d\u00e9roule dans la langue indiqu\u00e9e. Un niveau de langue C1 est requis.      <\/p>\n\n\n\n<p>u n\u2019es pas s\u00fbr\u00b7e que ton niveau de langue soit suffisant ? Tu trouveras <a href=\"https:\/\/europass.europa.eu\/de\/common-european-framework-reference-language-skills\" data-type=\"link\" data-id=\"https:\/\/europass.europa.eu\/de\/common-european-framework-reference-language-skills\">ici <\/a>les exigences.<\/p>\n\n\n\n<p><em>Merci de noter : pour des raisons de protection des donn\u00e9es, tu recevras les d\u00e9tails concernant le lieu de la proc\u00e9dure et l\u2019universit\u00e9 seulement avec ta candidature. Tu ne peux pas participer \u00e0 une proc\u00e9dure de ton propre \u00e9tablissement en raison d\u2019un possible conflit d\u2019int\u00e9r\u00eats. Merci de ta compr\u00e9hension.  <\/em><\/p>\n\n\n\n<p><strong>Tu n\u2019es pas s\u00fbr\u00b7e de remplir les crit\u00e8res pour une proc\u00e9dure ?<\/strong><\/p>\n\n\n\n<p>Envoie-nous quand m\u00eame ta candidature. Nous l\u2019examinerons et te donnerons ensuite un retour. <\/p>\n\n\n\n<h3 class=\"gb-headline gb-headline-8478d41f gb-headline-text\">Aucune proc\u00e9dure ne te correspond ?&nbsp;<\/h3>\n\n\n\n<p>Envoie-nous quand m\u00eame ton CV et nous te contacterons d\u00e8s qu\u2019une proc\u00e9dure adapt\u00e9e sera disponible. Nous nous r\u00e9jouissons de ton message ! <\/p>\n\n<\/div><\/div>\n<\/div>\n<\/div><\/div>\n<\/div>\n\n<div class=\"gb-container gb-container-77bfe3e0 gb-accordion__item\" data-transition=\"slide\">\n\n<button class=\"gb-button gb-button-b96b5224 gb-accordion__toggle\" id=\"gb-accordion-toggle-b96b5224\"><span class=\"gb-button-text\"><strong><strong>Proc\u00e9dure de candidature<\/strong><\/strong><\/span><span class=\"gb-icon\"><svg xmlns=\"http:\/\/www.w3.org\/2000\/svg\" viewbox=\"0 0 448 512\" width=\"1em\" height=\"1em\" aria-hidden=\"true\" role=\"img\" class=\"gb-accordion__icon\"><path d=\"M207.029 381.476L12.686 187.132c-9.373-9.373-9.373-24.569 0-33.941l22.667-22.667c9.357-9.357 24.522-9.375 33.901-.04L224 284.505l154.745-154.021c9.379-9.335 24.544-9.317 33.901.04l22.667 22.667c9.373 9.373 9.373 24.569 0 33.941L240.971 381.476c-9.373 9.372-24.569 9.372-33.942 0z\" fill=\"currentColor\"><\/path><\/svg><svg xmlns=\"http:\/\/www.w3.org\/2000\/svg\" viewbox=\"0 0 448 512\" width=\"1em\" height=\"1em\" aria-hidden=\"true\" role=\"img\" class=\"gb-accordion__icon-open\"><path d=\"M240.971 130.524l194.343 194.343c9.373 9.373 9.373 24.569 0 33.941l-22.667 22.667c-9.357 9.357-24.522 9.375-33.901.04L224 227.495 69.255 381.516c-9.379 9.335-24.544 9.317-33.901-.04l-22.667-22.667c-9.373-9.373-9.373-24.569 0-33.941L207.03 130.525c9.372-9.373 24.568-9.373 33.941-.001z\" fill=\"currentColor\"><\/path><\/svg><\/span><\/button>\n\n\n<div id=\"gb-accordion-content-caa16cde\" class=\"gb-accordion__content\"><div class=\"gb-container gb-container-caa16cde\">\n<div class=\"gb-grid-wrapper gb-grid-wrapper-23d3af9b\">\n<div class=\"gb-grid-column gb-grid-column-49093682\"><div class=\"gb-container gb-container-49093682\">\n\n<p>Pour ta candidature, un CV suffit ! Il n\u2019est pas n\u00e9cessaire de r\u00e9diger une lettre de motivation ; indique simplement bri\u00e8vement la proc\u00e9dure qui t\u2019int\u00e9resse.  <\/p>\n\n\n\n<p>Nous transmettrons ensuite ta candidature \u00e0 l\u2019agence comp\u00e9tente. L\u2019agence prend la d\u00e9cision finale concernant la repr\u00e9sentation \u00e9tudiante.  <\/p>\n\n\n\n<p>Nous nous r\u00e9jouissons de ta candidature ! <\/p>\n\n\n\n<a class=\"gb-button gb-button-e4993cfa gbp-button--primary\" href=\"mailto:qs-akkreditierung@vss-unes.ch\"><span class=\"gb-icon\"><svg xmlns=\"http:\/\/www.w3.org\/2000\/svg\" aria-hidden=\"true\" role=\"img\" height=\"1em\" width=\"1em\" viewbox=\"0 0 512 512\"><path fill=\"currentColor\" d=\"M464 64H48C21.49 64 0 85.49 0 112v288c0 26.51 21.49 48 48 48h416c26.51 0 48-21.49 48-48V112c0-26.51-21.49-48-48-48zm0 48v40.805c-22.422 18.259-58.168 46.651-134.587 106.49-16.841 13.247-50.201 45.072-73.413 44.701-23.208.375-56.579-31.459-73.413-44.701C106.18 199.465 70.425 171.067 48 152.805V112h416zM48 400V214.398c22.914 18.251 55.409 43.862 104.938 82.646 21.857 17.205 60.134 55.186 103.062 54.955 42.717.231 80.509-37.199 103.053-54.947 49.528-38.783 82.032-64.401 104.947-82.653V400H48z\"><\/path><\/svg><\/span><span class=\"gb-button-text\">Postuler maintenant<\/span><\/a>\n\n<\/div><\/div>\n<\/div>\n<\/div><\/div>\n<\/div>\n<\/div>\n<div style=\"height:70px\" aria-hidden=\"true\" class=\"wp-block-spacer\"><\/div>\n\n<div style=\"height:70px\" aria-hidden=\"true\" class=\"wp-block-spacer\"><\/div>\n<div class=\"gb-grid-wrapper gb-grid-wrapper-739e8f4b\">\n<div class=\"gb-grid-column gb-grid-column-fdde4d70\"><div class=\"gb-container gb-container-fdde4d70\">\n\n<h2 class=\"gb-headline gb-headline-7f42d28b\"><span class=\"gb-icon\"><svg xmlns=\"http:\/\/www.w3.org\/2000\/svg\" aria-hidden=\"true\" role=\"img\" height=\"1em\" width=\"1em\" viewbox=\"0 0 448 512\"><path fill=\"currentColor\" d=\"M448 360V24c0-13.3-10.7-24-24-24H96C43 0 0 43 0 96v320c0 53 43 96 96 96h328c13.3 0 24-10.7 24-24v-16c0-7.5-3.5-14.3-8.9-18.7-4.2-15.4-4.2-59.3 0-74.7 5.4-4.3 8.9-11.1 8.9-18.6zM128 134c0-3.3 2.7-6 6-6h212c3.3 0 6 2.7 6 6v20c0 3.3-2.7 6-6 6H134c-3.3 0-6-2.7-6-6v-20zm0 64c0-3.3 2.7-6 6-6h212c3.3 0 6 2.7 6 6v20c0 3.3-2.7 6-6 6H134c-3.3 0-6-2.7-6-6v-20zm253.4 250H96c-17.7 0-32-14.3-32-32 0-17.6 14.4-32 32-32h285.4c-1.9 17.1-1.9 46.9 0 64z\"><\/path><\/svg><\/span><span class=\"gb-headline-text\">Plus d&rsquo;informations<\/span><\/h2>\n\n\n\n<ul class=\"wp-block-list\">\n<li><a href=\"https:\/\/aaq.ch\/fr\/\">Agence suisse d&rsquo;accr\u00e9ditation et d&rsquo;assurance qualit\u00e9<\/a> <\/li>\n<\/ul>\n\n\n\n<ul class=\"wp-block-list\">\n<li><a href=\"https:\/\/www.bk.admin.ch\/ch\/f\/pore\/rf\/cr\/2019\/20192977.html\" data-type=\"link\" data-id=\"https:\/\/www.bk.admin.ch\/ch\/f\/pore\/rf\/cr\/2019\/20192977.html\">Cadre juridique : Lehe <\/a><\/li>\n<\/ul>\n\n<\/div><\/div>\n\n<div class=\"gb-grid-column gb-grid-column-b8d8002f\"><div class=\"gb-container gb-container-b8d8002f\">\n\n<h2 class=\"gb-headline gb-headline-5f26d168\"><span class=\"gb-icon\"><svg xmlns=\"http:\/\/www.w3.org\/2000\/svg\" aria-hidden=\"true\" role=\"img\" height=\"1em\" width=\"1em\" viewbox=\"0 0 512 512\"><path fill=\"currentColor\" d=\"M464 64H48C21.49 64 0 85.49 0 112v288c0 26.51 21.49 48 48 48h416c26.51 0 48-21.49 48-48V112c0-26.51-21.49-48-48-48zm0 48v40.805c-22.422 18.259-58.168 46.651-134.587 106.49-16.841 13.247-50.201 45.072-73.413 44.701-23.208.375-56.579-31.459-73.413-44.701C106.18 199.465 70.425 171.067 48 152.805V112h416zM48 400V214.398c22.914 18.251 55.409 43.862 104.938 82.646 21.857 17.205 60.134 55.186 103.062 54.955 42.717.231 80.509-37.199 103.053-54.947 49.528-38.783 82.032-64.401 104.947-82.653V400H48z\"><\/path><\/svg><\/span><span class=\"gb-headline-text\">Contact<\/span><\/h2>\n\n\n\n<div class=\"wp-block-group is-content-justification-center is-nowrap is-layout-flex wp-container-core-group-is-layout-94bc23d7 wp-block-group-is-layout-flex\">\n<p>Tu as des questions sur le r\u00f4le \u00e9tudiant, sur les proc\u00e9dures d\u2019accr\u00e9ditation ou sur les candidatures ? Alors contacte Elena, responsable du pool d\u2019accr\u00e9ditation (40 %) aupr\u00e8s de l\u2019UNES  <\/p>\n\n\n\n<figure class=\"gb-block-image gb-block-image-dd941928\"><img loading=\"lazy\" decoding=\"async\" width=\"210\" height=\"110\" class=\"gb-image gb-image-dd941928\" src=\"https:\/\/vss-unes.ch\/wp-content\/uploads\/2025\/08\/AQS-DE.png\" alt=\"\" title=\"AQS - DE\"><\/figure>\n<\/div>\n\n\n\n<a class=\"gb-button gb-button-34c7166b gbp-button--primary\" href=\"mailto:qs-akkreditierung@vss-unes.ch\"><span class=\"gb-icon\"><svg xmlns=\"http:\/\/www.w3.org\/2000\/svg\" aria-hidden=\"true\" role=\"img\" height=\"1em\" width=\"1em\" viewbox=\"0 0 512 512\"><path fill=\"currentColor\" d=\"M464 64H48C21.49 64 0 85.49 0 112v288c0 26.51 21.49 48 48 48h416c26.51 0 48-21.49 48-48V112c0-26.51-21.49-48-48-48zm0 48v40.805c-22.422 18.259-58.168 46.651-134.587 106.49-16.841 13.247-50.201 45.072-73.413 44.701-23.208.375-56.579-31.459-73.413-44.701C106.18 199.465 70.425 171.067 48 152.805V112h416zM48 400V214.398c22.914 18.251 55.409 43.862 104.938 82.646 21.857 17.205 60.134 55.186 103.062 54.955 42.717.231 80.509-37.199 103.053-54.947 49.528-38.783 82.032-64.401 104.947-82.653V400H48z\"><\/path><\/svg><\/span><span class=\"gb-button-text\">Contact<\/span><\/a>\n\n\n\n<p><\/p>\n\n<\/div><\/div>\n<\/div>\n<p><\/p>\n","protected":false},"excerpt":{"rendered":"<p>Les hautes \u00e9coles suisses sont r\u00e9guli\u00e8rement \u00e9valu\u00e9es quant \u00e0 la mani\u00e8re dont elles assurent la qualit\u00e9. Les proc\u00e9dures d\u2019assurance qualit\u00e9 et d\u2019accr\u00e9ditation visent \u00e0 examiner et \u00e0 d\u00e9velopper syst\u00e9matiquement ces &#8230; <a title=\"Recherche : \u00e9tudiant\u00b7e\u00b7s pour des proc\u00e9dures d\u2019accr\u00e9ditation\" class=\"read-more\" href=\"https:\/\/vss-unes.ch\/fr\/recherche-etudiant%c2%b7e%c2%b7s-pour-des-procedures-daccreditation\/\" aria-label=\"En savoir plus sur Recherche : \u00e9tudiant\u00b7e\u00b7s pour des proc\u00e9dures d\u2019accr\u00e9ditation\">Lire la suite<\/a><\/p>\n","protected":false},"author":1,"featured_media":0,"parent":0,"menu_order":0,"comment_status":"closed","ping_status":"closed","template":"","meta":{"_acf_changed":false,"inline_featured_image":false,"_EventAllDay":false,"_EventTimezone":"","_EventStartDate":"","_EventEndDate":"","_EventStartDateUTC":"","_EventEndDateUTC":"","_EventShowMap":false,"_EventShowMapLink":false,"_EventURL":"","_EventCost":"","_EventCostDescription":"","_EventCurrencySymbol":"","_EventCurrencyCode":"","_EventCurrencyPosition":"","_EventDateTimeSeparator":"","_EventTimeRangeSeparator":"","_EventOrganizerID":[],"_EventVenueID":[],"_OrganizerEmail":"","_OrganizerPhone":"","_OrganizerWebsite":"","_VenueAddress":"","_VenueCity":"","_VenueCountry":"","_VenueProvince":"","_VenueState":"","_VenueZip":"","_VenuePhone":"","_VenueURL":"","_VenueStateProvince":"","_VenueLat":"","_VenueLng":"","_VenueShowMap":false,"_VenueShowMapLink":false,"footnotes":"","_links_to":"","_links_to_target":""},"class_list":["post-21900","page","type-page","status-publish"],"acf":[],"_links":{"self":[{"href":"https:\/\/vss-unes.ch\/fr\/wp-json\/wp\/v2\/pages\/21900","targetHints":{"allow":["GET"]}}],"collection":[{"href":"https:\/\/vss-unes.ch\/fr\/wp-json\/wp\/v2\/pages"}],"about":[{"href":"https:\/\/vss-unes.ch\/fr\/wp-json\/wp\/v2\/types\/page"}],"author":[{"embeddable":true,"href":"https:\/\/vss-unes.ch\/fr\/wp-json\/wp\/v2\/users\/1"}],"replies":[{"embeddable":true,"href":"https:\/\/vss-unes.ch\/fr\/wp-json\/wp\/v2\/comments?post=21900"}],"version-history":[{"count":32,"href":"https:\/\/vss-unes.ch\/fr\/wp-json\/wp\/v2\/pages\/21900\/revisions"}],"predecessor-version":[{"id":24356,"href":"https:\/\/vss-unes.ch\/fr\/wp-json\/wp\/v2\/pages\/21900\/revisions\/24356"}],"wp:attachment":[{"href":"https:\/\/vss-unes.ch\/fr\/wp-json\/wp\/v2\/media?parent=21900"}],"curies":[{"name":"wp","href":"https:\/\/api.w.org\/{rel}","templated":true}]}}