{"id":23544,"date":"2026-01-20T12:05:47","date_gmt":"2026-01-20T11:05:47","guid":{"rendered":"https:\/\/vss-unes.ch\/etudiant%c2%b7e%c2%b7s-pour-des-procedures-daccreditation\/"},"modified":"2026-02-09T10:11:42","modified_gmt":"2026-02-09T09:11:42","slug":"etudiant%c2%b7e%c2%b7s-pour-des-procedures-daccreditation","status":"publish","type":"page","link":"https:\/\/vss-unes.ch\/fr\/etudiant%c2%b7e%c2%b7s-pour-des-procedures-daccreditation\/","title":{"rendered":"\u00c9tudiant\u00b7e\u00b7s pour des proc\u00e9dures d\u2019accr\u00e9ditation"},"content":{"rendered":"\n<div class=\"gb-headline gb-headline-e4668556 gb-headline-text gbp-section__text\"\/>\n\n<div class=\"wp-block-columns is-layout-flex wp-container-core-columns-is-layout-9d6595d7 wp-block-columns-is-layout-flex\">\n<div class=\"wp-block-column is-layout-flow wp-block-column-is-layout-flow\">\n<div class=\"gb-headline gb-headline-d2f1b440 gb-headline-text gbp-section__text\">Les hautes \u00e9coles suisses sont r\u00e9guli\u00e8rement \u00e9valu\u00e9es afin de v\u00e9rifier comment elles assurent la qualit\u00e9 des \u00e9tudes, de l\u2019enseignement et de leurs structures institutionnelles. Les accr\u00e9ditations confirment qu\u2019une haute \u00e9cole ou qu\u2019un programme d\u2019\u00e9tudes r\u00e9pond aux standards de qualit\u00e9. Dans la proc\u00e9dure d\u2019accr\u00e9ditation, une personne \u00e9tudiante fait \u00e9galement partie du groupe d\u2019expert\u00b7e\u00b7s \u2013 peut-\u00eatre bient\u00f4t toi ?  <\/div>\n<\/div>\n\n\n\n<div class=\"wp-block-column is-layout-flow wp-block-column-is-layout-flow\"><div class=\"gb-container gb-container-078b19ff gb-accordion\">\n<div class=\"gb-container gb-container-98eb77f0 gb-accordion__item gb-accordion__item-open\" data-transition=\"slide\">\n\n<button class=\"gb-button gb-button-e3d1e6b6 gb-accordion__toggle gb-block-is-current\" id=\"gb-accordion-toggle-e3d1e6b6\"><span class=\"gb-button-text\"><strong>Aucune exp\u00e9rience requise<\/strong><\/span><span class=\"gb-icon\"><svg xmlns=\"http:\/\/www.w3.org\/2000\/svg\" class=\"gb-accordion__icon\" aria-hidden=\"true\" height=\"1em\" width=\"1em\" viewbox=\"0 0 448 512\"><path fill=\"currentColor\" d=\"M207.029 381.476L12.686 187.132c-9.373-9.373-9.373-24.569 0-33.941l22.667-22.667c9.357-9.357 24.522-9.375 33.901-.04L224 284.505l154.745-154.021c9.379-9.335 24.544-9.317 33.901.04l22.667 22.667c9.373 9.373 9.373 24.569 0 33.941L240.971 381.476c-9.373 9.372-24.569 9.372-33.942 0z\"><\/path><\/svg><svg xmlns=\"http:\/\/www.w3.org\/2000\/svg\" class=\"gb-accordion__icon-open\" aria-hidden=\"true\" height=\"1em\" width=\"1em\" viewbox=\"0 0 448 512\"><path fill=\"currentColor\" d=\"M240.971 130.524l194.343 194.343c9.373 9.373 9.373 24.569 0 33.941l-22.667 22.667c-9.357 9.357-24.522 9.375-33.901.04L224 227.495 69.255 381.516c-9.379 9.335-24.544 9.317-33.901-.04l-22.667-22.667c-9.373-9.373-9.373-24.569 0-33.941L207.03 130.525c9.372-9.373 24.568-9.373 33.941-.001z\"><\/path><\/svg><\/span><\/button>\n\n\n<div id=\"gb-accordion-content-5712a57f\" class=\"gb-accordion__content\"><div class=\"gb-container gb-container-5712a57f\">\n\n<p>Aucune connaissance pr\u00e9alable n\u2019est n\u00e9cessaire \u2013 avec de l\u2019int\u00e9r\u00eat pour l\u2019\u00e9ducation, de la motivation et la formation de l&rsquo;UNES, tu es bien pr\u00e9par\u00e9\u00b7e. <br\/><br\/>Ensuite, tu seras int\u00e9gr\u00e9\u00b7e dans le pool d\u2019accr\u00e9ditation de l&rsquo;UNES, o\u00f9 tu recevras r\u00e9guli\u00e8rement des informations sur les proc\u00e9dures ouvertes en Suisse et \u00e0 l\u2019\u00e9tranger en Europe, auxquelles tu pourras postuler. <\/p>\n\n<\/div><\/div>\n<\/div>\n<\/div>\n\n<div class=\"gb-container gb-container-8b3ff3f1 gb-accordion\">\n<div class=\"gb-container gb-container-c2e653ed gb-accordion__item gb-accordion__item-open\" data-transition=\"slide\">\n\n<button class=\"gb-button gb-button-dc127724 gb-accordion__toggle gb-block-is-current\" id=\"gb-accordion-toggle-dc127724\"><span class=\"gb-button-text\"><strong>Tes avantages<\/strong><\/span><span class=\"gb-icon\"><svg xmlns=\"http:\/\/www.w3.org\/2000\/svg\" viewbox=\"0 0 448 512\" width=\"1em\" height=\"1em\" aria-hidden=\"true\" role=\"img\" class=\"gb-accordion__icon\"><path d=\"M207.029 381.476L12.686 187.132c-9.373-9.373-9.373-24.569 0-33.941l22.667-22.667c9.357-9.357 24.522-9.375 33.901-.04L224 284.505l154.745-154.021c9.379-9.335 24.544-9.317 33.901.04l22.667 22.667c9.373 9.373 9.373 24.569 0 33.941L240.971 381.476c-9.373 9.372-24.569 9.372-33.942 0z\" fill=\"currentColor\"><\/path><\/svg><svg xmlns=\"http:\/\/www.w3.org\/2000\/svg\" viewbox=\"0 0 448 512\" width=\"1em\" height=\"1em\" aria-hidden=\"true\" role=\"img\" class=\"gb-accordion__icon-open\"><path d=\"M240.971 130.524l194.343 194.343c9.373 9.373 9.373 24.569 0 33.941l-22.667 22.667c-9.357 9.357-24.522 9.375-33.901.04L224 227.495 69.255 381.516c-9.379 9.335-24.544 9.317-33.901-.04l-22.667-22.667c-9.373-9.373-9.373-24.569 0-33.941L207.03 130.525c9.372-9.373 24.568-9.373 33.941-.001z\" fill=\"currentColor\"><\/path><\/svg><\/span><\/button>\n\n\n<div id=\"gb-accordion-content-a7ec5101\" class=\"gb-accordion__content\"><div class=\"gb-container gb-container-a7ec5101\">\n\n<p><strong>Ton engagement pour la qualit\u00e9 des hautes \u00e9coles<\/strong> <\/p>\n\n\n\n<ul class=\"wp-block-list\">\n<li>Un aper\u00e7u passionnant de l\u2019assurance qualit\u00e9 et du d\u00e9veloppement des hautes \u00e9coles <\/li>\n<\/ul>\n\n\n\n<ul class=\"wp-block-list\">\n<li>D\u00e9couverte d\u2019autres hautes \u00e9coles <\/li>\n<\/ul>\n\n\n\n<ul class=\"wp-block-list\">\n<li>Possibilit\u00e9 de t\u2019engager pour un enseignement de qualit\u00e9 <\/li>\n<\/ul>\n\n\n\n<p>Une r\u00e9mun\u00e9ration tr\u00e8s \u00e9quitable par proc\u00e9dure (CHF 1&rsquo;200\u20132&rsquo;400) <\/p>\n\n<\/div><\/div>\n<\/div>\n<\/div>\n\n\n<a class=\"gb-button gb-button-15532e6e gb-button-text gbp-button--primary\" href=\"https:\/\/vss-unes.ch\/fr\/recherche-etudiant%c2%b7e%c2%b7s-pour-des-procedures-daccreditation\/\">Participer<\/a>\n<\/div>\n<\/div>\n\n<p><\/p>\n","protected":false},"excerpt":{"rendered":"<p>Les hautes \u00e9coles suisses sont r\u00e9guli\u00e8rement \u00e9valu\u00e9es afin de v\u00e9rifier comment elles assurent la qualit\u00e9 des \u00e9tudes, de l\u2019enseignement et de leurs structures institutionnelles. Les accr\u00e9ditations confirment qu\u2019une haute \u00e9cole &#8230; <a title=\"\u00c9tudiant\u00b7e\u00b7s pour des proc\u00e9dures d\u2019accr\u00e9ditation\" class=\"read-more\" href=\"https:\/\/vss-unes.ch\/fr\/etudiant%c2%b7e%c2%b7s-pour-des-procedures-daccreditation\/\" aria-label=\"En savoir plus sur \u00c9tudiant\u00b7e\u00b7s pour des proc\u00e9dures d\u2019accr\u00e9ditation\">Lire la suite<\/a><\/p>\n","protected":false},"author":3,"featured_media":0,"parent":0,"menu_order":0,"comment_status":"closed","ping_status":"closed","template":"","meta":{"_acf_changed":false,"inline_featured_image":false,"_EventAllDay":false,"_EventTimezone":"","_EventStartDate":"","_EventEndDate":"","_EventStartDateUTC":"","_EventEndDateUTC":"","_EventShowMap":false,"_EventShowMapLink":false,"_EventURL":"","_EventCost":"","_EventCostDescription":"","_EventCurrencySymbol":"","_EventCurrencyCode":"","_EventCurrencyPosition":"","_EventDateTimeSeparator":"","_EventTimeRangeSeparator":"","_EventOrganizerID":[],"_EventVenueID":[],"_OrganizerEmail":"","_OrganizerPhone":"","_OrganizerWebsite":"","_VenueAddress":"","_VenueCity":"","_VenueCountry":"","_VenueProvince":"","_VenueState":"","_VenueZip":"","_VenuePhone":"","_VenueURL":"","_VenueStateProvince":"","_VenueLat":"","_VenueLng":"","_VenueShowMap":false,"_VenueShowMapLink":false,"footnotes":"","_links_to":"","_links_to_target":""},"class_list":["post-23544","page","type-page","status-publish"],"acf":[],"_links":{"self":[{"href":"https:\/\/vss-unes.ch\/fr\/wp-json\/wp\/v2\/pages\/23544","targetHints":{"allow":["GET"]}}],"collection":[{"href":"https:\/\/vss-unes.ch\/fr\/wp-json\/wp\/v2\/pages"}],"about":[{"href":"https:\/\/vss-unes.ch\/fr\/wp-json\/wp\/v2\/types\/page"}],"author":[{"embeddable":true,"href":"https:\/\/vss-unes.ch\/fr\/wp-json\/wp\/v2\/users\/3"}],"replies":[{"embeddable":true,"href":"https:\/\/vss-unes.ch\/fr\/wp-json\/wp\/v2\/comments?post=23544"}],"version-history":[{"count":3,"href":"https:\/\/vss-unes.ch\/fr\/wp-json\/wp\/v2\/pages\/23544\/revisions"}],"predecessor-version":[{"id":23547,"href":"https:\/\/vss-unes.ch\/fr\/wp-json\/wp\/v2\/pages\/23544\/revisions\/23547"}],"wp:attachment":[{"href":"https:\/\/vss-unes.ch\/fr\/wp-json\/wp\/v2\/media?parent=23544"}],"curies":[{"name":"wp","href":"https:\/\/api.w.org\/{rel}","templated":true}]}}