{"id":24071,"date":"2026-02-20T10:05:33","date_gmt":"2026-02-20T09:05:33","guid":{"rendered":"https:\/\/vss-unes.ch\/postes-vacants\/"},"modified":"2026-02-20T10:17:01","modified_gmt":"2026-02-20T09:17:01","slug":"postes-vacants","status":"publish","type":"page","link":"https:\/\/vss-unes.ch\/fr\/postes-vacants\/","title":{"rendered":"Postes vacants"},"content":{"rendered":"\n<p><\/p>\n\n<h2 class=\"gb-headline gb-headline-37b3bcd2 gb-headline-text gbp-section__headline\">Postes vacants<\/h2>\n\n<div class=\"gb-grid-wrapper gb-grid-wrapper-2e75a34d gb-query-loop-wrapper\">\n<div class=\"gb-grid-column gb-grid-column-9e278282 gb-query-loop-item post-24384 ausschreibungen type-ausschreibungen status-publish hentry\"><div class=\"gb-container gb-container-9e278282\"><a class=\"gb-container-link\" href=\"https:\/\/vss-unes.ch\/wp-content\/uploads\/2026\/04\/4.b_f_appel_comiteaugust-1.pdf\"><\/a>\n\n<p class=\"gb-headline gb-headline-669ee918 gb-headline-text custom_non_underline\">Poste vacant<\/p>\n\n\n<h2 class=\"gb-headline gb-headline-f46368d0 gbp-section__headline gb-headline-text\">Appel \u00e0 candidatures pour un mandat au sein du comit\u00e9 ex\u00e9cutif de l&rsquo;UNES (env. 30%) \u00e0 partir d&rsquo;ao\u00fbt 2026<\/h2>\n\n<div class=\"gb-headline gb-headline-762b7057 gbp-section__headline gb-headline-text gbp-section__text\">En tant que membre du comit\u00e9, tu es responsable du travail strat\u00e9gique de l&rsquo;UNES et tu repr\u00e9sentes les <br>int\u00e9r\u00eats des \u00e9tudiant\u00b7e\u00b7s de Suisse vis-\u00e0-vis de la politique et de la soci\u00e9t\u00e9. En outre, tu g\u00e8res de mani\u00e8re <br>autonome ton propre ressort et entretiens des contacts avec les diff\u00e9rentes associations d&rsquo;\u00e9tudiant\u00b7e\u00b7s <br>de Suisse ainsi qu&rsquo;avec nos partenaires politiques et sociaux.  Vous travaillez au sein d&rsquo;une \u00e9quipe de sept personnes et \u00eates soutenu par un co-secr\u00e9tariat g\u00e9n\u00e9ral et un secr\u00e9tariat.<\/div>\n<\/div><\/div>\n\n<div class=\"gb-grid-column gb-grid-column-9e278282 gb-query-loop-item post-24379 ausschreibungen type-ausschreibungen status-publish hentry\"><div class=\"gb-container gb-container-9e278282\"><a class=\"gb-container-link\" href=\"https:\/\/vss-unes.ch\/wp-content\/uploads\/2026\/04\/4.b_f_appel_comiteaugust.pdf\"><\/a>\n\n<p class=\"gb-headline gb-headline-669ee918 gb-headline-text custom_non_underline\">Poste vacant<\/p>\n\n\n<h2 class=\"gb-headline gb-headline-f46368d0 gbp-section__headline gb-headline-text\">Appel \u00e0 candidatures pour un mandat au sein du comit\u00e9 ex\u00e9cutif de l&rsquo;UNES (env. 30%) \u00e0 partir d&rsquo;ao\u00fbt 2026<\/h2>\n\n<div class=\"gb-headline gb-headline-762b7057 gbp-section__headline gb-headline-text gbp-section__text\">En tant que membre du comit\u00e9, tu es responsable du travail strat\u00e9gique de l&rsquo;UNES et tu repr\u00e9sentes les <br>int\u00e9r\u00eats des \u00e9tudiant\u00b7e\u00b7s de Suisse vis-\u00e0-vis de la politique et de la soci\u00e9t\u00e9. En outre, tu g\u00e8res de mani\u00e8re <br>autonome ton propre ressort et entretiens des contacts avec les diff\u00e9rentes associations d&rsquo;\u00e9tudiant\u00b7e\u00b7s <br>de Suisse ainsi qu&rsquo;avec nos partenaires politiques et sociaux.  Vous travaillez au sein d&rsquo;une \u00e9quipe de sept personnes et \u00eates soutenu par un co-secr\u00e9tariat g\u00e9n\u00e9ral et un secr\u00e9tariat.<\/div>\n<\/div><\/div>\n\n<div class=\"gb-grid-column gb-grid-column-9e278282 gb-query-loop-item post-24375 ausschreibungen type-ausschreibungen status-publish hentry\"><div class=\"gb-container gb-container-9e278282\"><a class=\"gb-container-link\" href=\"https:\/\/vss-unes.ch\/wp-content\/uploads\/2026\/04\/4.b_f_appel_comite_mai26.pdf\"><\/a>\n\n<p class=\"gb-headline gb-headline-669ee918 gb-headline-text custom_non_underline\">Poste vacant<\/p>\n\n\n<h2 class=\"gb-headline gb-headline-f46368d0 gbp-section__headline gb-headline-text\">Appel \u00e0 candidatures pour un mandat au sein du comit\u00e9 ex\u00e9cutif de <br>l\u2019UNES (env. 30%) \u00e0 partir de mai 2026<\/h2>\n\n<div class=\"gb-headline gb-headline-762b7057 gbp-section__headline gb-headline-text gbp-section__text\">En tant que membre du comit\u00e9, tu es responsable du travail strat\u00e9gique de l&rsquo;UNES et tu repr\u00e9sentes les <br>int\u00e9r\u00eats des \u00e9tudiant\u00b7e\u00b7s de Suisse vis-\u00e0-vis de la politique et de la soci\u00e9t\u00e9. En outre, tu g\u00e8res de mani\u00e8re <br>autonome ton propre ressort et entretiens des contacts avec les diff\u00e9rentes associations d&rsquo;\u00e9tudiant\u00b7e\u00b7s <br>de Suisse ainsi qu&rsquo;avec nos partenaires politiques et sociaux.  Tu travailles dans une \u00e9quipe de sept <br>personnes et tu es soutenu\u00b7e par un co-secr\u00e9tariat g\u00e9n\u00e9ral. <\/div>\n<\/div><\/div>\n\n<div class=\"gb-grid-column gb-grid-column-9e278282 gb-query-loop-item post-24369 ausschreibungen type-ausschreibungen status-publish hentry\"><div class=\"gb-container gb-container-9e278282\"><a class=\"gb-container-link\" href=\"https:\/\/vss-unes.ch\/wp-content\/uploads\/2026\/04\/5.4.1_d_CodEg.pdf\"><\/a>\n\n<p class=\"gb-headline gb-headline-669ee918 gb-headline-text custom_non_underline\">Poste vacant<\/p>\n\n\n<h2 class=\"gb-headline gb-headline-f46368d0 gbp-section__headline gb-headline-text\">Appel \u00e0 candidatures pour la co-pr\u00e9sidence de la commission pour l\u2019\u00e9galit\u00e9 (CodEg) de l&rsquo;UNES<\/h2>\n\n<div class=\"gb-headline gb-headline-762b7057 gbp-section__headline gb-headline-text gbp-section__text\">La co-pr\u00e9sidence de la CodEg est une fonction b\u00e9n\u00e9vole passionnante. Tu es responsable de la coordination, de la direction et de la pr\u00e9paration des r\u00e9unions de la commission (environ 10 par an) et tu repr\u00e9sentes la commission \u00e0 l&rsquo;int\u00e9rieur et \u00e0 l&rsquo;ext\u00e9rieur de l&rsquo;union. La co-pr\u00e9sidence de la commission travaille en \u00e9troite collaboration avec le ou la membre du comit\u00e9 ex\u00e9cutif et le co-secr\u00e9tariat g\u00e9n\u00e9ral et si\u00e8ge dans les organes l\u00e9gislatifs de l&rsquo;UNES. En outre, les co-pr\u00e9sident\u00b7e\u00b7s de toutes les commissions th\u00e9matiques se rencontrent r\u00e9guli\u00e8rement (environ 4 fois par an) afin d&rsquo;\u00e9changer leurs points de vue et d&rsquo;exploiter les synergies.    <\/div>\n<\/div><\/div>\n\n<div class=\"gb-grid-column gb-grid-column-9e278282 gb-query-loop-item post-24365 ausschreibungen type-ausschreibungen status-publish hentry\"><div class=\"gb-container gb-container-9e278282\"><a class=\"gb-container-link\" href=\"https:\/\/vss-unes.ch\/wp-content\/uploads\/2026\/04\/5.4.4_f_SoKo.pdf\"><\/a>\n\n<p class=\"gb-headline gb-headline-669ee918 gb-headline-text custom_non_underline\">Poste vacant<\/p>\n\n\n<h2 class=\"gb-headline gb-headline-f46368d0 gbp-section__headline gb-headline-text\">Appel \u00e0 candidatures pour la Co-pr\u00e9sidence de la Commission pour les affaires sociales (SoKo) de l&rsquo;UNES<\/h2>\n\n<div class=\"gb-headline gb-headline-762b7057 gbp-section__headline gb-headline-text gbp-section__text\">La co-pr\u00e9sidence de la SoKo est une fonction b\u00e9n\u00e9vole passionnante. Tu es responsable de la coordination, de la direction et de la pr\u00e9paration des r\u00e9unions de la commission (environ 10 par an) et tu repr\u00e9sentes la commission \u00e0 l&rsquo;int\u00e9rieur et \u00e0 l&rsquo;ext\u00e9rieur de l&rsquo;union. La co-pr\u00e9sidence de la commission travaille en \u00e9troite collaboration avec le ou la membre du comit\u00e9 ex\u00e9cutif et le co-secr\u00e9tariat g\u00e9n\u00e9ral et si\u00e8ge dans les organes l\u00e9gislatifs de l&rsquo;UNES. En outre, les co-pr\u00e9sident\u00b7e\u00b7s de toutes les commissions th\u00e9matiques se rencontrent r\u00e9guli\u00e8rement (environ 4 fois par an) afin d&rsquo;\u00e9changer leurs points de vue et d&rsquo;exploiter les synergies.    <\/div>\n<\/div><\/div>\n\n<div class=\"gb-grid-column gb-grid-column-9e278282 gb-query-loop-item post-20804 ausschreibungen type-ausschreibungen status-publish hentry\"><div class=\"gb-container gb-container-9e278282\"><a class=\"gb-container-link\" href=\"https:\/\/vss-unes.ch\/wp-content\/uploads\/2025\/07\/5.4.2_f_SOLIC-1.pdf\"><\/a>\n\n<p class=\"gb-headline gb-headline-669ee918 gb-headline-text custom_non_underline\">Poste vacant<\/p>\n\n\n<h2 class=\"gb-headline gb-headline-f46368d0 gbp-section__headline gb-headline-text\">Appel \u00e0 candidature pour la copr\u00e9sidence de la Commission <br>internationale et de solidarit\u00e9 (SOLIC) de l\u2019UNES<\/h2>\n\n<div class=\"gb-headline gb-headline-762b7057 gbp-section__headline gb-headline-text gbp-section__text\">La copr\u00e9sidence de la SOLIC est une fonction b\u00e9n\u00e9vole passionnante. Vous \u00eates responsable de la <br>coordination, de la direction et de la pr\u00e9paration des r\u00e9unions de la commission (environ 10 par an) et <br>vous repr\u00e9sentez la commission \u00e0 l&rsquo;int\u00e9rieur et \u00e0 l&rsquo;ext\u00e9rieur de l&rsquo;union. La pr\u00e9sidence de la commission <br>travaille en \u00e9troite collaboration avec le ou la membre du comit\u00e9 ex\u00e9cutif et le co-secr\u00e9tariat g\u00e9n\u00e9ral et <br>si\u00e8ge dans les organes l\u00e9gislatifs de l&rsquo;UNES. En outre, les pr\u00e9sident\u00b7e\u00b7s de toutes les commissions <br>th\u00e9matiques se rencontrent r\u00e9guli\u00e8rement (environ 4 fois par an) afin d&rsquo;\u00e9changer leurs points de vue <br>et d&rsquo;exploiter les synergies.   <\/div>\n<\/div><\/div>\n<\/div>\n<div class=\"gb-container gb-container-ba6b59e5\">\n\n<a class=\"gb-button gb-button-67c7f20c gbp-button--primary\" href=\"mailto:info@vss-unes.ch?subject=Bewerbung%20beim%20VSS\"><span class=\"gb-icon\"><svg xmlns=\"http:\/\/www.w3.org\/2000\/svg\" aria-hidden=\"true\" role=\"img\" height=\"1em\" width=\"1em\" viewbox=\"0 0 512 512\"><path fill=\"currentColor\" d=\"M464 64H48C21.49 64 0 85.49 0 112v288c0 26.51 21.49 48 48 48h416c26.51 0 48-21.49 48-48V112c0-26.51-21.49-48-48-48zm0 48v40.805c-22.422 18.259-58.168 46.651-134.587 106.49-16.841 13.247-50.201 45.072-73.413 44.701-23.208.375-56.579-31.459-73.413-44.701C106.18 199.465 70.425 171.067 48 152.805V112h416zM48 400V214.398c22.914 18.251 55.409 43.862 104.938 82.646 21.857 17.205 60.134 55.186 103.062 54.955 42.717.231 80.509-37.199 103.053-54.947 49.528-38.783 82.032-64.401 104.947-82.653V400H48z\"><\/path><\/svg><\/span><span class=\"gb-button-text\">Postuler<\/span><\/a>\n\n<\/div>\n<p><\/p>\n","protected":false},"excerpt":{"rendered":"<p>Postes vacants<\/p>\n","protected":false},"author":3,"featured_media":0,"parent":0,"menu_order":0,"comment_status":"closed","ping_status":"closed","template":"","meta":{"_acf_changed":false,"inline_featured_image":false,"_EventAllDay":false,"_EventTimezone":"","_EventStartDate":"","_EventEndDate":"","_EventStartDateUTC":"","_EventEndDateUTC":"","_EventShowMap":false,"_EventShowMapLink":false,"_EventURL":"","_EventCost":"","_EventCostDescription":"","_EventCurrencySymbol":"","_EventCurrencyCode":"","_EventCurrencyPosition":"","_EventDateTimeSeparator":"","_EventTimeRangeSeparator":"","_EventOrganizerID":[],"_EventVenueID":[],"_OrganizerEmail":"","_OrganizerPhone":"","_OrganizerWebsite":"","_VenueAddress":"","_VenueCity":"","_VenueCountry":"","_VenueProvince":"","_VenueState":"","_VenueZip":"","_VenuePhone":"","_VenueURL":"","_VenueStateProvince":"","_VenueLat":"","_VenueLng":"","_VenueShowMap":false,"_VenueShowMapLink":false,"footnotes":"","_links_to":"","_links_to_target":""},"class_list":["post-24071","page","type-page","status-publish"],"acf":[],"_links":{"self":[{"href":"https:\/\/vss-unes.ch\/fr\/wp-json\/wp\/v2\/pages\/24071","targetHints":{"allow":["GET"]}}],"collection":[{"href":"https:\/\/vss-unes.ch\/fr\/wp-json\/wp\/v2\/pages"}],"about":[{"href":"https:\/\/vss-unes.ch\/fr\/wp-json\/wp\/v2\/types\/page"}],"author":[{"embeddable":true,"href":"https:\/\/vss-unes.ch\/fr\/wp-json\/wp\/v2\/users\/3"}],"replies":[{"embeddable":true,"href":"https:\/\/vss-unes.ch\/fr\/wp-json\/wp\/v2\/comments?post=24071"}],"version-history":[{"count":1,"href":"https:\/\/vss-unes.ch\/fr\/wp-json\/wp\/v2\/pages\/24071\/revisions"}],"predecessor-version":[{"id":24072,"href":"https:\/\/vss-unes.ch\/fr\/wp-json\/wp\/v2\/pages\/24071\/revisions\/24072"}],"wp:attachment":[{"href":"https:\/\/vss-unes.ch\/fr\/wp-json\/wp\/v2\/media?parent=24071"}],"curies":[{"name":"wp","href":"https:\/\/api.w.org\/{rel}","templated":true}]}}