{"id":4321,"date":"2024-12-30T13:15:23","date_gmt":"2024-12-30T12:15:23","guid":{"rendered":"https:\/\/vss.michaelschaedler.li\/declarations-reponses-a-la-consultation\/"},"modified":"2025-07-04T17:18:13","modified_gmt":"2025-07-04T15:18:13","slug":"stellungnahmen-vernehmlassungsantworten","status":"publish","type":"page","link":"https:\/\/vss-unes.ch\/fr\/stellungnahmen-vernehmlassungsantworten\/","title":{"rendered":"D\u00e9clarations \/ R\u00e9ponses \u00e0 la consultation"},"content":{"rendered":"<section class=\"gb-container gb-container-46287441\">\n<div class=\"gb-container gb-container-2a48dc36 gbp-section\">\n\n<h1 class=\"gb-headline gb-headline-1512e882 gb-headline-text gbp-section__headline\">D\u00e9clarations \/ R\u00e9ponses \u00e0 la consultation<\/h1>\n\n<\/div>\n<\/section><section class=\"gb-container gb-container-16a78ac9 gbp-section\">\n<div class=\"gb-container gb-container-d69102b0 gbp-section__inner\">\n<div class=\"gb-container gb-container-79f0363f\">\n<div class=\"gb-container gb-container-07cd75d9\">\n\n<div class=\"gb-grid-wrapper gb-grid-wrapper-906b279d gb-query-loop-wrapper\">\n<div class=\"gb-grid-column gb-grid-column-af3e6352 gb-query-loop-item post-22784 post type-post status-publish format-standard hentry category-stellungnahme-fr\"><div class=\"gb-container gb-container-af3e6352\"><a class=\"gb-container-link\" href=\"https:\/\/vss-unes.ch\/fr\/stellungnahme-zur-aenderung-des-obligationenrechts-verlaengerung-des-jugendurlaubs-fuer-ausserschulische-jugendarbeit-vernehmlassung-2024-94\/\"><\/a>\n<div class=\"has-text-align-right wp-block-post-date\"><time datetime=\"2025-09-17T12:11:00+02:00\">17. septembre 2025<\/time><\/div>\n\n<p class=\"gb-headline gb-headline-5933f2ba custom_non_underline gb-headline-text\"><span class=\"post-term-item term-stellungnahme-fr\"><a href=\"https:\/\/vss-unes.ch\/fr\/category\/stellungnahme-fr\/\">D\u00e9clarations<\/a><\/span><\/p>\n\n<h2 class=\"gb-headline gb-headline-3a73c4a6 gbp-section__headline gb-headline-text\">Stellungnahme zur \u00c4nderung des Obligationenrechts (Verl\u00e4ngerung des Jugendurlaubs f\u00fcr ausserschulische Jugendarbeit), Vernehmlassung 2024\/94<\/h2>\n\n<div class=\"gb-headline gb-headline-68c60af9 gb-headline-text\">Sehr geehrter Herr Bundesrat Jans Sehr geehrte Damen und Herren Der Verband der der Schweizer Studierendenschaften (VSS) dankt Ihnen f\u00fcr die M\u00f6glichkeit zur Stellungnahme. Wir begr\u00fcssen die vorgeschlagene \u00c4nderung des &#8230; <a title=\"Stellungnahme zur \u00c4nderung des Obligationenrechts (Verl\u00e4ngerung des Jugendurlaubs f\u00fcr ausserschulische Jugendarbeit), Vernehmlassung 2024\/94\" class=\"read-more\" href=\"https:\/\/vss-unes.ch\/fr\/stellungnahme-zur-aenderung-des-obligationenrechts-verlaengerung-des-jugendurlaubs-fuer-ausserschulische-jugendarbeit-vernehmlassung-2024-94\/\" aria-label=\"En savoir plus sur Stellungnahme zur \u00c4nderung des Obligationenrechts (Verl\u00e4ngerung des Jugendurlaubs f\u00fcr ausserschulische Jugendarbeit), Vernehmlassung 2024\/94\">Lire la suite<\/a><\/div>\n<\/div><\/div>\n\n<div class=\"gb-grid-column gb-grid-column-af3e6352 gb-query-loop-item post-22567 post type-post status-publish format-standard hentry category-stellungnahme-fr\"><div class=\"gb-container gb-container-af3e6352\"><a class=\"gb-container-link\" href=\"https:\/\/vss-unes.ch\/fr\/prise-de-position-de-lunion-des-etudiant-e-s-de-suisse-unes-concernant-le-contre-projet-indirect-a-linitiative-pour-linclusion\/\"><\/a>\n<div class=\"has-text-align-right wp-block-post-date\"><time datetime=\"2025-09-10T11:54:00+02:00\">10. septembre 2025<\/time><\/div>\n\n<p class=\"gb-headline gb-headline-5933f2ba custom_non_underline gb-headline-text\"><span class=\"post-term-item term-stellungnahme-fr\"><a href=\"https:\/\/vss-unes.ch\/fr\/category\/stellungnahme-fr\/\">D\u00e9clarations<\/a><\/span><\/p>\n\n<h2 class=\"gb-headline gb-headline-3a73c4a6 gbp-section__headline gb-headline-text\">Prise de position sur le contre-projet \u00e0 l&rsquo;initiative sur l&rsquo;inclusion<\/h2>\n\n<div class=\"gb-headline gb-headline-68c60af9 gb-headline-text\">Madame la Conseill\u00e8re f\u00e9d\u00e9rale, Mesdames, Messieurs, Nous vous remercions de nous avoir donn\u00e9 la possibilit\u00e9 de prendre position dans le cadre de la proc\u00e9dure de consultation sur le contre-projet indirect &#8230; <a title=\"Prise de position sur le contre-projet \u00e0 l&rsquo;initiative sur l&rsquo;inclusion\" class=\"read-more\" href=\"https:\/\/vss-unes.ch\/fr\/prise-de-position-de-lunion-des-etudiant-e-s-de-suisse-unes-concernant-le-contre-projet-indirect-a-linitiative-pour-linclusion\/\" aria-label=\"En savoir plus sur Prise de position sur le contre-projet \u00e0 l&rsquo;initiative sur l&rsquo;inclusion\">Lire la suite<\/a><\/div>\n<\/div><\/div>\n\n<div class=\"gb-grid-column gb-grid-column-af3e6352 gb-query-loop-item post-21717 post type-post status-publish format-standard hentry category-stellungnahme-fr\"><div class=\"gb-container gb-container-af3e6352\"><a class=\"gb-container-link\" href=\"https:\/\/vss-unes.ch\/fr\/programme-dallegement-budgetaire-2027\/\"><\/a>\n<div class=\"has-text-align-right wp-block-post-date\"><time datetime=\"2025-05-04T09:58:40+02:00\">4. mai 2025<\/time><\/div>\n\n<p class=\"gb-headline gb-headline-5933f2ba custom_non_underline gb-headline-text\"><span class=\"post-term-item term-stellungnahme-fr\"><a href=\"https:\/\/vss-unes.ch\/fr\/category\/stellungnahme-fr\/\">D\u00e9clarations<\/a><\/span><\/p>\n\n<h2 class=\"gb-headline gb-headline-3a73c4a6 gbp-section__headline gb-headline-text\">Programme d\u2019all\u00e9gement budg\u00e9taire 2027<\/h2>\n\n<div class=\"gb-headline gb-headline-68c60af9 gb-headline-text\">4 mai 2025 L&rsquo;Union des \u00e9tudiant-e-s de Suisse (UNES) est fermement convaincue que des mesures d&rsquo;\u00e9conomie \u00e0 court terme dans le domaine de la formation mineront \u00e0 long terme la &#8230; <a title=\"Programme d\u2019all\u00e9gement budg\u00e9taire 2027\" class=\"read-more\" href=\"https:\/\/vss-unes.ch\/fr\/programme-dallegement-budgetaire-2027\/\" aria-label=\"En savoir plus sur Programme d\u2019all\u00e9gement budg\u00e9taire 2027\">Lire la suite<\/a><\/div>\n<\/div><\/div>\n\n<div class=\"gb-grid-column gb-grid-column-af3e6352 gb-query-loop-item post-22786 post type-post status-publish format-link hentry category-stellungnahme-fr post_format-post-format-link\"><div class=\"gb-container gb-container-af3e6352\"><a class=\"gb-container-link\" href=\"https:\/\/vss-unes.ch\/fr\/positionspapier-der-kommissionen-hopoko-und-solic-des-verbandes-der-schweizer-studierendenschaften-zu-den-studierendenprotesten-vom-mai-2024\/\"><\/a>\n<div class=\"has-text-align-right wp-block-post-date\"><time datetime=\"2024-12-11T11:13:00+01:00\">11. d\u00e9cembre 2024<\/time><\/div>\n\n<p class=\"gb-headline gb-headline-5933f2ba custom_non_underline gb-headline-text\"><span class=\"post-term-item term-stellungnahme-fr\"><a href=\"https:\/\/vss-unes.ch\/fr\/category\/stellungnahme-fr\/\">D\u00e9clarations<\/a><\/span><\/p>\n\n<h2 class=\"gb-headline gb-headline-3a73c4a6 gbp-section__headline gb-headline-text\">Positionspapier der Kommissionen HopoKo und SOLIC des Verbandes der Schweizer Studierendenschaften zu den Studierendenprotesten vom Mai 2024<\/h2>\n\n<div class=\"gb-headline gb-headline-68c60af9 gb-headline-text\">11.12.2024 Das Leid der Zivilbev\u00f6lkerung in Israel und Pal\u00e4stina bewegen die Menschen weltweit. Zweifelsohne kann im Nachgang der Ereignisse vom 07.10.2023 von einer andauernden, menschengemachten hu-manit\u00e4ren Krise im Gazastreifen sowie &#8230; <a title=\"Positionspapier der Kommissionen HopoKo und SOLIC des Verbandes der Schweizer Studierendenschaften zu den Studierendenprotesten vom Mai 2024\" class=\"read-more\" href=\"https:\/\/vss-unes.ch\/fr\/positionspapier-der-kommissionen-hopoko-und-solic-des-verbandes-der-schweizer-studierendenschaften-zu-den-studierendenprotesten-vom-mai-2024\/\" aria-label=\"En savoir plus sur Positionspapier der Kommissionen HopoKo und SOLIC des Verbandes der Schweizer Studierendenschaften zu den Studierendenprotesten vom Mai 2024\">Lire la suite<\/a><\/div>\n<\/div><\/div>\n\n<div class=\"gb-grid-column gb-grid-column-af3e6352 gb-query-loop-item post-22824 post type-post status-publish format-standard hentry category-stellungnahme-fr\"><div class=\"gb-container gb-container-af3e6352\"><a class=\"gb-container-link\" href=\"https:\/\/vss-unes.ch\/fr\/lettre-ouverte-sur-la-gestion-des-conflits-geopolitiques-dans-les-universites-suisses-2\/\"><\/a>\n<div class=\"has-text-align-right wp-block-post-date\"><time datetime=\"2024-01-24T08:28:00+01:00\">24. janvier 2024<\/time><\/div>\n\n<p class=\"gb-headline gb-headline-5933f2ba custom_non_underline gb-headline-text\"><span class=\"post-term-item term-stellungnahme-fr\"><a href=\"https:\/\/vss-unes.ch\/fr\/category\/stellungnahme-fr\/\">D\u00e9clarations<\/a><\/span><\/p>\n\n<h2 class=\"gb-headline gb-headline-3a73c4a6 gbp-section__headline gb-headline-text\">Lettre ouverte sur la gestion des conflits g\u00e9opolitiques dans les universit\u00e9s suisses<\/h2>\n\n<div class=\"gb-headline gb-headline-68c60af9 gb-headline-text\">Position sur la gestion des conflits g\u00e9opolitiques dans les universit\u00e9s suissesLes cons\u00e9quences et les impacts d&rsquo;une \u00e9poque marqu\u00e9e par des guerres, l&rsquo;incertitude et des conflits sociaux se manifestent dans diff\u00e9rents &#8230; <a title=\"Lettre ouverte sur la gestion des conflits g\u00e9opolitiques dans les universit\u00e9s suisses\" class=\"read-more\" href=\"https:\/\/vss-unes.ch\/fr\/lettre-ouverte-sur-la-gestion-des-conflits-geopolitiques-dans-les-universites-suisses-2\/\" aria-label=\"En savoir plus sur Lettre ouverte sur la gestion des conflits g\u00e9opolitiques dans les universit\u00e9s suisses\">Lire la suite<\/a><\/div>\n<\/div><\/div>\n\n<div class=\"gb-grid-column gb-grid-column-af3e6352 gb-query-loop-item post-14693 post type-post status-publish format-standard hentry category-stellungnahme-fr\"><div class=\"gb-container gb-container-af3e6352\"><a class=\"gb-container-link\" href=\"https:\/\/vss-unes.ch\/fr\/lacces-a-leducation-des-personnes-touchees-par-la-guerre-en-ukraine\/\"><\/a>\n<div class=\"has-text-align-right wp-block-post-date\"><time datetime=\"2023-02-23T17:16:56+01:00\">23. f\u00e9vrier 2023<\/time><\/div>\n\n<p class=\"gb-headline gb-headline-5933f2ba custom_non_underline gb-headline-text\"><span class=\"post-term-item term-stellungnahme-fr\"><a href=\"https:\/\/vss-unes.ch\/fr\/category\/stellungnahme-fr\/\">D\u00e9clarations<\/a><\/span><\/p>\n\n<h2 class=\"gb-headline gb-headline-3a73c4a6 gbp-section__headline gb-headline-text\">L\u2019acc\u00e8s \u00e0 l\u2019\u00e9ducation des personnes touch\u00e9es par la guerre en Ukraine<\/h2>\n\n<div class=\"gb-headline gb-headline-68c60af9 gb-headline-text\">Malgr\u00e9 la mise en place d\u2019un statut sp\u00e9cifique soutenant les personnes fuyant l\u2019Ukraine, nous d\u00e9plorons le traitement des ressortissant\u00b7e\u00b7s d\u2019\u00c9tats tiers cherchant \u00e9galement refuge. L\u2019accumulation des conditions cr\u00e9e des obstacles &#8230; <a title=\"L\u2019acc\u00e8s \u00e0 l\u2019\u00e9ducation des personnes touch\u00e9es par la guerre en Ukraine\" class=\"read-more\" href=\"https:\/\/vss-unes.ch\/fr\/lacces-a-leducation-des-personnes-touchees-par-la-guerre-en-ukraine\/\" aria-label=\"En savoir plus sur L\u2019acc\u00e8s \u00e0 l\u2019\u00e9ducation des personnes touch\u00e9es par la guerre en Ukraine\">Lire la suite<\/a><\/div>\n<\/div><\/div>\n\n<div class=\"gb-grid-column gb-grid-column-af3e6352 gb-query-loop-item post-14488 post type-post status-publish format-standard hentry category-stellungnahme\"><div class=\"gb-container gb-container-af3e6352\"><a class=\"gb-container-link\" href=\"https:\/\/vss-unes.ch\/fr\/crise-du-coronavirus\/\"><\/a>\n<div class=\"has-text-align-right wp-block-post-date\"><time datetime=\"2020-04-06T12:09:07+02:00\">6. avril 2020<\/time><\/div>\n\n<p class=\"gb-headline gb-headline-5933f2ba custom_non_underline gb-headline-text\"><span class=\"post-term-item term-stellungnahme\"><a href=\"https:\/\/vss-unes.ch\/fr\/category\/stellungnahme\/\">Stellungnahme<\/a><\/span><\/p>\n\n<h2 class=\"gb-headline gb-headline-3a73c4a6 gbp-section__headline gb-headline-text\">Crise du coronavirus<\/h2>\n\n<div class=\"gb-headline gb-headline-68c60af9 gb-headline-text\">Garantir l\u2019\u00e9galit\u00e9 des chances Les circonstances particuli\u00e8res de la lutte contre le virus Covid-19 touchent toutes et tous les habitant\u00b7e\u00b7s de ce pays.\u202fLes \u00e9tudiant\u00b7e\u00b7s sont \u00e9galement limit\u00e9\u00b7e\u00b7s dans leurs \u00e9tudes &#8230; <a title=\"Crise du coronavirus\" class=\"read-more\" href=\"https:\/\/vss-unes.ch\/fr\/crise-du-coronavirus\/\" aria-label=\"En savoir plus sur Crise du coronavirus\">Lire la suite<\/a><\/div>\n<\/div><\/div>\n<\/div>\n\n<div class=\"gb-container gb-container-4354d139 gb-query-loop-pagination\">\n\n\n\n<\/div>\n\n<\/div>\n<\/div>\n<\/div>\n<\/section>","protected":false},"excerpt":{"rendered":"<p>D\u00e9clarations \/ R\u00e9ponses \u00e0 la consultation<\/p>\n","protected":false},"author":1,"featured_media":0,"parent":0,"menu_order":0,"comment_status":"closed","ping_status":"closed","template":"","meta":{"_acf_changed":false,"inline_featured_image":false,"_EventAllDay":false,"_EventTimezone":"","_EventStartDate":"","_EventEndDate":"","_EventStartDateUTC":"","_EventEndDateUTC":"","_EventShowMap":false,"_EventShowMapLink":false,"_EventURL":"","_EventCost":"","_EventCostDescription":"","_EventCurrencySymbol":"","_EventCurrencyCode":"","_EventCurrencyPosition":"","_EventDateTimeSeparator":"","_EventTimeRangeSeparator":"","_EventOrganizerID":[],"_EventVenueID":[],"_OrganizerEmail":"","_OrganizerPhone":"","_OrganizerWebsite":"","_VenueAddress":"","_VenueCity":"","_VenueCountry":"","_VenueProvince":"","_VenueState":"","_VenueZip":"","_VenuePhone":"","_VenueURL":"","_VenueStateProvince":"","_VenueLat":"","_VenueLng":"","_VenueShowMap":false,"_VenueShowMapLink":false,"footnotes":"","_links_to":"","_links_to_target":""},"class_list":["post-4321","page","type-page","status-publish"],"acf":[],"_links":{"self":[{"href":"https:\/\/vss-unes.ch\/fr\/wp-json\/wp\/v2\/pages\/4321","targetHints":{"allow":["GET"]}}],"collection":[{"href":"https:\/\/vss-unes.ch\/fr\/wp-json\/wp\/v2\/pages"}],"about":[{"href":"https:\/\/vss-unes.ch\/fr\/wp-json\/wp\/v2\/types\/page"}],"author":[{"embeddable":true,"href":"https:\/\/vss-unes.ch\/fr\/wp-json\/wp\/v2\/users\/1"}],"replies":[{"embeddable":true,"href":"https:\/\/vss-unes.ch\/fr\/wp-json\/wp\/v2\/comments?post=4321"}],"version-history":[{"count":10,"href":"https:\/\/vss-unes.ch\/fr\/wp-json\/wp\/v2\/pages\/4321\/revisions"}],"predecessor-version":[{"id":14807,"href":"https:\/\/vss-unes.ch\/fr\/wp-json\/wp\/v2\/pages\/4321\/revisions\/14807"}],"wp:attachment":[{"href":"https:\/\/vss-unes.ch\/fr\/wp-json\/wp\/v2\/media?parent=4321"}],"curies":[{"name":"wp","href":"https:\/\/api.w.org\/{rel}","templated":true}]}}