{"id":4327,"date":"2024-12-30T13:13:14","date_gmt":"2024-12-30T12:13:14","guid":{"rendered":"https:\/\/vss.michaelschaedler.li\/resolutions\/"},"modified":"2025-07-04T16:20:18","modified_gmt":"2025-07-04T14:20:18","slug":"resolutionen","status":"publish","type":"page","link":"https:\/\/vss-unes.ch\/fr\/resolutionen\/","title":{"rendered":"R\u00e9solutions"},"content":{"rendered":"<section class=\"gb-container gb-container-46287441\">\n<div class=\"gb-container gb-container-2a48dc36 gbp-section\">\n\n<h1 class=\"gb-headline gb-headline-1512e882 gb-headline-text gbp-section__headline\">R\u00e9solutions<\/h1>\n\n<\/div>\n<\/section><section class=\"gb-container gb-container-16a78ac9 gbp-section\">\n<div class=\"gb-container gb-container-07cd75d9\">\n\n<div class=\"gb-grid-wrapper gb-grid-wrapper-906b279d gb-query-loop-wrapper\">\n<div class=\"gb-grid-column gb-grid-column-af3e6352 gb-query-loop-item post-23076 post type-post status-publish format-standard hentry category-resolutions\"><div class=\"gb-container gb-container-af3e6352\"><a class=\"gb-container-link\" href=\"https:\/\/vss-unes.ch\/fr\/resolution-pour-un-acces-equitable-aux-bourses-detude\/\"><\/a>\n<div class=\"has-text-align-right wp-block-post-date\"><time datetime=\"2025-11-09T12:21:06+01:00\">9. novembre 2025<\/time><\/div>\n\n<p class=\"gb-headline gb-headline-5933f2ba custom_non_underline gb-headline-text\"><span class=\"post-term-item term-resolutions\"><a href=\"https:\/\/vss-unes.ch\/fr\/category\/resolutions\/\">R\u00e9solution<\/a><\/span><\/p>\n\n<h2 class=\"gb-headline gb-headline-3a73c4a6 gbp-section__headline gb-headline-text\">R\u00e9solution: Pour un acc\u00e8s \u00e9quitable aux bourses d\u2019\u00e9tude<\/h2>\n\n<div class=\"gb-headline gb-headline-68c60af9 gb-headline-text\">En Suisse, la r\u00e9ussite lors de la formation ne doit pas \u00eatre une question d&rsquo;argent. Pourtant, aujourd&rsquo;hui, ce sont trop souvent des facteurs financiers qui d\u00e9terminent si les jeunes peuvent &#8230; <a title=\"R\u00e9solution: Pour un acc\u00e8s \u00e9quitable aux bourses d\u2019\u00e9tude\" class=\"read-more\" href=\"https:\/\/vss-unes.ch\/fr\/resolution-pour-un-acces-equitable-aux-bourses-detude\/\" aria-label=\"En savoir plus sur R\u00e9solution: Pour un acc\u00e8s \u00e9quitable aux bourses d\u2019\u00e9tude\">Lire la suite<\/a><\/div>\n<\/div><\/div>\n\n<div class=\"gb-grid-column gb-grid-column-af3e6352 gb-query-loop-item post-22763 post type-post status-publish format-standard hentry category-resolutions\"><div class=\"gb-container gb-container-af3e6352\"><a class=\"gb-container-link\" href=\"https:\/\/vss-unes.ch\/fr\/resolution-lutter-efficacement-et-durablement-contre-la-penurie-de-personnel-enseignant\/\"><\/a>\n<div class=\"has-text-align-right wp-block-post-date\"><time datetime=\"2025-05-04T14:29:00+02:00\">4. mai 2025<\/time><\/div>\n\n<p class=\"gb-headline gb-headline-5933f2ba custom_non_underline gb-headline-text\"><span class=\"post-term-item term-resolutions\"><a href=\"https:\/\/vss-unes.ch\/fr\/category\/resolutions\/\">R\u00e9solution<\/a><\/span><\/p>\n\n<h2 class=\"gb-headline gb-headline-3a73c4a6 gbp-section__headline gb-headline-text\">R\u00e9solution : Lutter efficacement et durablement contre la p\u00e9nurie de <br>personnel enseignant<\/h2>\n\n<div class=\"gb-headline gb-headline-68c60af9 gb-headline-text\">La p\u00e9nurie persistante de personnel enseignant constitue l&rsquo;un des d\u00e9fis les plus importants auxquels est confront\u00e9 le syst\u00e8me \u00e9ducatif suisse. Les niveaux primaire et secondaire I sont particuli\u00e8rement touch\u00e9s. L&rsquo;UNES &#8230; <a title=\"R\u00e9solution : Lutter efficacement et durablement contre la p\u00e9nurie de personnel enseignant\" class=\"read-more\" href=\"https:\/\/vss-unes.ch\/fr\/resolution-lutter-efficacement-et-durablement-contre-la-penurie-de-personnel-enseignant\/\" aria-label=\"En savoir plus sur R\u00e9solution : Lutter efficacement et durablement contre la p\u00e9nurie de personnel enseignant\">Lire la suite<\/a><\/div>\n<\/div><\/div>\n\n<div class=\"gb-grid-column gb-grid-column-af3e6352 gb-query-loop-item post-14707 post type-post status-publish format-standard hentry category-resolutions\"><div class=\"gb-container gb-container-af3e6352\"><a class=\"gb-container-link\" href=\"https:\/\/vss-unes.ch\/fr\/resolution-sante-mentale-des-etudiant%c2%b7e%c2%b7s\/\"><\/a>\n<div class=\"has-text-align-right wp-block-post-date\"><time datetime=\"2023-05-16T14:59:22+02:00\">16. mai 2023<\/time><\/div>\n\n<p class=\"gb-headline gb-headline-5933f2ba custom_non_underline gb-headline-text\"><span class=\"post-term-item term-resolutions\"><a href=\"https:\/\/vss-unes.ch\/fr\/category\/resolutions\/\">R\u00e9solution<\/a><\/span><\/p>\n\n<h2 class=\"gb-headline gb-headline-3a73c4a6 gbp-section__headline gb-headline-text\">R\u00e9solution Sant\u00e9 mentale des \u00e9tudiant\u00b7e\u00b7s<\/h2>\n\n<div class=\"gb-headline gb-headline-68c60af9 gb-headline-text\">Les \u00e9tudiant\u00b7e\u00b7s en Suisse sont fragilis\u00e9\u00b7e\u00b7s sur le plan psychologique. L&rsquo;Union des \u00c9tudiant\u00b7e\u00b7s de Suisse (UNES) demande aux hautes \u00e9coles, aux cantons et \u00e0 la Conf\u00e9d\u00e9ration de prendre la surcharge &#8230; <a title=\"R\u00e9solution Sant\u00e9 mentale des \u00e9tudiant\u00b7e\u00b7s\" class=\"read-more\" href=\"https:\/\/vss-unes.ch\/fr\/resolution-sante-mentale-des-etudiant%c2%b7e%c2%b7s\/\" aria-label=\"En savoir plus sur R\u00e9solution Sant\u00e9 mentale des \u00e9tudiant\u00b7e\u00b7s\">Lire la suite<\/a><\/div>\n<\/div><\/div>\n\n<div class=\"gb-grid-column gb-grid-column-af3e6352 gb-query-loop-item post-14706 post type-post status-publish format-standard hentry category-resolutions\"><div class=\"gb-container gb-container-af3e6352\"><a class=\"gb-container-link\" href=\"https:\/\/vss-unes.ch\/fr\/resolutions-sur-legalite-des-genres-dans-les-hautes-ecoles-suisses\/\"><\/a>\n<div class=\"has-text-align-right wp-block-post-date\"><time datetime=\"2023-05-16T14:57:27+02:00\">16. mai 2023<\/time><\/div>\n\n<p class=\"gb-headline gb-headline-5933f2ba custom_non_underline gb-headline-text\"><span class=\"post-term-item term-resolutions\"><a href=\"https:\/\/vss-unes.ch\/fr\/category\/resolutions\/\">R\u00e9solution<\/a><\/span><\/p>\n\n<h2 class=\"gb-headline gb-headline-3a73c4a6 gbp-section__headline gb-headline-text\">R\u00e9solutions sur l&rsquo;\u00e9galit\u00e9 des genres dans les hautes \u00e9coles suisses<\/h2>\n\n<div class=\"gb-headline gb-headline-68c60af9 gb-headline-text\">Par le pr\u00e9sent document, l\u2019Union des \u00c9tudiant\u00b7e\u00b7s de Suisse (UNES) propose des pratiques et mesures qui devraient contribuer \u00e0 l&rsquo;\u00e9galit\u00e9 de tous les genres dans les hautes \u00e9coles suisses et &#8230; <a title=\"R\u00e9solutions sur l&rsquo;\u00e9galit\u00e9 des genres dans les hautes \u00e9coles suisses\" class=\"read-more\" href=\"https:\/\/vss-unes.ch\/fr\/resolutions-sur-legalite-des-genres-dans-les-hautes-ecoles-suisses\/\" aria-label=\"En savoir plus sur R\u00e9solutions sur l&rsquo;\u00e9galit\u00e9 des genres dans les hautes \u00e9coles suisses\">Lire la suite<\/a><\/div>\n<\/div><\/div>\n\n<div class=\"gb-grid-column gb-grid-column-af3e6352 gb-query-loop-item post-14684 post type-post status-publish format-standard hentry category-resolutions\"><div class=\"gb-container gb-container-af3e6352\"><a class=\"gb-container-link\" href=\"https:\/\/vss-unes.ch\/fr\/resolution-le-rencherissement-en-suisse\/\"><\/a>\n<div class=\"has-text-align-right wp-block-post-date\"><time datetime=\"2022-11-21T15:44:58+01:00\">21. novembre 2022<\/time><\/div>\n\n<p class=\"gb-headline gb-headline-5933f2ba custom_non_underline gb-headline-text\"><span class=\"post-term-item term-resolutions\"><a href=\"https:\/\/vss-unes.ch\/fr\/category\/resolutions\/\">R\u00e9solution<\/a><\/span><\/p>\n\n<h2 class=\"gb-headline gb-headline-3a73c4a6 gbp-section__headline gb-headline-text\">R\u00e9solution \u00ab Le rench\u00e9rissement en Suisse \u00bb<\/h2>\n\n<div class=\"gb-headline gb-headline-68c60af9 gb-headline-text\">Adopt\u00e9 le 6 novembre 2022 lors de la 179\u00e8me Assembl\u00e9e des D\u00e9l\u00e9gu\u00e9\u00b7e\u00b7s \u00e0 Neuch\u00e2tel. Les actuelles pr\u00e9visions \u00e9conomiques sont inqui\u00e9tantes pour la communaut\u00e9 estudiantine. En effet, nombreux sont les facteurs &#8230; <a title=\"R\u00e9solution \u00ab Le rench\u00e9rissement en Suisse \u00bb\" class=\"read-more\" href=\"https:\/\/vss-unes.ch\/fr\/resolution-le-rencherissement-en-suisse\/\" aria-label=\"En savoir plus sur R\u00e9solution \u00ab Le rench\u00e9rissement en Suisse \u00bb\">Lire la suite<\/a><\/div>\n<\/div><\/div>\n\n<div class=\"gb-grid-column gb-grid-column-af3e6352 gb-query-loop-item post-14639 post type-post status-publish format-standard hentry category-resolutions\"><div class=\"gb-container gb-container-af3e6352\"><a class=\"gb-container-link\" href=\"https:\/\/vss-unes.ch\/fr\/resolution-contre-lantisemitisme-dans-le-discours-au-sein-des-hautes-ecoles\/\"><\/a>\n<div class=\"has-text-align-right wp-block-post-date\"><time datetime=\"2021-11-15T15:55:42+01:00\">15. novembre 2021<\/time><\/div>\n\n<p class=\"gb-headline gb-headline-5933f2ba custom_non_underline gb-headline-text\"><span class=\"post-term-item term-resolutions\"><a href=\"https:\/\/vss-unes.ch\/fr\/category\/resolutions\/\">R\u00e9solution<\/a><\/span><\/p>\n\n<h2 class=\"gb-headline gb-headline-3a73c4a6 gbp-section__headline gb-headline-text\">R\u00e9solution contre l\u2019antis\u00e9mitisme dans le discours au sein des hautes \u00e9coles<\/h2>\n\n<div class=\"gb-headline gb-headline-68c60af9 gb-headline-text\">Elabor\u00e9e, r\u00e9dig\u00e9e et soumise au vote des d\u00e9l\u00e9gu\u00e9\u00b7e\u00b7s par la skuba. Adopt\u00e9 lors de la 177e Assembl\u00e9e des d\u00e9l\u00e9gu\u00e9\u00b7e\u00b7s le 14 novembre 2021 \u00e0 Zurich. Les th\u00e9ories du complot ont &#8230; <a title=\"R\u00e9solution contre l\u2019antis\u00e9mitisme dans le discours au sein des hautes \u00e9coles\" class=\"read-more\" href=\"https:\/\/vss-unes.ch\/fr\/resolution-contre-lantisemitisme-dans-le-discours-au-sein-des-hautes-ecoles\/\" aria-label=\"En savoir plus sur R\u00e9solution contre l\u2019antis\u00e9mitisme dans le discours au sein des hautes \u00e9coles\">Lire la suite<\/a><\/div>\n<\/div><\/div>\n\n<div class=\"gb-grid-column gb-grid-column-af3e6352 gb-query-loop-item post-14570 post type-post status-publish format-standard hentry category-resolutions\"><div class=\"gb-container gb-container-af3e6352\"><a class=\"gb-container-link\" href=\"https:\/\/vss-unes.ch\/fr\/revendications-des-etudiant%c2%b7e%c2%b7s-aupres-les-hautes-ecoles-pour-le-semestre-dautomne-2020\/\"><\/a>\n<div class=\"has-text-align-right wp-block-post-date\"><time datetime=\"2021-01-06T16:36:29+01:00\">6. janvier 2021<\/time><\/div>\n\n<p class=\"gb-headline gb-headline-5933f2ba custom_non_underline gb-headline-text\"><span class=\"post-term-item term-resolutions\"><a href=\"https:\/\/vss-unes.ch\/fr\/category\/resolutions\/\">R\u00e9solution<\/a><\/span><\/p>\n\n<h2 class=\"gb-headline gb-headline-3a73c4a6 gbp-section__headline gb-headline-text\">\u00ab Revendications des \u00e9tudiant\u00b7e\u00b7s aupr\u00e8s les hautes \u00e9coles pour le semestre d\u2019automne 2020 \u00bb<\/h2>\n\n<div class=\"gb-headline gb-headline-68c60af9 gb-headline-text\">\u00c9labor\u00e9 et r\u00e9dig\u00e9 par le Comit\u00e9 ex\u00e9cutif de l\u2019union en collaboration avec les Sections, et soumis au vote de l\u2019Assembl\u00e9e des d\u00e9l\u00e9gu\u00e9\u00b7e\u00b7s. Accept\u00e9e par l\u2019 Assembl\u00e9e des d\u00e9l\u00e9gu\u00e9\u00b7e\u00b7s du 4 &#8230; <a title=\"\u00ab Revendications des \u00e9tudiant\u00b7e\u00b7s aupr\u00e8s les hautes \u00e9coles pour le semestre d\u2019automne 2020 \u00bb\" class=\"read-more\" href=\"https:\/\/vss-unes.ch\/fr\/revendications-des-etudiant%c2%b7e%c2%b7s-aupres-les-hautes-ecoles-pour-le-semestre-dautomne-2020\/\" aria-label=\"En savoir plus sur \u00ab Revendications des \u00e9tudiant\u00b7e\u00b7s aupr\u00e8s les hautes \u00e9coles pour le semestre d\u2019automne 2020 \u00bb\">Lire la suite<\/a><\/div>\n<\/div><\/div>\n\n<div class=\"gb-grid-column gb-grid-column-af3e6352 gb-query-loop-item post-14474 post type-post status-publish format-standard hentry category-resolutions\"><div class=\"gb-container gb-container-af3e6352\"><a class=\"gb-container-link\" href=\"https:\/\/vss-unes.ch\/fr\/resolution-sur-les-exigences-des-etudiant%c2%b7e%c2%b7s\/\"><\/a>\n<div class=\"has-text-align-right wp-block-post-date\"><time datetime=\"2019-11-28T12:33:18+01:00\">28. novembre 2019<\/time><\/div>\n\n<p class=\"gb-headline gb-headline-5933f2ba custom_non_underline gb-headline-text\"><span class=\"post-term-item term-resolutions\"><a href=\"https:\/\/vss-unes.ch\/fr\/category\/resolutions\/\">R\u00e9solution<\/a><\/span><\/p>\n\n<h2 class=\"gb-headline gb-headline-3a73c4a6 gbp-section__headline gb-headline-text\">R\u00e9solution \u00ab sur les exigences des \u00e9tudiant\u00b7e\u00b7s&#8230; \u00bb<\/h2>\n\n<div class=\"gb-headline gb-headline-68c60af9 gb-headline-text\">&#8230; aux parlementaires suisses nouvellement \u00e9lu\u00b7e\u00b7s Adopt\u00e9 par les d\u00e9l\u00e9gu\u00e9\u00b7e\u00b7s le 10 novembre 2019 lors de la 173e assembl\u00e9e des d\u00e9l\u00e9gu\u00e9\u00b7e\u00b7s \u00e0 Neuch\u00e2tel. L&rsquo;Union des \u00e9tudiant\u00b7e\u00b7s de Suisse demande aux &#8230; <a title=\"R\u00e9solution \u00ab sur les exigences des \u00e9tudiant\u00b7e\u00b7s&#8230; \u00bb\" class=\"read-more\" href=\"https:\/\/vss-unes.ch\/fr\/resolution-sur-les-exigences-des-etudiant%c2%b7e%c2%b7s\/\" aria-label=\"En savoir plus sur R\u00e9solution \u00ab sur les exigences des \u00e9tudiant\u00b7e\u00b7s&#8230; \u00bb\">Lire la suite<\/a><\/div>\n<\/div><\/div>\n<\/div>\n\n<div class=\"gb-container gb-container-4354d139 gb-query-loop-pagination\">\n\n\n\n<\/div>\n\n<\/div>\n<\/section>","protected":false},"excerpt":{"rendered":"<p>R\u00e9solutions<\/p>\n","protected":false},"author":1,"featured_media":0,"parent":0,"menu_order":0,"comment_status":"closed","ping_status":"closed","template":"","meta":{"_acf_changed":false,"inline_featured_image":false,"_EventAllDay":false,"_EventTimezone":"","_EventStartDate":"","_EventEndDate":"","_EventStartDateUTC":"","_EventEndDateUTC":"","_EventShowMap":false,"_EventShowMapLink":false,"_EventURL":"","_EventCost":"","_EventCostDescription":"","_EventCurrencySymbol":"","_EventCurrencyCode":"","_EventCurrencyPosition":"","_EventDateTimeSeparator":"","_EventTimeRangeSeparator":"","_EventOrganizerID":[],"_EventVenueID":[],"_OrganizerEmail":"","_OrganizerPhone":"","_OrganizerWebsite":"","_VenueAddress":"","_VenueCity":"","_VenueCountry":"","_VenueProvince":"","_VenueState":"","_VenueZip":"","_VenuePhone":"","_VenueURL":"","_VenueStateProvince":"","_VenueLat":"","_VenueLng":"","_VenueShowMap":false,"_VenueShowMapLink":false,"footnotes":"","_links_to":"","_links_to_target":""},"class_list":["post-4327","page","type-page","status-publish"],"acf":[],"_links":{"self":[{"href":"https:\/\/vss-unes.ch\/fr\/wp-json\/wp\/v2\/pages\/4327","targetHints":{"allow":["GET"]}}],"collection":[{"href":"https:\/\/vss-unes.ch\/fr\/wp-json\/wp\/v2\/pages"}],"about":[{"href":"https:\/\/vss-unes.ch\/fr\/wp-json\/wp\/v2\/types\/page"}],"author":[{"embeddable":true,"href":"https:\/\/vss-unes.ch\/fr\/wp-json\/wp\/v2\/users\/1"}],"replies":[{"embeddable":true,"href":"https:\/\/vss-unes.ch\/fr\/wp-json\/wp\/v2\/comments?post=4327"}],"version-history":[{"count":11,"href":"https:\/\/vss-unes.ch\/fr\/wp-json\/wp\/v2\/pages\/4327\/revisions"}],"predecessor-version":[{"id":14779,"href":"https:\/\/vss-unes.ch\/fr\/wp-json\/wp\/v2\/pages\/4327\/revisions\/14779"}],"wp:attachment":[{"href":"https:\/\/vss-unes.ch\/fr\/wp-json\/wp\/v2\/media?parent=4327"}],"curies":[{"name":"wp","href":"https:\/\/api.w.org\/{rel}","templated":true}]}}