{"id":4335,"date":"2024-12-02T11:30:43","date_gmt":"2024-12-02T10:30:43","guid":{"rendered":"https:\/\/vss.michaelschaedler.li\/le-reseau-de-lunes\/"},"modified":"2025-07-10T13:25:16","modified_gmt":"2025-07-10T11:25:16","slug":"netzwerk","status":"publish","type":"page","link":"https:\/\/vss-unes.ch\/fr\/netzwerk\/","title":{"rendered":"Le r\u00e9seau"},"content":{"rendered":"<section class=\"gb-container gb-container-46287441\">\n<div class=\"gb-container gb-container-2a48dc36 gbp-section\">\n\n<h1 class=\"gb-headline gb-headline-1512e882 gb-headline-text gbp-section__headline\">Le r\u00e9seau<\/h1>\n\n<\/div>\n<\/section><div class=\"gb-container gb-container-8b990046 gbp-section__inner\">\n<div class=\"gb-container gb-container-60232046\">\n\n<h4 class=\"gb-headline gb-headline-f7f6b91b gb-headline-text\">Mise en r\u00e9seau avec <mark class=\"gb-highlight\"><strong>les acteurs de la politique \u00e9ducative<\/strong><\/mark><\/h4>\n\n\n\n<ul class=\"wp-block-list\">\n<li>En mati\u00e8re de politique des hautes \u00e9coles, l&rsquo;UNES est li\u00e9e aux autres repr\u00e9sentant\u00b7e\u00b7s des int\u00e9r\u00eats des hautes \u00e9coles. Nous travaillons donc en collaboration avec <strong><a href=\"http:\/\/www.actionuni.ch\/\">actionuni<\/a> <\/strong> ainsi que <strong><a href=\"http:\/\/www.konferenz-hochschuldozierende.ch\/\" target=\"_blank\" rel=\"noreferrer noopener\">swissfaculty<\/a> <\/strong>. <\/li>\n\n\n\n<li>L&rsquo;UNES est li\u00e9e \u00e0 <a href=\"https:\/\/www.netzwerk-future.ch\/\" target=\"_blank\" rel=\"noreferrer noopener\"><strong>R\u00e9seau Future<\/strong><\/a> et profite de cette collaboration pour des \u00e9changes r\u00e9guliers en mati\u00e8re de politique de la formation. <\/li>\n\n\n\n<li><a href=\"https:\/\/www.fhschweiz.ch\/\" target=\"_blank\" rel=\"noreferrer noopener\"><strong>FH-Suisse<\/strong><\/a><strong> <\/strong>est l\u2019union fa\u00eeti\u00e8re des dipl\u00f4m\u00e9\u00b7e\u00b7s des hautes \u00e9coles suisses. L\u2019UNES est en contact r\u00e9gulier avec la Direction et le Comit\u00e9 et r\u00e9dige r\u00e9guli\u00e8rement des chroniques pour la plateforme <strong><a href=\"https:\/\/www.hesnews.ch\/\" target=\"_blank\" rel=\"noreferrer noopener\">HES News<\/a>.<\/strong>  <\/li>\n\n\n\n<li><a href=\"https:\/\/movetia.ch\/fr\/\" target=\"_blank\" rel=\"noreferrer noopener\"><strong>Movetia<\/strong><\/a> est l\u2019agence nationale pour la promotion des \u00e9changes et de la mobilit\u00e9 dans le syst\u00e8me de formation. L\u2019UNES y est li\u00e9e et travaille avec elle sur leurs d\u00e9nominateurs communes.  <\/li>\n\n\n\n<li>L\u2019UNES participe chaque ann\u00e9e \u00e0 la <a href=\"https:\/\/www.hem-suisse.ch\/buergenstock\/\" target=\"_blank\" rel=\"noreferrer noopener\"><strong>Conf\u00e9rence B\u00fcrgenstock <\/strong><\/a>(Conf\u00e9rence des hautes \u00e9coles sp\u00e9cialis\u00e9es et des hautes \u00e9coles p\u00e9dagogiques) \u00e0 titre d\u2019invit\u00e9e. <\/li>\n\n\n\n<li>L&rsquo;UNES, en tant que repr\u00e9sentante nationale des \u00e9tudiant\u00b7e\u00b7s, est une interlocutrice importante pour le das <a href=\"https:\/\/www.sbfi.admin.ch\/sbfi\/fr\/home\/le-sefri\/le-sefri.html\" target=\"_blank\" rel=\"noreferrer noopener\"><strong>Secr\u00e9tariat d&rsquo;Etat \u00e0 la formation, \u00e0 la recherche et \u00e0 l&rsquo;innovation<\/strong><\/a> (SEFRI). L\u2019UNES est r\u00e9guli\u00e8rement consult\u00e9e par le SEFRI sur des sujets importants en mati\u00e8re de formation, notamment en ce qui concerne le processus de Bologne.  <\/li>\n\n\n\n<li>Nous profitons \u00e9galement du r\u00e9seau des Alumni\/ Alumnae de l&rsquo;UNES. <\/li>\n<\/ul>\n\n<\/div>\n<\/div><div class=\"gb-container gb-container-f2c0c79b gbp-section__inner\">\n<div class=\"gb-container gb-container-3f88249e\">\n\n<h4 class=\"gb-headline gb-headline-a2d8da84 gb-headline-text\">Mise en r\u00e9seau avec des <mark class=\"gb-highlight\"><strong>associations<\/strong> <strong>\u00e9tudiantes<\/strong><\/mark><\/h4>\n\n\n\n<ul class=\"wp-block-list\">\n<li><a href=\"https:\/\/psychologiestudierende.ch\/\" target=\"_blank\" rel=\"noreferrer noopener\"><strong>PsyCH<\/strong><\/a> est l\u2019association fa\u00eeti\u00e8re des \u00e9tudiant\u00b7e\u00b7s suisses en psychologie. Elle met sur pied des projets et organise des \u00e9v\u00e8nements et des formations sur diff\u00e9rents sujets \u00e0 destination de ses membres.  <\/li>\n<\/ul>\n\n<\/div>\n<\/div><div class=\"gb-container gb-container-0be4e2b1 gbp-section__inner\">\n<div class=\"gb-container gb-container-4638a8ac\">\n\n<h4 class=\"gb-headline gb-headline-6e7e790c gb-headline-text\">R\u00e9seau de <mark class=\"gb-highlight\">partenaires internationau<\/mark><mark class=\"gb-highlight\">x<\/mark><\/h4>\n\n\n\n<ul class=\"wp-block-list\">\n<li>Au sein du r\u00e9seau <strong>r\u00e9seau <\/strong><strong>TOPICS,<\/strong> nous travaillons avec des organisations d\u2019\u00e9tudiant\u00b7e\u00b7s de toute l\u2019Europe dont nous partageons les opinions et positions en mati\u00e8re de politique de la formation. Mais nous sommes ouvert\u00b7e\u00b7s et recherchons \u00e9galement le dialogue et la collaboration avec les autres organisations internationales d\u2019\u00e9tudiant\u00b7e\u00b7s. <em>Le r\u00e9seau TOPICS regroupe des associations d&rsquo;\u00e9tudiant\u00b7e\u00b7s de Suisse,<\/em><em> Belgique,<\/em><em> Allemagne,<\/em><em> Luxembourg,<\/em><em> France, <\/em><em>Autriche<\/em><em> et Italie.<\/em>  <\/li>\n\n\n\n<li><a href=\"https:\/\/www.swisscore.org\/\" target=\"_blank\" rel=\"noreferrer noopener\"><strong>SwissCore<\/strong><\/a>, le Contact Office for European Research, Innovation and Education, est une institution Suisse \u00e0 Bruxelles. Elle fait le lien entre la Suisse et l\u2019Union europ\u00e9enne dans les domaines de la formation et de la recherche. Une fois par ann\u00e9e, un s\u00e9minaire de deux jours a lieu, auquel prennent part les hautes \u00e9coles suisses (en g\u00e9n\u00e9ral, les bureaux internationaux de ces \u00e9coles), le SEFRI, Movetia ainsi que d\u2019autres repr\u00e9sentant\u00b7e\u00b7s de la politique de formation suisse.  <\/li>\n<\/ul>\n\n<\/div>\n<\/div><div class=\"gb-container gb-container-d9ea590e gbp-section__inner\">\n<div class=\"gb-container gb-container-55b80186\">\n\n<h4 class=\"gb-headline gb-headline-269be851 gb-headline-text\">Membre d&rsquo; <mark style=\"background-color:rgba(0, 0, 0, 0)\" class=\"has-inline-color has-contrast-3-color\">organisations internationales<\/mark><\/h4>\n\n\n\n<ul class=\"wp-block-list\">\n<li>L&rsquo;Union<strong> <\/strong><a href=\"https:\/\/www.esu-online.org\/\" target=\"_blank\" rel=\"noreferrer noopener\"><strong>European Students\u2018 Union<\/strong><\/a> est l\u2019organisation fa\u00eeti\u00e8re de 46 organisations \u00e9tudiantes internationales de 40 pays diff\u00e9rents, dont l\u2019UNES. <\/li>\n\n\n\n<li>Le <a href=\"https:\/\/csaj.ch\/\" target=\"_blank\" rel=\"noreferrer noopener\"><strong>CSAJ<\/strong><\/a> est reconnu comme organisation fa\u00eeti\u00e8re des organisations de jeunesse et comme porte-parole de la jeunesse au niveau f\u00e9d\u00e9ral. Il entretient des contacts \u00e9troits avec l\u2019Office f\u00e9d\u00e9ral des assurances sociales (OFAS), qui est responsable pour la politique de la jeunesse. Il si\u00e8ge dans les commissions politiques les plus importantes et est en contact \u00e9troit avec les parlementaires de toutes les fractions. Le CSAJ a \u00e9galement ses entr\u00e9es dans les r\u00e9seaux d\u2019ONG et est \u00e9troitement li\u00e9e \u00e0 celles-ci.    <\/li>\n\n\n\n<li>L\u2019UNES est membre de <a href=\"https:\/\/www.bildungskoalition.ch\/fr\/\" target=\"_blank\" rel=\"noreferrer noopener\"><strong>l&rsquo;ONG CoaltionFormation<\/strong><\/a> qui r\u00e9unit des organisations des domaines suivants : d\u00e9veloppement, jeunesse, sant\u00e9, droits humains et environnement. Ses membres et partenaires veulent ancrer l\u2019\u00e9ducation pour un d\u00e9veloppement durable dans la pratique.<\/li>\n\n\n\n<li>Le <a href=\"https:\/\/www.npg-rsp.ch\/fr\/home.html\" target=\"_blank\" rel=\"noreferrer noopener\"><strong>R\u00e9seau Sant\u00e9 Psychique Suisse (RSP)<\/strong><\/a> est un groupement d\u2019associations, d\u2019institutions et d\u2019entreprises qui s\u2019engagent en faveur de la sant\u00e9 psychique en Suisse. Le but est, de fournir une contribution en vue d\u2019am\u00e9liorer la sant\u00e9 psychique de la population en Suisse. <\/li>\n<\/ul>\n\n<\/div>\n<\/div><div class=\"gb-container gb-container-27fb9fec gbp-section__inner\">\n<div class=\"gb-container gb-container-7fb85922\">\n\n<h4 class=\"gb-headline gb-headline-4b12ef81 gb-headline-text\">L&rsquo;UNES si\u00e8ge <mark class=\"gb-highlight\">au sein de<\/mark><\/h4>\n\n\n\n<ul class=\"wp-block-list\">\n<li>En tant qu\u2019association fa\u00eeti\u00e8re nationale des associations d\u2019\u00e9tudiant\u00b7e\u00b7s de Suisse, l\u2019UNES si\u00e8ge dans plusieurs commissions et autres organisations fa\u00eeti\u00e8res, l\u2019UNES a un droit de motion, de consultation et parfois un droit de vote. <\/li>\n\n\n\n<li>Dans cette liste, les repr\u00e9sentations de l\u2019UNES sont bri\u00e8vement d\u00e9crites. <\/li>\n<\/ul>\n\n\n\n<a class=\"gb-button gb-button-43eb71b6 gb-button-text gbp-button--primary\" href=\"https:\/\/vss-unes.ch\/wp-content\/uploads\/2024\/12\/2021-10-26_df_Vertretungen_definitiv.pdf\" target=\"_blank\" rel=\"noopener noreferrer\">Liste, octobre 2021<\/a>\n\n<\/div>\n<\/div>","protected":false},"excerpt":{"rendered":"<p>Le r\u00e9seau Mise en r\u00e9seau avec les acteurs de la politique \u00e9ducative Mise en r\u00e9seau avec des associations \u00e9tudiantes R\u00e9seau de partenaires internationaux Membre d&rsquo; organisations internationales L&rsquo;UNES si\u00e8ge au &#8230; <a title=\"Le r\u00e9seau\" class=\"read-more\" href=\"https:\/\/vss-unes.ch\/fr\/netzwerk\/\" aria-label=\"En savoir plus sur Le r\u00e9seau\">Lire la suite<\/a><\/p>\n","protected":false},"author":1,"featured_media":0,"parent":0,"menu_order":0,"comment_status":"closed","ping_status":"closed","template":"","meta":{"_acf_changed":false,"inline_featured_image":false,"_EventAllDay":false,"_EventTimezone":"","_EventStartDate":"","_EventEndDate":"","_EventStartDateUTC":"","_EventEndDateUTC":"","_EventShowMap":false,"_EventShowMapLink":false,"_EventURL":"","_EventCost":"","_EventCostDescription":"","_EventCurrencySymbol":"","_EventCurrencyCode":"","_EventCurrencyPosition":"","_EventDateTimeSeparator":"","_EventTimeRangeSeparator":"","_EventOrganizerID":[],"_EventVenueID":[],"_OrganizerEmail":"","_OrganizerPhone":"","_OrganizerWebsite":"","_VenueAddress":"","_VenueCity":"","_VenueCountry":"","_VenueProvince":"","_VenueState":"","_VenueZip":"","_VenuePhone":"","_VenueURL":"","_VenueStateProvince":"","_VenueLat":"","_VenueLng":"","_VenueShowMap":false,"_VenueShowMapLink":false,"footnotes":"","_links_to":"","_links_to_target":""},"class_list":["post-4335","page","type-page","status-publish"],"acf":[],"_links":{"self":[{"href":"https:\/\/vss-unes.ch\/fr\/wp-json\/wp\/v2\/pages\/4335","targetHints":{"allow":["GET"]}}],"collection":[{"href":"https:\/\/vss-unes.ch\/fr\/wp-json\/wp\/v2\/pages"}],"about":[{"href":"https:\/\/vss-unes.ch\/fr\/wp-json\/wp\/v2\/types\/page"}],"author":[{"embeddable":true,"href":"https:\/\/vss-unes.ch\/fr\/wp-json\/wp\/v2\/users\/1"}],"replies":[{"embeddable":true,"href":"https:\/\/vss-unes.ch\/fr\/wp-json\/wp\/v2\/comments?post=4335"}],"version-history":[{"count":9,"href":"https:\/\/vss-unes.ch\/fr\/wp-json\/wp\/v2\/pages\/4335\/revisions"}],"predecessor-version":[{"id":19265,"href":"https:\/\/vss-unes.ch\/fr\/wp-json\/wp\/v2\/pages\/4335\/revisions\/19265"}],"wp:attachment":[{"href":"https:\/\/vss-unes.ch\/fr\/wp-json\/wp\/v2\/media?parent=4335"}],"curies":[{"name":"wp","href":"https:\/\/api.w.org\/{rel}","templated":true}]}}