{"id":4342,"date":"2024-12-28T17:31:45","date_gmt":"2024-12-28T16:31:45","guid":{"rendered":"https:\/\/vss.michaelschaedler.li\/mentions-legales\/"},"modified":"2025-06-24T13:26:45","modified_gmt":"2025-06-24T11:26:45","slug":"mentions-legales","status":"publish","type":"page","link":"https:\/\/vss-unes.ch\/fr\/mentions-legales\/","title":{"rendered":"Mentions l\u00e9gales"},"content":{"rendered":"\n<p>Ce site est g\u00e9r\u00e9 par : <\/p>\n\n<p><strong>Union des \u00c9tudiant\u00b7e\u00b7s de Suisse UNES<\/strong><\/p>\n\n<p>Monbijoustrasse 30<br\/>3011 Bern<\/p>\n\n<p>T\u00e9l\u00e9phone : <a href=\"tel:+41%2031%20382%2011%2071\">+41 31 382 11 71<\/a><br\/>E-mail : <a href=\"mailto:info@vss-unes.ch\">info@vss-unes.ch <\/a><\/p>\n\n<p>L&rsquo;UNES est une association au sens des articles 60 et suivants du Code civil suisse.<\/p>\n\n<p><\/p>\n","protected":false},"excerpt":{"rendered":"<p>Ce site est g\u00e9r\u00e9 par : Union des \u00c9tudiant\u00b7e\u00b7s de Suisse UNES Monbijoustrasse 303011 Bern T\u00e9l\u00e9phone : +41 31 382 11 71E-mail : info@vss-unes.ch L&rsquo;UNES est une association au sens &#8230; <a title=\"Mentions l\u00e9gales\" class=\"read-more\" href=\"https:\/\/vss-unes.ch\/fr\/mentions-legales\/\" aria-label=\"En savoir plus sur Mentions l\u00e9gales\">Lire la suite<\/a><\/p>\n","protected":false},"author":1,"featured_media":0,"parent":0,"menu_order":0,"comment_status":"closed","ping_status":"closed","template":"","meta":{"_acf_changed":false,"inline_featured_image":false,"_EventAllDay":false,"_EventTimezone":"","_EventStartDate":"","_EventEndDate":"","_EventStartDateUTC":"","_EventEndDateUTC":"","_EventShowMap":false,"_EventShowMapLink":false,"_EventURL":"","_EventCost":"","_EventCostDescription":"","_EventCurrencySymbol":"","_EventCurrencyCode":"","_EventCurrencyPosition":"","_EventDateTimeSeparator":"","_EventTimeRangeSeparator":"","_EventOrganizerID":[],"_EventVenueID":[],"_OrganizerEmail":"","_OrganizerPhone":"","_OrganizerWebsite":"","_VenueAddress":"","_VenueCity":"","_VenueCountry":"","_VenueProvince":"","_VenueState":"","_VenueZip":"","_VenuePhone":"","_VenueURL":"","_VenueStateProvince":"","_VenueLat":"","_VenueLng":"","_VenueShowMap":false,"_VenueShowMapLink":false,"footnotes":"","_links_to":"","_links_to_target":""},"class_list":["post-4342","page","type-page","status-publish"],"acf":[],"_links":{"self":[{"href":"https:\/\/vss-unes.ch\/fr\/wp-json\/wp\/v2\/pages\/4342","targetHints":{"allow":["GET"]}}],"collection":[{"href":"https:\/\/vss-unes.ch\/fr\/wp-json\/wp\/v2\/pages"}],"about":[{"href":"https:\/\/vss-unes.ch\/fr\/wp-json\/wp\/v2\/types\/page"}],"author":[{"embeddable":true,"href":"https:\/\/vss-unes.ch\/fr\/wp-json\/wp\/v2\/users\/1"}],"replies":[{"embeddable":true,"href":"https:\/\/vss-unes.ch\/fr\/wp-json\/wp\/v2\/comments?post=4342"}],"version-history":[{"count":3,"href":"https:\/\/vss-unes.ch\/fr\/wp-json\/wp\/v2\/pages\/4342\/revisions"}],"predecessor-version":[{"id":5842,"href":"https:\/\/vss-unes.ch\/fr\/wp-json\/wp\/v2\/pages\/4342\/revisions\/5842"}],"wp:attachment":[{"href":"https:\/\/vss-unes.ch\/fr\/wp-json\/wp\/v2\/media?parent=4342"}],"curies":[{"name":"wp","href":"https:\/\/api.w.org\/{rel}","templated":true}]}}