{"id":4346,"date":"2024-12-28T13:44:04","date_gmt":"2024-12-28T12:44:04","guid":{"rendered":"https:\/\/vss.michaelschaedler.li\/commission-internationale-et-de-solidarite-solic\/"},"modified":"2025-05-15T16:03:51","modified_gmt":"2025-05-15T14:03:51","slug":"solic","status":"publish","type":"page","link":"https:\/\/vss-unes.ch\/fr\/solic\/","title":{"rendered":"Commission internationale et de solidarit\u00e9 (SOLIC)"},"content":{"rendered":"<section class=\"gb-container gb-container-46287441\">\n<div class=\"gb-container gb-container-2a48dc36 gbp-section\">\n\n<h1 class=\"gb-headline gb-headline-1512e882 gb-headline-text gbp-section__headline\">Commission <mark class=\"gb-highlight\">internationale<\/mark> et de <mark class=\"gb-highlight\">solidarit\u00e9<\/mark> (SOLIC)<\/h1>\n\n\n\n<p>La SOLIC (anciennement CIS) s&rsquo;occupe de l&rsquo;internationalisation des hautes \u00e9coles. Elle \u00e9labore des positions sur les processus europ\u00e9ens et internationaux dans le domaine du d\u00e9veloppement des hautes \u00e9coles et m\u00e8ne des activit\u00e9s en faveur des \u00e9tudiant-e-s \u00e9tranger-\u00e8re-s et de la solidarit\u00e9. Le travail de la commission se fonde sur les objectifs annuels adopt\u00e9s par l&rsquo;Assembl\u00e9e des d\u00e9l\u00e9gu\u00e9-e-s.  <\/p>\n\n\n<div class=\"gb-container gb-container-edc0fa77\">\n\n<a class=\"gb-button gb-button-58604b5c gb-button-text\" href=\"https:\/\/www.facebook.com\/cis.vss.unes.usu\/\" target=\"_blank\" rel=\"noopener noreferrer\">Compte Facebook<\/a>\n\n\n\n<a class=\"gb-button gb-button-3e47d908 gb-button-text\" href=\"https:\/\/vss-unes.ch\/wp-content\/uploads\/2024\/12\/Leitbild_df_CIS_2008.pdf\">Charte<\/a>\n\n\n\n<a class=\"gb-button gb-button-66f51c1b gb-button-text\" href=\"https:\/\/vss-unes.ch\/wp-content\/uploads\/2025\/04\/Buts-annuels-2024-CoSo.pdf\">Buts annuels 2023\/2024<\/a>\n\n<\/div>\n<\/div>\n<\/section><div class=\"gb-container gb-container-e701c206\">\n<div class=\"gb-container gb-container-68d09175\">\n\n<figure class=\"wp-block-embed is-type-video is-provider-youtube wp-block-embed-youtube wp-embed-aspect-16-9 wp-has-aspect-ratio\"><div class=\"wp-block-embed__wrapper\">\n<iframe loading=\"lazy\" title=\"Kommission f\u00fcr Internationales und Solidarit\u00e4t (SOLIC)\" width=\"1200\" height=\"675\" src=\"https:\/\/www.youtube.com\/embed\/nf6Ycz4z6Rk?feature=oembed\" frameborder=\"0\" allow=\"accelerometer; autoplay; clipboard-write; encrypted-media; gyroscope; picture-in-picture; web-share\" referrerpolicy=\"strict-origin-when-cross-origin\" allowfullscreen><\/iframe>\n<\/div><\/figure>\n\n<\/div>\n<\/div><section class=\"gb-container gb-container-16a78ac9 gbp-section\">\n<div class=\"gb-grid-wrapper gb-grid-wrapper-d8d3ebdc\">\n<div class=\"gb-grid-column gb-grid-column-ca2c91cc\"><div class=\"gb-container gb-container-ca2c91cc\">\n\n<h2 class=\"gb-headline gb-headline-5f3b7437 gb-headline-text\">Actualit\u00e9s et collaboration dans la SOLIC<\/h2>\n\n\n\n<p>Actuellement, la SOLIC s\u2019occupe d&rsquo;<a href=\"https:\/\/erasmus-ch.ch\/fr\/erasmus-et-la-suisse\/\">Erasmus+<\/a>, de nombreuses actions de solidarit\u00e9 avec et pour les \u00e9tudiant-e-s du monde entier et du travail de repr\u00e9sentation aupr\u00e8s d&rsquo;<a href=\"https:\/\/www.esu-online.org\/\">European Students\u2018 Union<\/a>. Tu as des questions ? Tu veux faire partie de la commission ? Alors n&rsquo;h\u00e9site pas \u00e0 prendre contact avec la pr\u00e9sidence de la SOLIC.    <\/p>\n\n<\/div><\/div>\n\n<div class=\"gb-grid-column gb-grid-column-765d1e09\"><div class=\"gb-container gb-container-765d1e09\">\n\n<h3 class=\"gb-headline gb-headline-b7dd5f70\"><span class=\"gb-icon\"><svg aria-hidden=\"true\" role=\"img\" height=\"1em\" width=\"1em\" viewBox=\"0 0 496 512\" xmlns=\"http:\/\/www.w3.org\/2000\/svg\"><path fill=\"currentColor\" d=\"M248 8C111 8 0 119 0 256s111 248 248 248 248-111 248-248S385 8 248 8zm0 96c48.6 0 88 39.4 88 88s-39.4 88-88 88-88-39.4-88-88 39.4-88 88-88zm0 344c-58.7 0-111.3-26.6-146.5-68.2 18.8-35.4 55.6-59.8 98.5-59.8 2.4 0 4.8.4 7.1 1.1 13 4.2 26.6 6.9 40.9 6.9 14.3 0 28-2.7 40.9-6.9 2.3-.7 4.7-1.1 7.1-1.1 42.9 0 79.7 24.4 98.5 59.8C359.3 421.4 306.7 448 248 448z\"><\/path><\/svg><\/span><span class=\"gb-headline-text\">Kommisionspr\u00e4sidium<\/span><\/h3>\n\n\n\n<p>La commission est actuellement pr\u00e9sid\u00e9e par Cheyenne Friedrich. <\/p>\n\n\n\n<a class=\"gb-button gb-button-441a3097\" href=\"mailto:presidence.cis@vss-unes.ch\"><span class=\"gb-icon\"><svg xmlns=\"http:\/\/www.w3.org\/2000\/svg\" aria-hidden=\"true\" role=\"img\" height=\"1em\" width=\"1em\" viewbox=\"0 0 512 512\"><path fill=\"currentColor\" d=\"M464 64H48C21.49 64 0 85.49 0 112v288c0 26.51 21.49 48 48 48h416c26.51 0 48-21.49 48-48V112c0-26.51-21.49-48-48-48zm0 48v40.805c-22.422 18.259-58.168 46.651-134.587 106.49-16.841 13.247-50.201 45.072-73.413 44.701-23.208.375-56.579-31.459-73.413-44.701C106.18 199.465 70.425 171.067 48 152.805V112h416zM48 400V214.398c22.914 18.251 55.409 43.862 104.938 82.646 21.857 17.205 60.134 55.186 103.062 54.955 42.717.231 80.509-37.199 103.053-54.947 49.528-38.783 82.032-64.401 104.947-82.653V400H48z\"><\/path><\/svg><\/span><span class=\"gb-button-text\">E-mail<\/span><\/a>\n\n<\/div><\/div>\n<\/div>\n<\/section>","protected":false},"excerpt":{"rendered":"<p>Commission internationale et de solidarit\u00e9 (SOLIC) La SOLIC (anciennement CIS) s&rsquo;occupe de l&rsquo;internationalisation des hautes \u00e9coles. Elle \u00e9labore des positions sur les processus europ\u00e9ens et internationaux dans le domaine du &#8230; <a title=\"Commission internationale et de solidarit\u00e9 (SOLIC)\" class=\"read-more\" href=\"https:\/\/vss-unes.ch\/fr\/solic\/\" aria-label=\"En savoir plus sur Commission internationale et de solidarit\u00e9 (SOLIC)\">Lire la suite<\/a><\/p>\n","protected":false},"author":1,"featured_media":0,"parent":0,"menu_order":0,"comment_status":"closed","ping_status":"closed","template":"","meta":{"_acf_changed":false,"inline_featured_image":false,"_EventAllDay":false,"_EventTimezone":"","_EventStartDate":"","_EventEndDate":"","_EventStartDateUTC":"","_EventEndDateUTC":"","_EventShowMap":false,"_EventShowMapLink":false,"_EventURL":"","_EventCost":"","_EventCostDescription":"","_EventCurrencySymbol":"","_EventCurrencyCode":"","_EventCurrencyPosition":"","_EventDateTimeSeparator":"","_EventTimeRangeSeparator":"","_EventOrganizerID":[],"_EventVenueID":[],"_OrganizerEmail":"","_OrganizerPhone":"","_OrganizerWebsite":"","_VenueAddress":"","_VenueCity":"","_VenueCountry":"","_VenueProvince":"","_VenueState":"","_VenueZip":"","_VenuePhone":"","_VenueURL":"","_VenueStateProvince":"","_VenueLat":"","_VenueLng":"","_VenueShowMap":false,"_VenueShowMapLink":false,"footnotes":"","_links_to":"","_links_to_target":""},"class_list":["post-4346","page","type-page","status-publish"],"acf":[],"_links":{"self":[{"href":"https:\/\/vss-unes.ch\/fr\/wp-json\/wp\/v2\/pages\/4346","targetHints":{"allow":["GET"]}}],"collection":[{"href":"https:\/\/vss-unes.ch\/fr\/wp-json\/wp\/v2\/pages"}],"about":[{"href":"https:\/\/vss-unes.ch\/fr\/wp-json\/wp\/v2\/types\/page"}],"author":[{"embeddable":true,"href":"https:\/\/vss-unes.ch\/fr\/wp-json\/wp\/v2\/users\/1"}],"replies":[{"embeddable":true,"href":"https:\/\/vss-unes.ch\/fr\/wp-json\/wp\/v2\/comments?post=4346"}],"version-history":[{"count":8,"href":"https:\/\/vss-unes.ch\/fr\/wp-json\/wp\/v2\/pages\/4346\/revisions"}],"predecessor-version":[{"id":5225,"href":"https:\/\/vss-unes.ch\/fr\/wp-json\/wp\/v2\/pages\/4346\/revisions\/5225"}],"wp:attachment":[{"href":"https:\/\/vss-unes.ch\/fr\/wp-json\/wp\/v2\/media?parent=4346"}],"curies":[{"name":"wp","href":"https:\/\/api.w.org\/{rel}","templated":true}]}}