{"id":4358,"date":"2024-12-28T13:30:39","date_gmt":"2024-12-28T12:30:39","guid":{"rendered":"https:\/\/vss.michaelschaedler.li\/commission-degalite-codeg\/"},"modified":"2025-07-02T11:46:51","modified_gmt":"2025-07-02T09:46:51","slug":"coedg","status":"publish","type":"page","link":"https:\/\/vss-unes.ch\/fr\/coedg\/","title":{"rendered":"Commission d\u2019Egalit\u00e9 (CodEg)"},"content":{"rendered":"<section class=\"gb-container gb-container-46287441\">\n<div class=\"gb-container gb-container-2a48dc36 gbp-section\">\n\n<h1 class=\"gb-headline gb-headline-1512e882 gb-headline-text gbp-section__headline\">Commission d\u2019<mark style=\"background-color:rgba(0, 0, 0, 0)\" class=\"has-inline-color has-contrast-3-color\">Egalit\u00e9 <\/mark>(CodEg)<\/h1>\n\n\n\n<p class=\"has-text-align-center\">La CodEg se voit comme une commission avec le but d\u2019atteindre et de garantir l\u2019\u00e9galit\u00e9 formelle et r\u00e9elle de tous les genres et de toutes les orientations sexuelles (LGBTQIA+) dans les hautes \u00e9coles suisses. Elle est une plateforme d\u2019\u00e9change entre organisations et commissions traitant la m\u00eame th\u00e9matique dans le paysage suisse des hautes \u00e9coles. La CodEg \u0153uvre pour l\u2019\u00e9galit\u00e9 dans l\u2019UNES ainsi que pour la promotion et la sensibilisation de celle-ci aupr\u00e8s des sections.   <\/p>\n\n\n<div class=\"gb-container gb-container-edc0fa77\">\n\n<a class=\"gb-button gb-button-4378d1b2 gb-button-text\" href=\"https:\/\/www.facebook.com\/codeg.vss.unes\/\">Compte Facebook<\/a>\n\n\n\n<a class=\"gb-button gb-button-58604b5c gb-button-text\" href=\"https:\/\/vss-unes.ch\/wp-content\/uploads\/2024\/12\/2016-07_Leitbild-CodEg_definitiv.pdf\">Charte<\/a>\n\n\n\n<a class=\"gb-button gb-button-66f51c1b gb-button-text\" href=\"https:\/\/vss-unes.ch\/wp-content\/uploads\/2025\/04\/Buts-annuels-2024-CodEg.pdf\">Buts annuels 2023\/2024<\/a>\n\n<\/div>\n<\/div>\n<\/section><div class=\"gb-container gb-container-e701c206\">\n<div class=\"gb-container gb-container-68d09175\">\n\n<figure class=\"wp-block-embed is-type-video is-provider-youtube wp-block-embed-youtube wp-embed-aspect-16-9 wp-has-aspect-ratio\"><div class=\"wp-block-embed__wrapper\">\n<iframe loading=\"lazy\" title=\"Gleichstellungskommission (CodEg)\" width=\"1200\" height=\"675\" src=\"https:\/\/www.youtube.com\/embed\/muOKvoSOh7Q?feature=oembed\" frameborder=\"0\" allow=\"accelerometer; autoplay; clipboard-write; encrypted-media; gyroscope; picture-in-picture; web-share\" referrerpolicy=\"strict-origin-when-cross-origin\" allowfullscreen><\/iframe>\n<\/div><\/figure>\n\n<\/div>\n<\/div><section class=\"gb-container gb-container-16a78ac9 gbp-section\">\n<div class=\"gb-grid-wrapper gb-grid-wrapper-d8d3ebdc\">\n<div class=\"gb-grid-column gb-grid-column-ca2c91cc\"><div class=\"gb-container gb-container-ca2c91cc\">\n\n<h2 class=\"gb-headline gb-headline-5f3b7437 gb-headline-text\">Actualit\u00e9s et collaboration dans la CodEg<\/h2>\n\n\n\n<p>Actuellement, la CodEg travaille \u00e0 la mise en place d\u2019une plateforme d\u2019information qui donnera un aper\u00e7u des points de contact et de conseil dans les hautes \u00e9coles qui offrent une aide en cas de harc\u00e8lement sexuel. En outre, la Commission travaille sur une r\u00e9solution intitul\u00e9e \u00ab de la promotion des femmes* \u00e0 l\u2019\u00e9galit\u00e9 \u00bb. Tu as des questions ? Tu veux faire partie de la commission ? Alors n&rsquo;h\u00e9site pas \u00e0 prendre contact avec la pr\u00e9sidence de la CodEg.     <\/p>\n\n<\/div><\/div>\n\n<div class=\"gb-grid-column gb-grid-column-765d1e09\"><div class=\"gb-container gb-container-765d1e09\">\n\n<h3 class=\"gb-headline gb-headline-b7dd5f70\"><span class=\"gb-icon\"><svg xmlns=\"http:\/\/www.w3.org\/2000\/svg\" aria-hidden=\"true\" role=\"img\" height=\"1em\" width=\"1em\" viewbox=\"0 0 496 512\"><path fill=\"currentColor\" d=\"M248 8C111 8 0 119 0 256s111 248 248 248 248-111 248-248S385 8 248 8zm0 96c48.6 0 88 39.4 88 88s-39.4 88-88 88-88-39.4-88-88 39.4-88 88-88zm0 344c-58.7 0-111.3-26.6-146.5-68.2 18.8-35.4 55.6-59.8 98.5-59.8 2.4 0 4.8.4 7.1 1.1 13 4.2 26.6 6.9 40.9 6.9 14.3 0 28-2.7 40.9-6.9 2.3-.7 4.7-1.1 7.1-1.1 42.9 0 79.7 24.4 98.5 59.8C359.3 421.4 306.7 448 248 448z\"><\/path><\/svg><\/span><span class=\"gb-headline-text\">Pr\u00e9sidence de la Commission<\/span><\/h3>\n\n\n\n<p>La commission est actuellement pr\u00e9sid\u00e9e par Michael Lin.<\/p>\n\n\n\n<a class=\"gb-button gb-button-441a3097\" href=\"mailto:presidence.codeg@vss-unes.ch\"><span class=\"gb-icon\"><svg xmlns=\"http:\/\/www.w3.org\/2000\/svg\" aria-hidden=\"true\" role=\"img\" height=\"1em\" width=\"1em\" viewbox=\"0 0 512 512\"><path fill=\"currentColor\" d=\"M464 64H48C21.49 64 0 85.49 0 112v288c0 26.51 21.49 48 48 48h416c26.51 0 48-21.49 48-48V112c0-26.51-21.49-48-48-48zm0 48v40.805c-22.422 18.259-58.168 46.651-134.587 106.49-16.841 13.247-50.201 45.072-73.413 44.701-23.208.375-56.579-31.459-73.413-44.701C106.18 199.465 70.425 171.067 48 152.805V112h416zM48 400V214.398c22.914 18.251 55.409 43.862 104.938 82.646 21.857 17.205 60.134 55.186 103.062 54.955 42.717.231 80.509-37.199 103.053-54.947 49.528-38.783 82.032-64.401 104.947-82.653V400H48z\"><\/path><\/svg><\/span><span class=\"gb-button-text\">E-mail<\/span><\/a>\n\n<\/div><\/div>\n<\/div>\n<\/section>","protected":false},"excerpt":{"rendered":"<p>Commission d\u2019Egalit\u00e9 (CodEg) La CodEg se voit comme une commission avec le but d\u2019atteindre et de garantir l\u2019\u00e9galit\u00e9 formelle et r\u00e9elle de tous les genres et de toutes les orientations &#8230; <a title=\"Commission d\u2019Egalit\u00e9 (CodEg)\" class=\"read-more\" href=\"https:\/\/vss-unes.ch\/fr\/coedg\/\" aria-label=\"En savoir plus sur Commission d\u2019Egalit\u00e9 (CodEg)\">Lire la suite<\/a><\/p>\n","protected":false},"author":1,"featured_media":0,"parent":0,"menu_order":0,"comment_status":"closed","ping_status":"closed","template":"","meta":{"_acf_changed":false,"inline_featured_image":false,"_EventAllDay":false,"_EventTimezone":"","_EventStartDate":"","_EventEndDate":"","_EventStartDateUTC":"","_EventEndDateUTC":"","_EventShowMap":false,"_EventShowMapLink":false,"_EventURL":"","_EventCost":"","_EventCostDescription":"","_EventCurrencySymbol":"","_EventCurrencyCode":"","_EventCurrencyPosition":"","_EventDateTimeSeparator":"","_EventTimeRangeSeparator":"","_EventOrganizerID":[],"_EventVenueID":[],"_OrganizerEmail":"","_OrganizerPhone":"","_OrganizerWebsite":"","_VenueAddress":"","_VenueCity":"","_VenueCountry":"","_VenueProvince":"","_VenueState":"","_VenueZip":"","_VenuePhone":"","_VenueURL":"","_VenueStateProvince":"","_VenueLat":"","_VenueLng":"","_VenueShowMap":false,"_VenueShowMapLink":false,"footnotes":"","_links_to":"","_links_to_target":""},"class_list":["post-4358","page","type-page","status-publish"],"acf":[],"_links":{"self":[{"href":"https:\/\/vss-unes.ch\/fr\/wp-json\/wp\/v2\/pages\/4358","targetHints":{"allow":["GET"]}}],"collection":[{"href":"https:\/\/vss-unes.ch\/fr\/wp-json\/wp\/v2\/pages"}],"about":[{"href":"https:\/\/vss-unes.ch\/fr\/wp-json\/wp\/v2\/types\/page"}],"author":[{"embeddable":true,"href":"https:\/\/vss-unes.ch\/fr\/wp-json\/wp\/v2\/users\/1"}],"replies":[{"embeddable":true,"href":"https:\/\/vss-unes.ch\/fr\/wp-json\/wp\/v2\/comments?post=4358"}],"version-history":[{"count":7,"href":"https:\/\/vss-unes.ch\/fr\/wp-json\/wp\/v2\/pages\/4358\/revisions"}],"predecessor-version":[{"id":6136,"href":"https:\/\/vss-unes.ch\/fr\/wp-json\/wp\/v2\/pages\/4358\/revisions\/6136"}],"wp:attachment":[{"href":"https:\/\/vss-unes.ch\/fr\/wp-json\/wp\/v2\/media?parent=4358"}],"curies":[{"name":"wp","href":"https:\/\/api.w.org\/{rel}","templated":true}]}}