{"id":4395,"date":"2024-07-17T13:40:53","date_gmt":"2024-07-17T11:40:53","guid":{"rendered":"https:\/\/vss.michaelschaedler.li\/news\/"},"modified":"2025-05-08T11:55:27","modified_gmt":"2025-05-08T09:55:27","slug":"neuigkeiten","status":"publish","type":"page","link":"https:\/\/vss-unes.ch\/fr\/neuigkeiten\/","title":{"rendered":"News"},"content":{"rendered":"<section class=\"gb-container gb-container-46287441\">\n<div class=\"gb-container gb-container-2a48dc36 gbp-section\">\n\n<h1 class=\"gb-headline gb-headline-1512e882 gb-headline-text gbp-section__headline\">Actualit\u00e9s<\/h1>\n\n<\/div>\n<\/section><section class=\"gb-container gb-container-16a78ac9 gbp-section\">\n<div class=\"gb-container gb-container-d69102b0 gbp-section__inner\">\n\n<div class=\"gb-grid-wrapper gb-grid-wrapper-906b279d gb-query-loop-wrapper\">\n<div class=\"gb-grid-column gb-grid-column-af3e6352 gb-query-loop-item post-24312 post type-post status-publish format-standard hentry category-communiques-de-presse\"><div class=\"gb-container gb-container-af3e6352\"><a class=\"gb-container-link\" href=\"https:\/\/vss-unes.ch\/fr\/les-etudiant-e-s-disent-non-a-linitiative-pas-de-suisse-a-10-millions\/\"><\/a>\n<div class=\"has-text-align-right wp-block-post-date\"><time datetime=\"2026-03-20T10:00:00+01:00\">20. mars 2026<\/time><\/div>\n\n<p class=\"gb-headline gb-headline-5933f2ba custom_non_underline gb-headline-text\"><span class=\"post-term-item term-communiques-de-presse\"><a href=\"https:\/\/vss-unes.ch\/fr\/category\/communiques-de-presse\/\">Communiqu\u00e9s de Presse<\/a><\/span><\/p>\n\n<h2 class=\"gb-headline gb-headline-3a73c4a6 gbp-section__headline gb-headline-text\">Les \u00e9tudiant-e-s disent non \u00e0 l&rsquo;initiative \u00ab Pas de Suisse \u00e0 10 millions \u00bb<\/h2>\n\n<div class=\"gb-headline gb-headline-68c60af9 gb-headline-text\">Berne, le 20 mars 2026. L&rsquo;Union des \u00e9tudiant-e-s de Suisse (UNES) rejette clairement l&rsquo;initiative \u00ab Pas de Suisse \u00e0 10 millions \u00bb. A ses yeux, l\u2019initiative n\u2019est pas un simple &#8230; <a title=\"Les \u00e9tudiant-e-s disent non \u00e0 l&rsquo;initiative \u00ab Pas de Suisse \u00e0 10 millions \u00bb\" class=\"read-more\" href=\"https:\/\/vss-unes.ch\/fr\/les-etudiant-e-s-disent-non-a-linitiative-pas-de-suisse-a-10-millions\/\" aria-label=\"En savoir plus sur Les \u00e9tudiant-e-s disent non \u00e0 l&rsquo;initiative \u00ab Pas de Suisse \u00e0 10 millions \u00bb\">Lire la suite<\/a><\/div>\n<\/div><\/div>\n\n<div class=\"gb-grid-column gb-grid-column-af3e6352 gb-query-loop-item post-24281 post type-post status-publish format-standard hentry category-communiques-de-presse\"><div class=\"gb-container gb-container-af3e6352\"><a class=\"gb-container-link\" href=\"https:\/\/vss-unes.ch\/fr\/attaques-contre-la-formation-et-la-recherche-les-etudiant-e-s-condamnent-une-politique-a-court-terme\/\"><\/a>\n<div class=\"has-text-align-right wp-block-post-date\"><time datetime=\"2026-03-16T20:00:00+01:00\">16. mars 2026<\/time><\/div>\n\n<p class=\"gb-headline gb-headline-5933f2ba custom_non_underline gb-headline-text\"><span class=\"post-term-item term-communiques-de-presse\"><a href=\"https:\/\/vss-unes.ch\/fr\/category\/communiques-de-presse\/\">Communiqu\u00e9s de Presse<\/a><\/span><\/p>\n\n<h2 class=\"gb-headline gb-headline-3a73c4a6 gbp-section__headline gb-headline-text\">Attaques contre la formation et la recherche : les \u00e9tudiant-e-s <br>condamnent une politique \u00e0 court-terme<\/h2>\n\n<div class=\"gb-headline gb-headline-68c60af9 gb-headline-text\">Berne, le 16 mars 2026. En ent\u00e9rinant des coupes budg\u00e9taires affaiblissant le syst\u00e8me de formation suisse, le Parlement s\u2019ent\u00eate dans une politique d\u2019aust\u00e9rit\u00e9 qui ne tient compte que d\u2019une vision &#8230; <a title=\"Attaques contre la formation et la recherche : les \u00e9tudiant-e-s condamnent une politique \u00e0 court-terme\" class=\"read-more\" href=\"https:\/\/vss-unes.ch\/fr\/attaques-contre-la-formation-et-la-recherche-les-etudiant-e-s-condamnent-une-politique-a-court-terme\/\" aria-label=\"En savoir plus sur Attaques contre la formation et la recherche : les \u00e9tudiant-e-s condamnent une politique \u00e0 court-terme\">Lire la suite<\/a><\/div>\n<\/div><\/div>\n\n<div class=\"gb-grid-column gb-grid-column-af3e6352 gb-query-loop-item post-24204 post type-post status-publish format-standard hentry category-communiques-de-presse\"><div class=\"gb-container gb-container-af3e6352\"><a class=\"gb-container-link\" href=\"https:\/\/vss-unes.ch\/fr\/apres-la-csec-e-la-csec-n-soutient-a-son-tour-la-demande-de-plusieurs-cantons-de-voir-la-suisse-reassociee-au-programme-erasmus\/\"><\/a>\n<div class=\"has-text-align-right wp-block-post-date\"><time datetime=\"2026-03-02T19:17:27+01:00\">2. mars 2026<\/time><\/div>\n\n<p class=\"gb-headline gb-headline-5933f2ba custom_non_underline gb-headline-text\"><span class=\"post-term-item term-communiques-de-presse\"><a href=\"https:\/\/vss-unes.ch\/fr\/category\/communiques-de-presse\/\">Communiqu\u00e9s de Presse<\/a><\/span><\/p>\n\n<h2 class=\"gb-headline gb-headline-3a73c4a6 gbp-section__headline gb-headline-text\">Apr\u00e8s la CSEC-E, la CSEC-N soutient \u00e0 son tour la demande de plusieurs cantons <br>de voir la Suisse r\u00e9associ\u00e9e au programme Erasmus+.<\/h2>\n\n<div class=\"gb-headline gb-headline-68c60af9 gb-headline-text\">Le 26 f\u00e9vrier 2026, la commission de la science, de l\u2019\u00e9ducation et la culture du conseil national aapprouv\u00e9 \u00e0 une tr\u00e8s large majorit\u00e9 les initiatives cantonales \u00e9manant de B\u00e2le-Ville, B\u00e2le-Campagne,Saint-Gall &#8230; <a title=\"Apr\u00e8s la CSEC-E, la CSEC-N soutient \u00e0 son tour la demande de plusieurs cantons de voir la Suisse r\u00e9associ\u00e9e au programme Erasmus+.\" class=\"read-more\" href=\"https:\/\/vss-unes.ch\/fr\/apres-la-csec-e-la-csec-n-soutient-a-son-tour-la-demande-de-plusieurs-cantons-de-voir-la-suisse-reassociee-au-programme-erasmus\/\" aria-label=\"En savoir plus sur Apr\u00e8s la CSEC-E, la CSEC-N soutient \u00e0 son tour la demande de plusieurs cantons de voir la Suisse r\u00e9associ\u00e9e au programme Erasmus+.\">Lire la suite<\/a><\/div>\n<\/div><\/div>\n\n<div class=\"gb-grid-column gb-grid-column-af3e6352 gb-query-loop-item post-24121 post type-post status-publish format-standard hentry category-communiques-de-presse\"><div class=\"gb-container gb-container-af3e6352\"><a class=\"gb-container-link\" href=\"https:\/\/vss-unes.ch\/fr\/appel-de-lunion-des-etudiant%c2%b7e%c2%b7s-de-suisse-pression-diplomatique-urgente-contre-les-violations-des-droits-humains-et-protection-du-droit-a-leducation-en-iran\/\"><\/a>\n<div class=\"has-text-align-right wp-block-post-date\"><time datetime=\"2026-02-25T10:58:43+01:00\">25. f\u00e9vrier 2026<\/time><\/div>\n\n<p class=\"gb-headline gb-headline-5933f2ba custom_non_underline gb-headline-text\"><span class=\"post-term-item term-communiques-de-presse\"><a href=\"https:\/\/vss-unes.ch\/fr\/category\/communiques-de-presse\/\">Communiqu\u00e9s de Presse<\/a><\/span><\/p>\n\n<h2 class=\"gb-headline gb-headline-3a73c4a6 gbp-section__headline gb-headline-text\">Appel de l\u2019Union des \u00e9tudiant\u00b7e\u00b7s de Suisse : pression diplomatique urgente contre les violations des droits humains et protection du droit \u00e0 l\u2019\u00e9ducation en Iran.<\/h2>\n\n<div class=\"gb-headline gb-headline-68c60af9 gb-headline-text\">L\u2019Union des \u00e9tudiant-e-s de Suisse exprime sa plus vive pr\u00e9occupation concernant les r\u00e9cents \u00e9v\u00e8nements en Iran. La r\u00e9pression sanglante des manifestations, conduites entre-autres par les femmes et les \u00e9tudiant\u2013es, conduit &#8230; <a title=\"Appel de l\u2019Union des \u00e9tudiant\u00b7e\u00b7s de Suisse : pression diplomatique urgente contre les violations des droits humains et protection du droit \u00e0 l\u2019\u00e9ducation en Iran.\" class=\"read-more\" href=\"https:\/\/vss-unes.ch\/fr\/appel-de-lunion-des-etudiant%c2%b7e%c2%b7s-de-suisse-pression-diplomatique-urgente-contre-les-violations-des-droits-humains-et-protection-du-droit-a-leducation-en-iran\/\" aria-label=\"En savoir plus sur Appel de l\u2019Union des \u00e9tudiant\u00b7e\u00b7s de Suisse : pression diplomatique urgente contre les violations des droits humains et protection du droit \u00e0 l\u2019\u00e9ducation en Iran.\">Lire la suite<\/a><\/div>\n<\/div><\/div>\n\n<div class=\"gb-grid-column gb-grid-column-af3e6352 gb-query-loop-item post-23195 post type-post status-publish format-standard hentry category-communiques-de-presse\"><div class=\"gb-container gb-container-af3e6352\"><a class=\"gb-container-link\" href=\"https:\/\/vss-unes.ch\/fr\/les-etudiant-e-s-sous-pression-une-recente-enquete-montre-que-les-soucis-financiers-ont-un-impact-sur-leur-sante-psychique-studierende-unter-druck-neueste-umfrage-zeigt-finanzielle-sorgen-schlage\/\"><\/a>\n<div class=\"has-text-align-right wp-block-post-date\"><time datetime=\"2025-11-20T11:00:50+01:00\">20. novembre 2025<\/time><\/div>\n\n<p class=\"gb-headline gb-headline-5933f2ba custom_non_underline gb-headline-text\"><span class=\"post-term-item term-communiques-de-presse\"><a href=\"https:\/\/vss-unes.ch\/fr\/category\/communiques-de-presse\/\">Communiqu\u00e9s de Presse<\/a><\/span><\/p>\n\n<h2 class=\"gb-headline gb-headline-3a73c4a6 gbp-section__headline gb-headline-text\">Les \u00e9tudiant-e-s sous pression : une r\u00e9cente enqu\u00eate montre que les soucis financiers ont un impact sur leur sant\u00e9 psychique<\/h2>\n\n<div class=\"gb-headline gb-headline-68c60af9 gb-headline-text\">Berne, le 20 novembre 2025. Les derniers r\u00e9sultats de l&rsquo;enqu\u00eate sur la situation sociale et \u00e9conomique des \u00e9tudiant-e-s (SSEE) publi\u00e9s aujourd&rsquo;hui par l&rsquo;Office f\u00e9d\u00e9ral de la statistique (OFS) montrent clairement &#8230; <a title=\"Les \u00e9tudiant-e-s sous pression : une r\u00e9cente enqu\u00eate montre que les soucis financiers ont un impact sur leur sant\u00e9 psychique\" class=\"read-more\" href=\"https:\/\/vss-unes.ch\/fr\/les-etudiant-e-s-sous-pression-une-recente-enquete-montre-que-les-soucis-financiers-ont-un-impact-sur-leur-sante-psychique-studierende-unter-druck-neueste-umfrage-zeigt-finanzielle-sorgen-schlage\/\" aria-label=\"En savoir plus sur Les \u00e9tudiant-e-s sous pression : une r\u00e9cente enqu\u00eate montre que les soucis financiers ont un impact sur leur sant\u00e9 psychique\">Lire la suite<\/a><\/div>\n<\/div><\/div>\n\n<div class=\"gb-grid-column gb-grid-column-af3e6352 gb-query-loop-item post-23081 post type-post status-publish format-standard hentry category-communiques-de-presse\"><div class=\"gb-container gb-container-af3e6352\"><a class=\"gb-container-link\" href=\"https:\/\/vss-unes.ch\/fr\/160000-etudiant-e-s-represente-e-s-a-lunes-engagement-renforce-pour-lacces-aux-etudes-plus-que-jamais-en-danger\/\"><\/a>\n<div class=\"has-text-align-right wp-block-post-date\"><time datetime=\"2025-11-09T15:25:35+01:00\">9. novembre 2025<\/time><\/div>\n\n<p class=\"gb-headline gb-headline-5933f2ba custom_non_underline gb-headline-text\"><span class=\"post-term-item term-communiques-de-presse\"><a href=\"https:\/\/vss-unes.ch\/fr\/category\/communiques-de-presse\/\">Communiqu\u00e9s de Presse<\/a><\/span><\/p>\n\n<h2 class=\"gb-headline gb-headline-3a73c4a6 gbp-section__headline gb-headline-text\">160\u2019000 \u00e9tudiant-e-s repr\u00e9sent\u00e9-e-s \u00e0 l\u2019UNES : engagement renforc\u00e9 pour l\u2019acc\u00e8s aux <br>\u00e9tudes, plus que jamais en danger<\/h2>\n\n<div class=\"gb-headline gb-headline-68c60af9 gb-headline-text\">Zurich, le 9 novembre 2025 Lors de sa 186e assembl\u00e9e des d\u00e9l\u00e9gu\u00e9-e-s \u00e0 Zurich, l&rsquo;Union des \u00e9tudiant-e-s de Suisse (UNES) a pris d\u2019importantes d\u00e9cisions pour son futur. Avec l&rsquo;AGEPoly (association &#8230; <a title=\"160\u2019000 \u00e9tudiant-e-s repr\u00e9sent\u00e9-e-s \u00e0 l\u2019UNES : engagement renforc\u00e9 pour l\u2019acc\u00e8s aux \u00e9tudes, plus que jamais en danger\" class=\"read-more\" href=\"https:\/\/vss-unes.ch\/fr\/160000-etudiant-e-s-represente-e-s-a-lunes-engagement-renforce-pour-lacces-aux-etudes-plus-que-jamais-en-danger\/\" aria-label=\"En savoir plus sur 160\u2019000 \u00e9tudiant-e-s repr\u00e9sent\u00e9-e-s \u00e0 l\u2019UNES : engagement renforc\u00e9 pour l\u2019acc\u00e8s aux \u00e9tudes, plus que jamais en danger\">Lire la suite<\/a><\/div>\n<\/div><\/div>\n\n<div class=\"gb-grid-column gb-grid-column-af3e6352 gb-query-loop-item post-23076 post type-post status-publish format-standard hentry category-resolutions\"><div class=\"gb-container gb-container-af3e6352\"><a class=\"gb-container-link\" href=\"https:\/\/vss-unes.ch\/fr\/resolution-pour-un-acces-equitable-aux-bourses-detude\/\"><\/a>\n<div class=\"has-text-align-right wp-block-post-date\"><time datetime=\"2025-11-09T12:21:06+01:00\">9. novembre 2025<\/time><\/div>\n\n<p class=\"gb-headline gb-headline-5933f2ba custom_non_underline gb-headline-text\"><span class=\"post-term-item term-resolutions\"><a href=\"https:\/\/vss-unes.ch\/fr\/category\/resolutions\/\">R\u00e9solution<\/a><\/span><\/p>\n\n<h2 class=\"gb-headline gb-headline-3a73c4a6 gbp-section__headline gb-headline-text\">R\u00e9solution: Pour un acc\u00e8s \u00e9quitable aux bourses d\u2019\u00e9tude<\/h2>\n\n<div class=\"gb-headline gb-headline-68c60af9 gb-headline-text\">En Suisse, la r\u00e9ussite lors de la formation ne doit pas \u00eatre une question d&rsquo;argent. Pourtant, aujourd&rsquo;hui, ce sont trop souvent des facteurs financiers qui d\u00e9terminent si les jeunes peuvent &#8230; <a title=\"R\u00e9solution: Pour un acc\u00e8s \u00e9quitable aux bourses d\u2019\u00e9tude\" class=\"read-more\" href=\"https:\/\/vss-unes.ch\/fr\/resolution-pour-un-acces-equitable-aux-bourses-detude\/\" aria-label=\"En savoir plus sur R\u00e9solution: Pour un acc\u00e8s \u00e9quitable aux bourses d\u2019\u00e9tude\">Lire la suite<\/a><\/div>\n<\/div><\/div>\n\n<div class=\"gb-grid-column gb-grid-column-af3e6352 gb-query-loop-item post-22630 post type-post status-publish format-standard hentry category-communiques-de-presse\"><div class=\"gb-container gb-container-af3e6352\"><a class=\"gb-container-link\" href=\"https:\/\/vss-unes.ch\/fr\/formation-abordable-manifestation-a-berne-et-forte-mobilisation-dans-toute-la-suisse\/\"><\/a>\n<div class=\"has-text-align-right wp-block-post-date\"><time datetime=\"2025-10-01T09:58:59+02:00\">1. octobre 2025<\/time><\/div>\n\n<p class=\"gb-headline gb-headline-5933f2ba custom_non_underline gb-headline-text\"><span class=\"post-term-item term-communiques-de-presse\"><a href=\"https:\/\/vss-unes.ch\/fr\/category\/communiques-de-presse\/\">Communiqu\u00e9s de Presse<\/a><\/span><\/p>\n\n<h2 class=\"gb-headline gb-headline-3a73c4a6 gbp-section__headline gb-headline-text\">Formation abordable : manifestation \u00e0 Berne et forte mobilisation dans toute la Suisse<\/h2>\n\n<div class=\"gb-headline gb-headline-68c60af9 gb-headline-text\">Berne, le 1er octobre 2025 Plus de 3000 personnes se sont r\u00e9unies aujourd\u2019hui sur la Place f\u00e9d\u00e9rale pour protester contre la hausse pr\u00e9vue des taxes d\u2019\u00e9tude, \u00e0 l\u2019occasion du d\u00e9p\u00f4t &#8230; <a title=\"Formation abordable : manifestation \u00e0 Berne et forte mobilisation dans toute la Suisse\" class=\"read-more\" href=\"https:\/\/vss-unes.ch\/fr\/formation-abordable-manifestation-a-berne-et-forte-mobilisation-dans-toute-la-suisse\/\" aria-label=\"En savoir plus sur Formation abordable : manifestation \u00e0 Berne et forte mobilisation dans toute la Suisse\">Lire la suite<\/a><\/div>\n<\/div><\/div>\n\n<div class=\"gb-grid-column gb-grid-column-af3e6352 gb-query-loop-item post-22626 post type-post status-publish format-standard hentry category-communiques-de-presse\"><div class=\"gb-container gb-container-af3e6352\"><a class=\"gb-container-link\" href=\"https:\/\/vss-unes.ch\/fr\/manifestation-et-remise-de-la-petition-etudier-doit-rester-abordable-maintenant\/\"><\/a>\n<div class=\"has-text-align-right wp-block-post-date\"><time datetime=\"2025-09-18T09:26:12+02:00\">18. septembre 2025<\/time><\/div>\n\n<p class=\"gb-headline gb-headline-5933f2ba custom_non_underline gb-headline-text\"><span class=\"post-term-item term-communiques-de-presse\"><a href=\"https:\/\/vss-unes.ch\/fr\/category\/communiques-de-presse\/\">Communiqu\u00e9s de Presse<\/a><\/span><\/p>\n\n<h2 class=\"gb-headline gb-headline-3a73c4a6 gbp-section__headline gb-headline-text\">Manifestation et remise de la p\u00e9tition \u201cEtudier doit rester abordable \u2013 maintenant\u201d<\/h2>\n\n<div class=\"gb-headline gb-headline-68c60af9 gb-headline-text\">Berne, le 18 septembre 2025 L\u2019Union des \u00e9tudiant-e-s de Suisse (UNES) invite les m\u00e9dias \u00e0 la remise de sa p\u00e9tition \u201cEtudier doit rester abordable \u2013 maintenant\u00a0\u00bb, munie de 35\u2019000 signatures, &#8230; <a title=\"Manifestation et remise de la p\u00e9tition \u201cEtudier doit rester abordable \u2013 maintenant\u201d\" class=\"read-more\" href=\"https:\/\/vss-unes.ch\/fr\/manifestation-et-remise-de-la-petition-etudier-doit-rester-abordable-maintenant\/\" aria-label=\"En savoir plus sur Manifestation et remise de la p\u00e9tition \u201cEtudier doit rester abordable \u2013 maintenant\u201d\">Lire la suite<\/a><\/div>\n<\/div><\/div>\n<\/div>\n\n<div class=\"gb-container gb-container-4354d139 gb-query-loop-pagination\">\n\n\n<a class=\"gb-button gb-button-41ccb028\" href=\"\/fr\/wp-json\/wp\/v2\/pages\/4395?query-90110c83-page=2\"><span class=\"gb-icon\"><svg xmlns=\"http:\/\/www.w3.org\/2000\/svg\" aria-hidden=\"true\" role=\"img\" height=\"1em\" width=\"1em\" viewbox=\"0 0 256 512\"><path fill=\"currentColor\" d=\"M224.3 273l-136 136c-9.4 9.4-24.6 9.4-33.9 0l-22.6-22.6c-9.4-9.4-9.4-24.6 0-33.9l96.4-96.4-96.4-96.4c-9.4-9.4-9.4-24.6 0-33.9L54.3 103c9.4-9.4 24.6-9.4 33.9 0l136 136c9.5 9.4 9.5 24.6.1 34z\"><\/path><\/svg><\/span><span class=\"gb-button-text\">Pr\u00e9c\u00e9dent<\/span><\/a>\n<\/div>\n\n<\/div>\n<\/section>","protected":false},"excerpt":{"rendered":"<p>Actualit\u00e9s<\/p>\n","protected":false},"author":1,"featured_media":0,"parent":0,"menu_order":0,"comment_status":"closed","ping_status":"closed","template":"","meta":{"_acf_changed":false,"inline_featured_image":false,"_EventAllDay":false,"_EventTimezone":"","_EventStartDate":"","_EventEndDate":"","_EventStartDateUTC":"","_EventEndDateUTC":"","_EventShowMap":false,"_EventShowMapLink":false,"_EventURL":"","_EventCost":"","_EventCostDescription":"","_EventCurrencySymbol":"","_EventCurrencyCode":"","_EventCurrencyPosition":"","_EventDateTimeSeparator":"","_EventTimeRangeSeparator":"","_EventOrganizerID":[],"_EventVenueID":[],"_OrganizerEmail":"","_OrganizerPhone":"","_OrganizerWebsite":"","_VenueAddress":"","_VenueCity":"","_VenueCountry":"","_VenueProvince":"","_VenueState":"","_VenueZip":"","_VenuePhone":"","_VenueURL":"","_VenueStateProvince":"","_VenueLat":"","_VenueLng":"","_VenueShowMap":false,"_VenueShowMapLink":false,"footnotes":"","_links_to":"","_links_to_target":""},"class_list":["post-4395","page","type-page","status-publish"],"acf":[],"_links":{"self":[{"href":"https:\/\/vss-unes.ch\/fr\/wp-json\/wp\/v2\/pages\/4395","targetHints":{"allow":["GET"]}}],"collection":[{"href":"https:\/\/vss-unes.ch\/fr\/wp-json\/wp\/v2\/pages"}],"about":[{"href":"https:\/\/vss-unes.ch\/fr\/wp-json\/wp\/v2\/types\/page"}],"author":[{"embeddable":true,"href":"https:\/\/vss-unes.ch\/fr\/wp-json\/wp\/v2\/users\/1"}],"replies":[{"embeddable":true,"href":"https:\/\/vss-unes.ch\/fr\/wp-json\/wp\/v2\/comments?post=4395"}],"version-history":[{"count":7,"href":"https:\/\/vss-unes.ch\/fr\/wp-json\/wp\/v2\/pages\/4395\/revisions"}],"predecessor-version":[{"id":4682,"href":"https:\/\/vss-unes.ch\/fr\/wp-json\/wp\/v2\/pages\/4395\/revisions\/4682"}],"wp:attachment":[{"href":"https:\/\/vss-unes.ch\/fr\/wp-json\/wp\/v2\/media?parent=4395"}],"curies":[{"name":"wp","href":"https:\/\/api.w.org\/{rel}","templated":true}]}}