{"id":4401,"date":"2024-07-18T08:08:53","date_gmt":"2024-07-18T06:08:53","guid":{"rendered":"https:\/\/vss.michaelschaedler.li\/themes\/"},"modified":"2025-08-25T10:37:52","modified_gmt":"2025-08-25T08:37:52","slug":"themen","status":"publish","type":"page","link":"https:\/\/vss-unes.ch\/fr\/themen\/","title":{"rendered":"Th\u00e8mes"},"content":{"rendered":"<section class=\"gb-container gb-container-46287441\">\n<div class=\"gb-container gb-container-2a48dc36 gbp-section\">\n\n<h1 class=\"gb-headline gb-headline-1512e882 gb-headline-text gbp-section__headline\">Th\u00e8mes<\/h1>\n\n<\/div>\n<\/section><section class=\"gb-container gb-container-16a78ac9 gbp-section\">\n<div class=\"gb-container gb-container-fefcb109 gbp-section__inner\">\n<div class=\"gb-container gb-container-0cb009a5\">\n\n<h2 class=\"gb-headline gb-headline-8da1e474 gb-headline-text gbp-section__headline\"><strong>Priorit\u00e9s th\u00e9matiques 2023 \u2013 2027<\/strong><\/h2>\n\n\n\n<p>Lors de la 179e Assembl\u00e9e des d\u00e9l\u00e9gu\u00e9\u00b7e\u00b7s (5\/6 novembre 2022), les six th\u00e8mes suivants ont \u00e9t\u00e9 adopt\u00e9s. Ce site pr\u00e9sente un aper\u00e7u des th\u00e8mes qui constituent une priorit\u00e9 \u00e0 long terme pour l\u2019UNES.  <br\/><br\/>Chaque th\u00e8me est pr\u00e9cis\u00e9 par plusieurs sous-points qui expliquent ce que l\u2019UNES entend par ces th\u00e8mes. Ces points ne sont toutefois pas exhaustifs et ne doivent pas \u00eatre consid\u00e9r\u00e9s comme une liste compl\u00e8te des sujets que l\u2019UNES devrait traiter. Il existe de nombreux th\u00e8mes dont l\u2019UNES s\u2019occupe ou dont elle pourrait s\u2019en occuper, mais qui n\u2019apparaissent pas dans cette liste. Cela ne signifie pas que l\u2019UNES ne s\u2019en occupera pas \u00e0 l\u2019avenir. Les diff\u00e9rentes prises de positions de l\u2019UNES restent d&rsquo;actualit\u00e9.    <\/p>\n\n\n<div class=\"gb-container gb-container-acd9dd03\">\n\n<div class=\"gb-grid-wrapper gb-grid-wrapper-3df00277 gb-query-loop-wrapper\">\n<div class=\"gb-grid-column gb-grid-column-f218bb8d gb-query-loop-item post-4958 themen type-themen status-publish has-post-thumbnail hentry topic-priorities-page-daccueil topic-priorities-priorites-thematiques-2023-2027 topic-priorities-sous-page\"><div class=\"gb-container gb-container-f218bb8d thematische-prioritaet\" style=\"background-image: url(https:\/\/vss-unes.ch\/wp-content\/uploads\/2024\/07\/2020-09-23_Petitionsuebergabe_Erasmus2-scaled-e1751457011735.jpg);\"><a class=\"gb-container-link\" href=\"https:\/\/vss-unes.ch\/fr\/themen\/international\/\"><\/a>\n<h3 class=\"gb-headline gb-headline-6aa6dc92 custom_10_z_index topic-name gb-headline-text\">International<\/h3>\n\n<h2 class=\"gb-headline gb-headline-16621121 gb-headline-text\" id=\"our-understanding\"><ul class=\"wp-block-list\">\n \t<li>Am\u00e9lioration de l\u2019inclusion de la Suisse dans l\u2019espace europ\u00e9en de l\u2019enseignement sup\u00e9rieur.<\/li>\n \t<li><span style=\"font-size: inherit;\">La garantie d\u2019une participation pleine et enti\u00e8re aux programmes d\u2019\u00e9changes europ\u00e9ens pour les \u00e9tudiant\u00b7e\u00b7s de Suisse (entre autre Erasmus+).<\/span><\/li>\n \t<li><span style=\"font-size: inherit;\">La garantie que la mobilit\u00e9 entre hautes \u00e9coles ne soit pas entrav\u00e9e par des formalit\u00e9s inutiles.<\/span><\/li>\n \t<li><span style=\"font-size: inherit;\">Participation pleine \u00e0 la politique europ\u00e9enne des Hautes \u00e9coles (notamment \u00e0 travers ESU).<\/span><\/li>\n<\/ul><\/h2>\n\n<h2 class=\"gb-headline gb-headline-d8cce17e terms-list gb-headline-text\"><span class=\"post-term-item term-page-daccueil\">Page d&rsquo;accueil<\/span>, <span class=\"post-term-item term-priorites-thematiques-2023-2027\">Priorit\u00e9s th\u00e9matiques 2023 \u2013 2027<\/span>, <span class=\"post-term-item term-sous-page\">Unterseite<\/span><\/h2>\n<\/div><\/div>\n\n<div class=\"gb-grid-column gb-grid-column-f218bb8d gb-query-loop-item post-4990 themen type-themen status-publish has-post-thumbnail hentry topic-priorities-priorites-thematiques-2023-2027\"><div class=\"gb-container gb-container-f218bb8d thematische-prioritaet\" style=\"background-image: url(https:\/\/vss-unes.ch\/wp-content\/uploads\/2024\/07\/bundeshaus_interieur-1-scaled-e1750945327582.jpg);\"><a class=\"gb-container-link\" href=\"https:\/\/vss-unes.ch\/fr\/themen\/sensibilisation-du-monde-politique-suisse-a-la-precarite-estudiantine\/\"><\/a>\n<h3 class=\"gb-headline gb-headline-6aa6dc92 custom_10_z_index topic-name gb-headline-text\">Sensibilisation du monde politique Suisse \u00e0 la pr\u00e9carit\u00e9 estudiantine<\/h3>\n\n<h2 class=\"gb-headline gb-headline-16621121 gb-headline-text\" id=\"our-understanding\"><ul>\n \t<li>Les conditions de vie des \u00e9tudiant\u00b7e\u00b7s doivent gagner en pertinence politique.<\/li>\n \t<li>De bonnes relations doivent \u00eatre entretenues avec les membres de l\u2019Assembl\u00e9e f\u00e9d\u00e9rale afin que l\u2019UNES puisse avoir la possibilit\u00e9, certes indirecte, de se d\u00e9terminer aux chambres par le biais des diff\u00e9rents instruments parlementaires \u00e0 disposition.<\/li>\n \t<li>De bonnes relations doivent \u00eatre entretenues avec les diff\u00e9rents \u201cstakeholders\u201d du paysages des Hautes \u00e9coles de Suisse.<\/li>\n<\/ul><\/h2>\n\n<h2 class=\"gb-headline gb-headline-d8cce17e terms-list gb-headline-text\"><span class=\"post-term-item term-priorites-thematiques-2023-2027\">Priorit\u00e9s th\u00e9matiques 2023 \u2013 2027<\/span><\/h2>\n<\/div><\/div>\n\n<div class=\"gb-grid-column gb-grid-column-f218bb8d gb-query-loop-item post-4974 themen type-themen status-publish has-post-thumbnail hentry topic-priorities-priorites-thematiques-2023-2027 topic-priorities-sous-page\"><div class=\"gb-container gb-container-f218bb8d thematische-prioritaet\" style=\"background-image: url(https:\/\/vss-unes.ch\/wp-content\/uploads\/2025\/06\/votes-e1750948049985.jpg);\"><a class=\"gb-container-link\" href=\"https:\/\/vss-unes.ch\/fr\/themen\/encouragement-de-la-participation-estudiantine\/\"><\/a>\n<h3 class=\"gb-headline gb-headline-6aa6dc92 custom_10_z_index topic-name gb-headline-text\">Encouragement de la participation estudiantine<\/h3>\n\n<h2 class=\"gb-headline gb-headline-16621121 gb-headline-text\" id=\"our-understanding\"><ul>\n<li>La mobilisation et la sensibilisation des \u00e9tudiant\u00b7e\u00b7s pour la participation estudiantine.<\/li>\n<li>L\u2019am\u00e9lioration de la reconnaissance institutionnelle pour la participation estudiantine.<\/li>\n<li>Le soutien des organisations \u00e9tudiant\u2219e\u2219s dans leurs activit\u00e9s, en mettant \u00e0 disposition les connaissances et en permettant l\u2019\u00e9change d\u2019exp\u00e9riences.<\/li>\n<li>Des actions et \u00e9v\u00e9nements communs dans les hautes \u00e9coles, organis\u00e9s ou coordonn\u00e9s par l\u2019UNES.<\/li>\n<li>Le renforcement de la voix \u00e9tudiante de l\u2019UNES au niveau national et international \u00e0 travers l\u2019int\u00e9gration et la participation de nouvelles sections.<\/li>\n<\/ul>\n<\/h2>\n\n<h2 class=\"gb-headline gb-headline-d8cce17e terms-list gb-headline-text\"><span class=\"post-term-item term-priorites-thematiques-2023-2027\">Priorit\u00e9s th\u00e9matiques 2023 \u2013 2027<\/span>, <span class=\"post-term-item term-sous-page\">Unterseite<\/span><\/h2>\n<\/div><\/div>\n\n<div class=\"gb-grid-column gb-grid-column-f218bb8d gb-query-loop-item post-4970 themen type-themen status-publish has-post-thumbnail hentry topic-priorities-page-daccueil topic-priorities-politique-des-hautes-ecoles topic-priorities-priorites-thematiques-2023-2027 topic-priorities-sous-page\"><div class=\"gb-container gb-container-f218bb8d thematische-prioritaet\" style=\"background-image: url(https:\/\/vss-unes.ch\/wp-content\/uploads\/2024\/07\/2ea82a99-8e6b-4577-bdf1-6a6c264fde4e-e1751282104753.jpg);\"><a class=\"gb-container-link\" href=\"https:\/\/vss-unes.ch\/fr\/themen\/nachhaltigkeit\/\"><\/a>\n<h3 class=\"gb-headline gb-headline-6aa6dc92 custom_10_z_index topic-name gb-headline-text\">Durabilit\u00e9<\/h3>\n\n<h2 class=\"gb-headline gb-headline-16621121 gb-headline-text\" id=\"our-understanding\"><ul>\n<li>L\u2019UNES participe activement \u00e0 l\u2019am\u00e9nagement durable des hautes \u00e9coles et \u00e0 la responsabilisation des acteurs et actrices d\u00e9cisi\u00b7fs\u00b7ves.<\/li>\n<li>Les exigences de l\u2019UNES doivent \u00eatre pos\u00e9es par les sections dans les diff\u00e9rentes hautes \u00e9coles et mises en \u0153uvre par les hautes \u00e9coles elles-m\u00eames. L\u2019UNES soutient ses sections membres dans ce processus. <\/li>\n<li>L\u2019UNES s\u2019engage au niveau politique (des hautes \u00e9coles) pour garantir des moyens financiers pour la promotion de projets d\u2019\u00e9tudiant\u00b7e\u00b7s dans le domaine de la durabilit\u00e9.<\/li>\n<li>La collaboration entre les projets \u00e9tudiant\u2219e\u2219s d\u00e9j\u00e0 existants et la mise en place de nouveaux projets sont encourag\u00e9es par l\u2019UNES.<\/li>\n<\/ul>\n<\/h2>\n\n<h2 class=\"gb-headline gb-headline-d8cce17e terms-list gb-headline-text\"><span class=\"post-term-item term-page-daccueil\">Page d&rsquo;accueil<\/span>, <span class=\"post-term-item term-politique-des-hautes-ecoles\">Politique des hautes \u00e9coles<\/span>, <span class=\"post-term-item term-priorites-thematiques-2023-2027\">Priorit\u00e9s th\u00e9matiques 2023 \u2013 2027<\/span>, <span class=\"post-term-item term-sous-page\">Unterseite<\/span><\/h2>\n<\/div><\/div>\n\n<div class=\"gb-grid-column gb-grid-column-f218bb8d gb-query-loop-item post-4967 themen type-themen status-publish has-post-thumbnail hentry topic-priorities-page-daccueil topic-priorities-priorites-thematiques-2023-2027 topic-priorities-sous-page\"><div class=\"gb-container gb-container-f218bb8d thematische-prioritaet\" style=\"background-image: url(https:\/\/vss-unes.ch\/wp-content\/uploads\/2025\/07\/frauenstreik_2019-e1752054758830.jpg);\"><a class=\"gb-container-link\" href=\"https:\/\/vss-unes.ch\/fr\/themen\/egalite\/\"><\/a>\n<h3 class=\"gb-headline gb-headline-6aa6dc92 custom_10_z_index topic-name gb-headline-text\">\u00c9galit\u00e9<\/h3>\n\n<h2 class=\"gb-headline gb-headline-16621121 gb-headline-text\" id=\"our-understanding\"><ul>\n \t<li>L\u2019UNES s\u2019engage contre la discrimination sous toutes ses formes dans les hautes \u00e9coles.<\/li>\n \t<li>La compatibilit\u00e9 des \u00e9tudes avec une activit\u00e9 professionnelle, des obligations de prise en charge, un ou des handicaps et un engagement dans la soci\u00e9t\u00e9 civile doit \u00eatre garantie. L\u2019UNES s\u2019engage pour cela dans les diff\u00e9rents organes politiques (universitaires). <\/li>\n \t<li>L\u2019UNES se penche intensivement sur les th\u00e8mes de l\u2019\u00e9galit\u00e9 au sein de l\u2019Union d\u2019une part et du corps estudiantin d\u2019autre part, en tenant compte de la perspective intersectionnelle. L\u2019\u00e9galit\u00e9 doit ainsi \u00eatre pens\u00e9e de mani\u00e8re plus large que la d\u00e9finition de \u00ab l\u2019\u00e9galit\u00e9 entre hommes et femmes \u00bb, pr\u00e9dominante jusqu\u2019\u00e0 pr\u00e9sent. <\/li>\n \t<li>L\u2019accessibilit\u00e9 dans les hautes \u00e9coles doit \u00eatre garantie, notamment au vu du d\u00e9veloppement de l\u2019enseignement num\u00e9rique.<\/li>\n \t<li>L\u2019UNES continue \u00e0 s\u2019engager pour les \u00e9tudiant\u00b7e\u00b7s r\u00e9fugi\u00e9\u00b7e\u00b7s et demande que les hautes \u00e9coles et les cantons assument davantage de responsabilit\u00e9s dans ce domaine.<\/li>\n<\/ul><\/h2>\n\n<h2 class=\"gb-headline gb-headline-d8cce17e terms-list gb-headline-text\"><span class=\"post-term-item term-page-daccueil\">Page d&rsquo;accueil<\/span>, <span class=\"post-term-item term-priorites-thematiques-2023-2027\">Priorit\u00e9s th\u00e9matiques 2023 \u2013 2027<\/span>, <span class=\"post-term-item term-sous-page\">Unterseite<\/span><\/h2>\n<\/div><\/div>\n\n<div class=\"gb-grid-column gb-grid-column-f218bb8d gb-query-loop-item post-4988 themen type-themen status-publish has-post-thumbnail hentry topic-priorities-priorites-thematiques-2023-2027\"><div class=\"gb-container gb-container-f218bb8d thematische-prioritaet\" style=\"background-image: url(https:\/\/vss-unes.ch\/wp-content\/uploads\/2024\/07\/verbesserung_lage_studierende.jpg);\"><a class=\"gb-container-link\" href=\"https:\/\/vss-unes.ch\/fr\/themen\/amelioration-de-la-situation-economique-et-sociale-des-etudiant%c2%b7e%c2%b7s\/\"><\/a>\n<h3 class=\"gb-headline gb-headline-6aa6dc92 custom_10_z_index topic-name gb-headline-text\">Am\u00e9lioration de la situation \u00e9conomique et sociale des \u00e9tudiant\u00b7e\u00b7s<\/h3>\n\n<h2 class=\"gb-headline gb-headline-16621121 gb-headline-text\" id=\"our-understanding\"><ul>\n \t<li>L\u2019acc\u00e8s \u00e0 la formation sup\u00e9rieure doit \u00eatre garanti aux \u00e9tudiant\u2219e\u2219s, ind\u00e9pendamment de leur situation sociale et \u00e9conomique.<\/li>\n \t<li>L\u2019UNES s\u2019engage pour plus de logements \u00e9tudiant\u2219e\u2219s abordables.<\/li>\n \t<li>L\u2019UNES s\u2019engage politiquement \u00e0 tous les niveaux pour augmenter les montants de base des bourses d\u2019\u00e9tudes, imposer le concordat sur les bourses d\u2019\u00e9tudes dans tous les cantons et am\u00e9liorer l\u2019acc\u00e8s aux bourses d\u2019\u00e9tudes en r\u00e9duisant les obstacles.<\/li>\n \t<li>La sant\u00e9 psychique des \u00e9tudiant\u2219e\u2219s doit \u00eatre renforc\u00e9e et prot\u00e9g\u00e9e par des mesures pr\u00e9ventives au niveau syst\u00e9mique. L\u2019UNES s\u2019engage en particulier au niveau politique (universitaire) pour la mise en \u0153uvre de ces mesures. <\/li>\n \t<li>L\u2019UNES s\u2019engage pour une meilleure mobilit\u00e9 et des bons de mobilit\u00e9 pour les \u00e9tudiant\u2219e\u2219s, qui doivent \u00eatre financ\u00e9s par les pouvoirs publics.<\/li>\n \t<li>Une utilisation cibl\u00e9e de l\u2019enseignement num\u00e9rique en tenant compte de l\u2019\u00e9galit\u00e9 des chances reste pour l\u2019UNES une th\u00e9matique centrale afin de faciliter le quotidien des \u00e9tudiant\u2219e\u2219s.<\/li>\n<\/ul><\/h2>\n\n<h2 class=\"gb-headline gb-headline-d8cce17e terms-list gb-headline-text\"><span class=\"post-term-item term-priorites-thematiques-2023-2027\">Priorit\u00e9s th\u00e9matiques 2023 \u2013 2027<\/span><\/h2>\n<\/div><\/div>\n<\/div>\n\n<\/div>\n\n<div class=\"gb-container gb-container-ace99ba8\">\n\n<div class=\"gb-grid-wrapper gb-grid-wrapper-840e2067 gb-query-loop-wrapper\">\n<div class=\"gb-grid-column gb-grid-column-f5eb48d3 gb-query-loop-item post-4958 themen type-themen status-publish has-post-thumbnail hentry topic-priorities-page-daccueil topic-priorities-priorites-thematiques-2023-2027 topic-priorities-sous-page\"><div class=\"gb-container gb-container-f5eb48d3\">\n<h2 class=\"gb-headline gb-headline-744ee832 custom_non_underline\"><span class=\"gb-icon\"><svg xmlns=\"http:\/\/www.w3.org\/2000\/svg\" aria-hidden=\"true\" role=\"img\" height=\"1em\" width=\"1em\" viewbox=\"0 0 256 512\"><path fill=\"currentColor\" d=\"M224.3 273l-136 136c-9.4 9.4-24.6 9.4-33.9 0l-22.6-22.6c-9.4-9.4-9.4-24.6 0-33.9l96.4-96.4-96.4-96.4c-9.4-9.4-9.4-24.6 0-33.9L54.3 103c9.4-9.4 24.6-9.4 33.9 0l136 136c9.5 9.4 9.5 24.6.1 34z\"><\/path><\/svg><\/span><span class=\"gb-headline-text\"><a href=\"https:\/\/vss-unes.ch\/fr\/themen\/international\/\">International<\/a><\/span><\/h2>\n<\/div><\/div>\n\n<div class=\"gb-grid-column gb-grid-column-f5eb48d3 gb-query-loop-item post-4990 themen type-themen status-publish has-post-thumbnail hentry topic-priorities-priorites-thematiques-2023-2027\"><div class=\"gb-container gb-container-f5eb48d3\">\n<h2 class=\"gb-headline gb-headline-744ee832 custom_non_underline\"><span class=\"gb-icon\"><svg xmlns=\"http:\/\/www.w3.org\/2000\/svg\" aria-hidden=\"true\" role=\"img\" height=\"1em\" width=\"1em\" viewbox=\"0 0 256 512\"><path fill=\"currentColor\" d=\"M224.3 273l-136 136c-9.4 9.4-24.6 9.4-33.9 0l-22.6-22.6c-9.4-9.4-9.4-24.6 0-33.9l96.4-96.4-96.4-96.4c-9.4-9.4-9.4-24.6 0-33.9L54.3 103c9.4-9.4 24.6-9.4 33.9 0l136 136c9.5 9.4 9.5 24.6.1 34z\"><\/path><\/svg><\/span><span class=\"gb-headline-text\"><a href=\"https:\/\/vss-unes.ch\/fr\/themen\/sensibilisation-du-monde-politique-suisse-a-la-precarite-estudiantine\/\">Sensibilisation du monde politique Suisse \u00e0 la pr\u00e9carit\u00e9 estudiantine<\/a><\/span><\/h2>\n<\/div><\/div>\n\n<div class=\"gb-grid-column gb-grid-column-f5eb48d3 gb-query-loop-item post-4974 themen type-themen status-publish has-post-thumbnail hentry topic-priorities-priorites-thematiques-2023-2027 topic-priorities-sous-page\"><div class=\"gb-container gb-container-f5eb48d3\">\n<h2 class=\"gb-headline gb-headline-744ee832 custom_non_underline\"><span class=\"gb-icon\"><svg xmlns=\"http:\/\/www.w3.org\/2000\/svg\" aria-hidden=\"true\" role=\"img\" height=\"1em\" width=\"1em\" viewbox=\"0 0 256 512\"><path fill=\"currentColor\" d=\"M224.3 273l-136 136c-9.4 9.4-24.6 9.4-33.9 0l-22.6-22.6c-9.4-9.4-9.4-24.6 0-33.9l96.4-96.4-96.4-96.4c-9.4-9.4-9.4-24.6 0-33.9L54.3 103c9.4-9.4 24.6-9.4 33.9 0l136 136c9.5 9.4 9.5 24.6.1 34z\"><\/path><\/svg><\/span><span class=\"gb-headline-text\"><a href=\"https:\/\/vss-unes.ch\/fr\/themen\/encouragement-de-la-participation-estudiantine\/\">Encouragement de la participation estudiantine<\/a><\/span><\/h2>\n<\/div><\/div>\n\n<div class=\"gb-grid-column gb-grid-column-f5eb48d3 gb-query-loop-item post-4970 themen type-themen status-publish has-post-thumbnail hentry topic-priorities-page-daccueil topic-priorities-politique-des-hautes-ecoles topic-priorities-priorites-thematiques-2023-2027 topic-priorities-sous-page\"><div class=\"gb-container gb-container-f5eb48d3\">\n<h2 class=\"gb-headline gb-headline-744ee832 custom_non_underline\"><span class=\"gb-icon\"><svg xmlns=\"http:\/\/www.w3.org\/2000\/svg\" aria-hidden=\"true\" role=\"img\" height=\"1em\" width=\"1em\" viewbox=\"0 0 256 512\"><path fill=\"currentColor\" d=\"M224.3 273l-136 136c-9.4 9.4-24.6 9.4-33.9 0l-22.6-22.6c-9.4-9.4-9.4-24.6 0-33.9l96.4-96.4-96.4-96.4c-9.4-9.4-9.4-24.6 0-33.9L54.3 103c9.4-9.4 24.6-9.4 33.9 0l136 136c9.5 9.4 9.5 24.6.1 34z\"><\/path><\/svg><\/span><span class=\"gb-headline-text\"><a href=\"https:\/\/vss-unes.ch\/fr\/themen\/nachhaltigkeit\/\">Durabilit\u00e9<\/a><\/span><\/h2>\n<\/div><\/div>\n\n<div class=\"gb-grid-column gb-grid-column-f5eb48d3 gb-query-loop-item post-4967 themen type-themen status-publish has-post-thumbnail hentry topic-priorities-page-daccueil topic-priorities-priorites-thematiques-2023-2027 topic-priorities-sous-page\"><div class=\"gb-container gb-container-f5eb48d3\">\n<h2 class=\"gb-headline gb-headline-744ee832 custom_non_underline\"><span class=\"gb-icon\"><svg xmlns=\"http:\/\/www.w3.org\/2000\/svg\" aria-hidden=\"true\" role=\"img\" height=\"1em\" width=\"1em\" viewbox=\"0 0 256 512\"><path fill=\"currentColor\" d=\"M224.3 273l-136 136c-9.4 9.4-24.6 9.4-33.9 0l-22.6-22.6c-9.4-9.4-9.4-24.6 0-33.9l96.4-96.4-96.4-96.4c-9.4-9.4-9.4-24.6 0-33.9L54.3 103c9.4-9.4 24.6-9.4 33.9 0l136 136c9.5 9.4 9.5 24.6.1 34z\"><\/path><\/svg><\/span><span class=\"gb-headline-text\"><a href=\"https:\/\/vss-unes.ch\/fr\/themen\/egalite\/\">\u00c9galit\u00e9<\/a><\/span><\/h2>\n<\/div><\/div>\n\n<div class=\"gb-grid-column gb-grid-column-f5eb48d3 gb-query-loop-item post-4988 themen type-themen status-publish has-post-thumbnail hentry topic-priorities-priorites-thematiques-2023-2027\"><div class=\"gb-container gb-container-f5eb48d3\">\n<h2 class=\"gb-headline gb-headline-744ee832 custom_non_underline\"><span class=\"gb-icon\"><svg xmlns=\"http:\/\/www.w3.org\/2000\/svg\" aria-hidden=\"true\" role=\"img\" height=\"1em\" width=\"1em\" viewbox=\"0 0 256 512\"><path fill=\"currentColor\" d=\"M224.3 273l-136 136c-9.4 9.4-24.6 9.4-33.9 0l-22.6-22.6c-9.4-9.4-9.4-24.6 0-33.9l96.4-96.4-96.4-96.4c-9.4-9.4-9.4-24.6 0-33.9L54.3 103c9.4-9.4 24.6-9.4 33.9 0l136 136c9.5 9.4 9.5 24.6.1 34z\"><\/path><\/svg><\/span><span class=\"gb-headline-text\"><a href=\"https:\/\/vss-unes.ch\/fr\/themen\/amelioration-de-la-situation-economique-et-sociale-des-etudiant%c2%b7e%c2%b7s\/\">Am\u00e9lioration de la situation \u00e9conomique et sociale des \u00e9tudiant\u00b7e\u00b7s<\/a><\/span><\/h2>\n<\/div><\/div>\n<\/div>\n\n<\/div>\n<\/div>\n<\/div>\n<\/section><div class=\"gb-container gb-container-cd853a69\">\n<div class=\"gb-container gb-container-b75ef5af\">\n\n<h2 class=\"gb-headline gb-headline-b5b11f2a gb-headline-text gbp-section__headline\">Autres th\u00e9matiques<\/h2>\n\n\n\n<div class=\"gb-grid-wrapper gb-grid-wrapper-bfa8565f gb-query-loop-wrapper\">\n<div class=\"gb-grid-column gb-grid-column-7ca23a5c gb-query-loop-item post-22045 themen type-themen status-publish has-post-thumbnail hentry topic-priorities-pas-de-priorite-thematique\"><div class=\"gb-container gb-container-7ca23a5c\" style=\"background-image: url(https:\/\/vss-unes.ch\/wp-content\/uploads\/2025\/08\/piece-1.png);\"><a class=\"gb-container-link\" href=\"https:\/\/vss-unes.ch\/fr\/themen\/programme-dallegement-budgetaire-2027-de-la-confederation\/\"><\/a>\n<h3 class=\"gb-headline gb-headline-160b6883 custom_10_z_index gb-headline-text\">Programme d&rsquo;all\u00e9gement budg\u00e9taire 2027 de la Conf\u00e9d\u00e9ration<\/h3>\n<\/div><\/div>\n\n<div class=\"gb-grid-column gb-grid-column-7ca23a5c gb-query-loop-item post-4980 themen type-themen status-publish has-post-thumbnail hentry topic-priorities-pas-de-priorite-thematique\"><div class=\"gb-container gb-container-7ca23a5c\" style=\"background-image: url(https:\/\/vss-unes.ch\/wp-content\/uploads\/2025\/07\/Mietrecht_NEIN-scaled.jpg);\"><a class=\"gb-container-link\" href=\"https:\/\/vss-unes.ch\/fr\/themen\/droit-du-bail\/\"><\/a>\n<h3 class=\"gb-headline gb-headline-160b6883 custom_10_z_index gb-headline-text\">Droit du bail<\/h3>\n<\/div><\/div>\n\n<div class=\"gb-grid-column gb-grid-column-7ca23a5c gb-query-loop-item post-4933 themen type-themen status-publish has-post-thumbnail hentry topic-priorities-page-daccueil topic-priorities-pas-de-priorite-thematique topic-priorities-sous-page\"><div class=\"gb-container gb-container-7ca23a5c\" style=\"background-image: url(https:\/\/vss-unes.ch\/wp-content\/uploads\/2024\/07\/Soziales-1-e1751961726626.jpg);\"><a class=\"gb-container-link\" href=\"https:\/\/vss-unes.ch\/fr\/themen\/questions-sociales\/\"><\/a>\n<h3 class=\"gb-headline gb-headline-160b6883 custom_10_z_index gb-headline-text\">Questions sociales<\/h3>\n<\/div><\/div>\n\n<div class=\"gb-grid-column gb-grid-column-7ca23a5c gb-query-loop-item post-4934 themen type-themen status-publish has-post-thumbnail hentry topic-priorities-page-daccueil topic-priorities-pas-de-priorite-thematique topic-priorities-sous-page\"><div class=\"gb-container gb-container-7ca23a5c\" style=\"background-image: url(https:\/\/vss-unes.ch\/wp-content\/uploads\/2024\/07\/Hochschulpolitik_3-e1751456524444.jpg);\"><a class=\"gb-container-link\" href=\"https:\/\/vss-unes.ch\/fr\/themen\/politique-universitaire\/\"><\/a>\n<h3 class=\"gb-headline gb-headline-160b6883 custom_10_z_index gb-headline-text\">Politique universitaire<\/h3>\n<\/div><\/div>\n\n<div class=\"gb-grid-column gb-grid-column-7ca23a5c gb-query-loop-item post-4957 themen type-themen status-publish has-post-thumbnail hentry topic-priorities-pas-de-priorite-thematique\"><div class=\"gb-container gb-container-7ca23a5c\" style=\"background-image: url(https:\/\/vss-unes.ch\/wp-content\/uploads\/2024\/07\/hochschuhlzugang_gefluechtete.jpg);\"><a class=\"gb-container-link\" href=\"https:\/\/vss-unes.ch\/fr\/themen\/acces-aux-hautes-ecoles-pour-les-refugie%c2%b7e%c2%b7s\/\"><\/a>\n<h3 class=\"gb-headline gb-headline-160b6883 custom_10_z_index gb-headline-text\">Acc\u00e8s aux hautes \u00e9coles pour les r\u00e9fugi\u00e9\u00b7e\u00b7s<\/h3>\n<\/div><\/div>\n<\/div>\n\n<\/div>\n<\/div>","protected":false},"excerpt":{"rendered":"<p>Th\u00e8mes Priorit\u00e9s th\u00e9matiques 2023 \u2013 2027 Lors de la 179e Assembl\u00e9e des d\u00e9l\u00e9gu\u00e9\u00b7e\u00b7s (5\/6 novembre 2022), les six th\u00e8mes suivants ont \u00e9t\u00e9 adopt\u00e9s. Ce site pr\u00e9sente un aper\u00e7u des th\u00e8mes &#8230; <a title=\"Th\u00e8mes\" class=\"read-more\" href=\"https:\/\/vss-unes.ch\/fr\/themen\/\" aria-label=\"En savoir plus sur Th\u00e8mes\">Lire la suite<\/a><\/p>\n","protected":false},"author":1,"featured_media":0,"parent":0,"menu_order":0,"comment_status":"closed","ping_status":"closed","template":"","meta":{"_acf_changed":false,"inline_featured_image":false,"_EventAllDay":false,"_EventTimezone":"","_EventStartDate":"","_EventEndDate":"","_EventStartDateUTC":"","_EventEndDateUTC":"","_EventShowMap":false,"_EventShowMapLink":false,"_EventURL":"","_EventCost":"","_EventCostDescription":"","_EventCurrencySymbol":"","_EventCurrencyCode":"","_EventCurrencyPosition":"","_EventDateTimeSeparator":"","_EventTimeRangeSeparator":"","_EventOrganizerID":[],"_EventVenueID":[],"_OrganizerEmail":"","_OrganizerPhone":"","_OrganizerWebsite":"","_VenueAddress":"","_VenueCity":"","_VenueCountry":"","_VenueProvince":"","_VenueState":"","_VenueZip":"","_VenuePhone":"","_VenueURL":"","_VenueStateProvince":"","_VenueLat":"","_VenueLng":"","_VenueShowMap":false,"_VenueShowMapLink":false,"footnotes":"","_links_to":"","_links_to_target":""},"class_list":["post-4401","page","type-page","status-publish"],"acf":[],"_links":{"self":[{"href":"https:\/\/vss-unes.ch\/fr\/wp-json\/wp\/v2\/pages\/4401","targetHints":{"allow":["GET"]}}],"collection":[{"href":"https:\/\/vss-unes.ch\/fr\/wp-json\/wp\/v2\/pages"}],"about":[{"href":"https:\/\/vss-unes.ch\/fr\/wp-json\/wp\/v2\/types\/page"}],"author":[{"embeddable":true,"href":"https:\/\/vss-unes.ch\/fr\/wp-json\/wp\/v2\/users\/1"}],"replies":[{"embeddable":true,"href":"https:\/\/vss-unes.ch\/fr\/wp-json\/wp\/v2\/comments?post=4401"}],"version-history":[{"count":17,"href":"https:\/\/vss-unes.ch\/fr\/wp-json\/wp\/v2\/pages\/4401\/revisions"}],"predecessor-version":[{"id":22185,"href":"https:\/\/vss-unes.ch\/fr\/wp-json\/wp\/v2\/pages\/4401\/revisions\/22185"}],"wp:attachment":[{"href":"https:\/\/vss-unes.ch\/fr\/wp-json\/wp\/v2\/media?parent=4401"}],"curies":[{"name":"wp","href":"https:\/\/api.w.org\/{rel}","templated":true}]}}