{"id":4411,"date":"2024-12-28T13:24:23","date_gmt":"2024-12-28T12:24:23","guid":{"rendered":"https:\/\/vss.michaelschaedler.li\/commission-sociale-coso\/"},"modified":"2025-06-17T10:38:59","modified_gmt":"2025-06-17T08:38:59","slug":"soko","status":"publish","type":"page","link":"https:\/\/vss-unes.ch\/fr\/soko\/","title":{"rendered":"Commission Sociale (CoSo)"},"content":{"rendered":"<section class=\"gb-container gb-container-46287441\">\n<div class=\"gb-container gb-container-2a48dc36 gbp-section\">\n\n<h1 class=\"gb-headline gb-headline-1512e882 gb-headline-text gbp-section__headline\"><mark style=\"background-color:rgba(0, 0, 0, 0)\" class=\"has-inline-color has-contrast-3-color\">Commission<\/mark> Sociale (CoSo)<\/h1>\n\n\n\n<p>La CoSo est la commission sociale de l\u2019union. Elle aborde des sujets d\u2019actualit\u00e9 dans le champ social et y travaille intensivement. <\/p>\n\n\n<div class=\"gb-container gb-container-edc0fa77\">\n\n<a class=\"gb-button gb-button-58604b5c gb-button-text\" href=\"https:\/\/vss-unes.ch\/wp-content\/uploads\/2024\/12\/2018-02_Leitbild-SoKo.pdf\">Charte<\/a>\n\n\n\n<a class=\"gb-button gb-button-66f51c1b gb-button-text\" href=\"https:\/\/vss-unes.ch\/wp-content\/uploads\/2025\/04\/Buts-annuels-2024-CoSo.pdf\">Buts annuels 2023\/2024<\/a>\n\n<\/div>\n<\/div>\n<\/section><div class=\"gb-container gb-container-e701c206\">\n<div class=\"gb-container gb-container-68d09175\">\n\n<figure class=\"wp-block-embed is-type-video is-provider-youtube wp-block-embed-youtube wp-embed-aspect-16-9 wp-has-aspect-ratio\"><div class=\"wp-block-embed__wrapper\">\n<iframe loading=\"lazy\" title=\"Sozialkommission (SoKo)\" width=\"1200\" height=\"675\" src=\"https:\/\/www.youtube.com\/embed\/8cP1RW4P5Ss?feature=oembed\" frameborder=\"0\" allow=\"accelerometer; autoplay; clipboard-write; encrypted-media; gyroscope; picture-in-picture; web-share\" referrerpolicy=\"strict-origin-when-cross-origin\" allowfullscreen><\/iframe>\n<\/div><\/figure>\n\n<\/div>\n<\/div><section class=\"gb-container gb-container-16a78ac9 gbp-section\">\n<div class=\"gb-grid-wrapper gb-grid-wrapper-d8d3ebdc\">\n<div class=\"gb-grid-column gb-grid-column-ca2c91cc\"><div class=\"gb-container gb-container-ca2c91cc\">\n\n<h2 class=\"gb-headline gb-headline-5f3b7437 gb-headline-text\">Actualit\u00e9s et collaboration dans la CoSo<\/h2>\n\n\n\n<p>Un logement abordable est une condition requise pour les \u00e9tudes ! La CoSo s\u2019occupe notamment de la situation des \u00e9tudiant\u00b7e\u00b7s en mati\u00e8re de logement. Cela implique une enqu\u00eate statistique sur la situation actuelle des \u00e9tudiant\u00b7e\u00b7s et un document de synth\u00e8se sera cr\u00e9\u00e9 pour simplifier l\u2019acc\u00e8s des \u00e9tudiant\u00b7e\u00b7s \u00e0 un logement abordable. As-tu des questions ? Viens nous voir ! Mieux encore, impliques toi dans la Commission pour l\u2019\u00e9galit\u00e9 d\u2019acc\u00e8s \u00e0 l\u2019enseignement sup\u00e9rieur. Prends contact d\u00e8s maintenant avec la pr\u00e9sidence de la Commission sociale (CoSo). Nous sommes impatients de travailler avec toi pour am\u00e9liorer les conditions sociales des \u00e9tudiant\u00b7e\u00b7s actuel\u00b7le\u00b7s et du futur.       <\/p>\n\n\n\n<div aria-hidden=\"true\" class=\"wp-block-spacer\"><\/div>\n\n\n\n<h3 class=\"gb-headline gb-headline-d3c52a19 gb-headline-text\">Situation du logement<\/h3>\n\n\n\n<p>L&rsquo;UNES (Union des \u00e9tudiant\u00b7e\u00b7s de la Suisse) et la CoSo (Commission sociale) s&rsquo;inqui\u00e8tent de la situation des \u00e9tudiant\u00b7e\u00b7s en mati\u00e8re de logement. Le site web vise \u00e0 faciliter la recherche d&rsquo;un logement en offrant une vue d&rsquo;ensemble des plateformes disponibles dans les villes suisses. Il fournit des conseils pratiques pour les personnes \u00e0 la recherche d&rsquo;une colocation et pour la vie en colocation. Il traite \u00e9galement des aspects juridiques des contrats de location.   <\/p>\n\n\n\n<a class=\"gb-button gb-button-056b0d60 gb-button-text\" href=\"Logement\">En savoir plus<\/a>\n\n<\/div><\/div>\n\n<div class=\"gb-grid-column gb-grid-column-765d1e09\"><div class=\"gb-container gb-container-765d1e09\">\n\n<h3 class=\"gb-headline gb-headline-b7dd5f70\"><span class=\"gb-icon\"><svg xmlns=\"http:\/\/www.w3.org\/2000\/svg\" aria-hidden=\"true\" role=\"img\" height=\"1em\" width=\"1em\" viewbox=\"0 0 496 512\"><path fill=\"currentColor\" d=\"M248 8C111 8 0 119 0 256s111 248 248 248 248-111 248-248S385 8 248 8zm0 96c48.6 0 88 39.4 88 88s-39.4 88-88 88-88-39.4-88-88 39.4-88 88-88zm0 344c-58.7 0-111.3-26.6-146.5-68.2 18.8-35.4 55.6-59.8 98.5-59.8 2.4 0 4.8.4 7.1 1.1 13 4.2 26.6 6.9 40.9 6.9 14.3 0 28-2.7 40.9-6.9 2.3-.7 4.7-1.1 7.1-1.1 42.9 0 79.7 24.4 98.5 59.8C359.3 421.4 306.7 448 248 448z\"><\/path><\/svg><\/span><span class=\"gb-headline-text\">Pr\u00e9sidence de la Commission<\/span><\/h3>\n\n\n\n<p>La commission est actuellement pr\u00e9sid\u00e9e par Franck William et Macarena Picazo Mora.<\/p>\n\n\n\n<a class=\"gb-button gb-button-441a3097\" href=\"mailto:presidence.soko@vss-unes.ch\"><span class=\"gb-icon\"><svg xmlns=\"http:\/\/www.w3.org\/2000\/svg\" aria-hidden=\"true\" role=\"img\" height=\"1em\" width=\"1em\" viewbox=\"0 0 512 512\"><path fill=\"currentColor\" d=\"M464 64H48C21.49 64 0 85.49 0 112v288c0 26.51 21.49 48 48 48h416c26.51 0 48-21.49 48-48V112c0-26.51-21.49-48-48-48zm0 48v40.805c-22.422 18.259-58.168 46.651-134.587 106.49-16.841 13.247-50.201 45.072-73.413 44.701-23.208.375-56.579-31.459-73.413-44.701C106.18 199.465 70.425 171.067 48 152.805V112h416zM48 400V214.398c22.914 18.251 55.409 43.862 104.938 82.646 21.857 17.205 60.134 55.186 103.062 54.955 42.717.231 80.509-37.199 103.053-54.947 49.528-38.783 82.032-64.401 104.947-82.653V400H48z\"><\/path><\/svg><\/span><span class=\"gb-button-text\">E-mail<\/span><\/a>\n\n<\/div><\/div>\n<\/div>\n<\/section>","protected":false},"excerpt":{"rendered":"<p>Commission Sociale (CoSo) La CoSo est la commission sociale de l\u2019union. Elle aborde des sujets d\u2019actualit\u00e9 dans le champ social et y travaille intensivement.<\/p>\n","protected":false},"author":1,"featured_media":0,"parent":0,"menu_order":0,"comment_status":"closed","ping_status":"closed","template":"","meta":{"_acf_changed":false,"inline_featured_image":false,"_EventAllDay":false,"_EventTimezone":"","_EventStartDate":"","_EventEndDate":"","_EventStartDateUTC":"","_EventEndDateUTC":"","_EventShowMap":false,"_EventShowMapLink":false,"_EventURL":"","_EventCost":"","_EventCostDescription":"","_EventCurrencySymbol":"","_EventCurrencyCode":"","_EventCurrencyPosition":"","_EventDateTimeSeparator":"","_EventTimeRangeSeparator":"","_EventOrganizerID":[],"_EventVenueID":[],"_OrganizerEmail":"","_OrganizerPhone":"","_OrganizerWebsite":"","_VenueAddress":"","_VenueCity":"","_VenueCountry":"","_VenueProvince":"","_VenueState":"","_VenueZip":"","_VenuePhone":"","_VenueURL":"","_VenueStateProvince":"","_VenueLat":"","_VenueLng":"","_VenueShowMap":false,"_VenueShowMapLink":false,"footnotes":"","_links_to":"","_links_to_target":""},"class_list":["post-4411","page","type-page","status-publish"],"acf":[],"_links":{"self":[{"href":"https:\/\/vss-unes.ch\/fr\/wp-json\/wp\/v2\/pages\/4411","targetHints":{"allow":["GET"]}}],"collection":[{"href":"https:\/\/vss-unes.ch\/fr\/wp-json\/wp\/v2\/pages"}],"about":[{"href":"https:\/\/vss-unes.ch\/fr\/wp-json\/wp\/v2\/types\/page"}],"author":[{"embeddable":true,"href":"https:\/\/vss-unes.ch\/fr\/wp-json\/wp\/v2\/users\/1"}],"replies":[{"embeddable":true,"href":"https:\/\/vss-unes.ch\/fr\/wp-json\/wp\/v2\/comments?post=4411"}],"version-history":[{"count":7,"href":"https:\/\/vss-unes.ch\/fr\/wp-json\/wp\/v2\/pages\/4411\/revisions"}],"predecessor-version":[{"id":5657,"href":"https:\/\/vss-unes.ch\/fr\/wp-json\/wp\/v2\/pages\/4411\/revisions\/5657"}],"wp:attachment":[{"href":"https:\/\/vss-unes.ch\/fr\/wp-json\/wp\/v2\/media?parent=4411"}],"curies":[{"name":"wp","href":"https:\/\/api.w.org\/{rel}","templated":true}]}}