{"id":21915,"date":"2025-08-06T16:29:06","date_gmt":"2025-08-06T14:29:06","guid":{"rendered":"https:\/\/vss-unes.ch\/cercasi-student%c2%b7esse-per-procedure-di-accreditamento\/"},"modified":"2026-04-13T13:59:57","modified_gmt":"2026-04-13T11:59:57","slug":"cercasi-student%c2%b7esse-per-procedure-di-accreditamento","status":"publish","type":"page","link":"https:\/\/vss-unes.ch\/it\/cercasi-student%c2%b7esse-per-procedure-di-accreditamento\/","title":{"rendered":"Cercasi: student\u00b7esse per procedure di accreditamento"},"content":{"rendered":"\n<p>Le scuole universitarie svizzere vengono regolarmente valutate per verificare come garantiscono la qualit\u00e0. Le procedure di assicurazione della qualit\u00e0 e di accreditamento servono a esaminare e sviluppare sistematicamente questi aspetti, con l\u2019obiettivo di garantire standard trasparenti, rafforzare la fiducia nei titoli accademici e migliorare continuamente l\u2019offerta formativa. Gli accreditamenti confermano che un\u2019istituzione o un programma di studio soddisfa standard di qualit\u00e0 definiti. Costituiscono inoltre una base per il riconoscimento dei titoli e quindi per la mobilit\u00e0 nello Spazio europeo dell\u2019istruzione superiore. Nell\u2019ambito delle procedure di accreditamento, viene nominato un gruppo di espert\u00b7e, che include anche una persona student\u00b7e.     <\/p>\n\n<p>Esistono diversi tipi di procedure di accreditamento. <a href=\"https:\/\/aaq.ch\/it\/accreditamento\/\" data-type=\"link\" data-id=\"https:\/\/aaq.ch\/it\/accreditamento\/\" target=\"_blank\" rel=\"noreferrer noopener\">Qui <\/a>trovi una panoramica. <\/p>\n\n<h2 class=\"gb-headline gb-headline-8f3d66f8 gb-headline-text\"><strong>Il tuo ruolo come student\u00b7essa<\/strong>&nbsp;<\/h2>\n\n<p>La prospettiva delle student\u00b7esse sui contenuti degli studi, sul sostegno, sulle condizioni di apprendimento e sulle possibilit\u00e0 di partecipazione \u00e8 centrale. La loro voce contribuisce a sviluppare e migliorare la qualit\u00e0 delle scuole universitarie nell\u2019interesse delle student\u00b7esse.  <\/p>\n\n<p>In quanto student\u00b7e selezionat\u00b7e, partecipi come membro a pieno titolo al gruppo di espert\u00b7e nelle procedure di accreditamento. La partecipazione come espert\u00b7e student\u00b7e non \u00e8 solo interessante e formativa, ma \u00e8 anche equamente retribuita (CHF 1\u2019200\u20132\u2019400). Inoltre, acquisisci preziose conoscenze sull\u2019assicurazione della qualit\u00e0 e sullo sviluppo delle scuole universitarie, e hai la possibilit\u00e0 di impegnarti attivamente per la qualit\u00e0 dell\u2019insegnamento.  <\/p>\n<div class=\"gb-container gb-container-25fbb167 gb-accordion\">\n<div class=\"gb-container gb-container-843afbe3 gb-accordion__item\" data-transition=\"slide\">\n\n<button class=\"gb-button gb-button-ec42df2b gb-accordion__toggle\" id=\"gb-accordion-toggle-ec42df2b\"><span class=\"gb-button-text\"><strong>Requisiti<\/strong><\/span><span class=\"gb-icon\"><svg xmlns=\"http:\/\/www.w3.org\/2000\/svg\" viewbox=\"0 0 448 512\" width=\"1em\" height=\"1em\" aria-hidden=\"true\" role=\"img\" class=\"gb-accordion__icon\"><path d=\"M207.029 381.476L12.686 187.132c-9.373-9.373-9.373-24.569 0-33.941l22.667-22.667c9.357-9.357 24.522-9.375 33.901-.04L224 284.505l154.745-154.021c9.379-9.335 24.544-9.317 33.901.04l22.667 22.667c9.373 9.373 9.373 24.569 0 33.941L240.971 381.476c-9.373 9.372-24.569 9.372-33.942 0z\" fill=\"currentColor\"><\/path><\/svg><svg xmlns=\"http:\/\/www.w3.org\/2000\/svg\" viewbox=\"0 0 448 512\" width=\"1em\" height=\"1em\" aria-hidden=\"true\" role=\"img\" class=\"gb-accordion__icon-open\"><path d=\"M240.971 130.524l194.343 194.343c9.373 9.373 9.373 24.569 0 33.941l-22.667 22.667c-9.357 9.357-24.522 9.375-33.901.04L224 227.495 69.255 381.516c-9.379 9.335-24.544 9.317-33.901-.04l-22.667-22.667c-9.373-9.373-9.373-24.569 0-33.941L207.03 130.525c9.372-9.373 24.568-9.373 33.941-.001z\" fill=\"currentColor\"><\/path><\/svg><\/span><\/button>\n\n\n<div id=\"gb-accordion-content-613722f0\" class=\"gb-accordion__content\"><div class=\"gb-container gb-container-613722f0\">\n<div class=\"gb-grid-wrapper gb-grid-wrapper-8b88e8ca\">\n<div class=\"gb-grid-column gb-grid-column-13128c62\"><div class=\"gb-container gb-container-13128c62\">\n\n<p>Per partecipare a una procedura di accreditamento, \u00e8 necessario essere immatricolati oppure avere conseguito il titolo di studio da meno di 12 mesi. Ulteriori requisiti possono variare a seconda della procedura di accreditamento. <\/p>\n\n\n\n<p>Riceverai tutte le ulteriori informazioni per prepararti al tuo ruolo dopo la firma del contratto. <\/p>\n\n<\/div><\/div>\n<\/div>\n<\/div><\/div>\n<\/div>\n\n<div class=\"gb-container gb-container-fe9e8113 gb-accordion__item\" data-transition=\"slide\">\n\n<button class=\"gb-button gb-button-361301be gb-accordion__toggle\" id=\"gb-accordion-toggle-361301be\"><span class=\"gb-button-text\"><strong><strong>Partecipare<\/strong><\/strong><\/span><span class=\"gb-icon\"><svg xmlns=\"http:\/\/www.w3.org\/2000\/svg\" viewbox=\"0 0 448 512\" width=\"1em\" height=\"1em\" aria-hidden=\"true\" role=\"img\" class=\"gb-accordion__icon\"><path d=\"M207.029 381.476L12.686 187.132c-9.373-9.373-9.373-24.569 0-33.941l22.667-22.667c9.357-9.357 24.522-9.375 33.901-.04L224 284.505l154.745-154.021c9.379-9.335 24.544-9.317 33.901.04l22.667 22.667c9.373 9.373 9.373 24.569 0 33.941L240.971 381.476c-9.373 9.372-24.569 9.372-33.942 0z\" fill=\"currentColor\"><\/path><\/svg><svg xmlns=\"http:\/\/www.w3.org\/2000\/svg\" viewbox=\"0 0 448 512\" width=\"1em\" height=\"1em\" aria-hidden=\"true\" role=\"img\" class=\"gb-accordion__icon-open\"><path d=\"M240.971 130.524l194.343 194.343c9.373 9.373 9.373 24.569 0 33.941l-22.667 22.667c-9.357 9.357-24.522 9.375-33.901.04L224 227.495 69.255 381.516c-9.379 9.335-24.544 9.317-33.901-.04l-22.667-22.667c-9.373-9.373-9.373-24.569 0-33.941L207.03 130.525c9.372-9.373 24.568-9.373 33.941-.001z\" fill=\"currentColor\"><\/path><\/svg><\/span><\/button>\n\n\n<div id=\"gb-accordion-content-f37336dc\" class=\"gb-accordion__content\"><div class=\"gb-container gb-container-f37336dc\">\n<div class=\"gb-grid-wrapper gb-grid-wrapper-2681228b\">\n<div class=\"gb-grid-column gb-grid-column-c2faf2a0\"><div class=\"gb-container gb-container-c2faf2a0\">\n\n<p>Come impegnarti:<\/p>\n\n\n\n<h3 class=\"gb-headline gb-headline-806cbeb9 gb-headline-text\">Procedure aperte<\/h3>\n\n\n\n<p><a href=\"https:\/\/vss-unes.ch\/wp-content\/uploads\/2025\/12\/Verfahren-fuer-Website-2.pdf\" data-type=\"link\" data-id=\"https:\/\/vss-unes.ch\/wp-content\/uploads\/2025\/12\/Verfahren-fuer-Website.pdf\" target=\"_blank\" rel=\"noreferrer noopener\">Qui <\/a>trovi le procedure di accreditamento aperte alle quali puoi candidarti.<\/p>\n\n\n\n<p><strong>Hai trovato una procedura adatta a te?<\/strong><\/p>\n\n\n\n<p>Controlla le seguenti informazioni prima di candidarti: <\/p>\n\n\n\n<p>Ti preghiamo di candidarti solo se puoi essere presente in tutte le date previste. Le date indicate sono vincolanti e non possono essere modificate. Laddove non sia indicata alcuna data, verr\u00e0 concordata congiuntamente. Le spese di viaggio e di alloggio sono coperte dall\u2019agenzia. La procedura si svolge nella lingua indicata. \u00c8 richiesto un livello di conoscenza linguistica pari al C1.      <\/p>\n\n\n\n<p>Non sei sicur\u00b7a che il tuo livello linguistico sia sufficiente? <a href=\"https:\/\/europass.europa.eu\/de\/common-european-framework-reference-language-skills\" data-type=\"link\" data-id=\"https:\/\/europass.europa.eu\/de\/common-european-framework-reference-language-skills\">Qui <\/a>trovi i requisiti.<\/p>\n\n\n\n<p><em>Nota bene: per motivi di protezione dei dati riceverai i dettagli sul luogo della procedura e sull\u2019universit\u00e0 solo con la tua candidatura. Non puoi partecipare a una procedura della tua stessa universit\u00e0 a causa di un possibile conflitto di interessi. Grazie per la tua comprensione.  <\/em><\/p>\n\n\n\n<p><strong>Non sei sicur\u0259 di soddisfare i criteri per una procedura?<\/strong><\/p>\n\n\n\n<p>Inviaci comunque la tua candidatura. La esamineremo e ti forniremo un riscontro. <\/p>\n\n\n\n<h3 class=\"gb-headline gb-headline-8478d41f gb-headline-text\">Non trovi una procedura adatta?&nbsp;<\/h3>\n\n\n\n<p>Inviaci comunque il tuo CV e ti contatteremo non appena sar\u00e0 disponibile una procedura adeguata. Siamo liet\u00b7i di ricevere il tuo messaggio! <\/p>\n\n<\/div><\/div>\n<\/div>\n<\/div><\/div>\n<\/div>\n\n<div class=\"gb-container gb-container-77bfe3e0 gb-accordion__item\" data-transition=\"slide\">\n\n<button class=\"gb-button gb-button-b96b5224 gb-accordion__toggle\" id=\"gb-accordion-toggle-b96b5224\"><span class=\"gb-button-text\"><strong><strong>Procedura di candidatura<\/strong><\/strong><\/span><span class=\"gb-icon\"><svg xmlns=\"http:\/\/www.w3.org\/2000\/svg\" viewbox=\"0 0 448 512\" width=\"1em\" height=\"1em\" aria-hidden=\"true\" role=\"img\" class=\"gb-accordion__icon\"><path d=\"M207.029 381.476L12.686 187.132c-9.373-9.373-9.373-24.569 0-33.941l22.667-22.667c9.357-9.357 24.522-9.375 33.901-.04L224 284.505l154.745-154.021c9.379-9.335 24.544-9.317 33.901.04l22.667 22.667c9.373 9.373 9.373 24.569 0 33.941L240.971 381.476c-9.373 9.372-24.569 9.372-33.942 0z\" fill=\"currentColor\"><\/path><\/svg><svg xmlns=\"http:\/\/www.w3.org\/2000\/svg\" viewbox=\"0 0 448 512\" width=\"1em\" height=\"1em\" aria-hidden=\"true\" role=\"img\" class=\"gb-accordion__icon-open\"><path d=\"M240.971 130.524l194.343 194.343c9.373 9.373 9.373 24.569 0 33.941l-22.667 22.667c-9.357 9.357-24.522 9.375-33.901.04L224 227.495 69.255 381.516c-9.379 9.335-24.544 9.317-33.901-.04l-22.667-22.667c-9.373-9.373-9.373-24.569 0-33.941L207.03 130.525c9.372-9.373 24.568-9.373 33.941-.001z\" fill=\"currentColor\"><\/path><\/svg><\/span><\/button>\n\n\n<div id=\"gb-accordion-content-caa16cde\" class=\"gb-accordion__content\"><div class=\"gb-container gb-container-caa16cde\">\n<div class=\"gb-grid-wrapper gb-grid-wrapper-23d3af9b\">\n<div class=\"gb-grid-column gb-grid-column-49093682\"><div class=\"gb-container gb-container-49093682\">\n\n<p>Per la tua candidatura \u00e8 sufficiente un CV. Non \u00e8 necessario scrivere una lettera di motivazione; indica semplicemente per quale procedura sei interessat\u00b7a.  <\/p>\n\n\n\n<p>Trasmetteremo quindi la tua candidatura all\u2019agenzia competente. L\u2019agenzia prende la decisione finale in merito alla rappresentanza studentesca.  <\/p>\n\n\n\n<p>Non vediamo l\u2019ora di ricevere la tua candidatura! <\/p>\n\n\n\n<a class=\"gb-button gb-button-e4993cfa gbp-button--primary\" href=\"mailto:qs-akkreditierung@vss-unes.ch\"><span class=\"gb-icon\"><svg xmlns=\"http:\/\/www.w3.org\/2000\/svg\" aria-hidden=\"true\" role=\"img\" height=\"1em\" width=\"1em\" viewbox=\"0 0 512 512\"><path fill=\"currentColor\" d=\"M464 64H48C21.49 64 0 85.49 0 112v288c0 26.51 21.49 48 48 48h416c26.51 0 48-21.49 48-48V112c0-26.51-21.49-48-48-48zm0 48v40.805c-22.422 18.259-58.168 46.651-134.587 106.49-16.841 13.247-50.201 45.072-73.413 44.701-23.208.375-56.579-31.459-73.413-44.701C106.18 199.465 70.425 171.067 48 152.805V112h416zM48 400V214.398c22.914 18.251 55.409 43.862 104.938 82.646 21.857 17.205 60.134 55.186 103.062 54.955 42.717.231 80.509-37.199 103.053-54.947 49.528-38.783 82.032-64.401 104.947-82.653V400H48z\"><\/path><\/svg><\/span><span class=\"gb-button-text\">Candidati ora<\/span><\/a>\n\n<\/div><\/div>\n<\/div>\n<\/div><\/div>\n<\/div>\n<\/div>\n<div style=\"height:70px\" aria-hidden=\"true\" class=\"wp-block-spacer\"><\/div>\n\n<div style=\"height:70px\" aria-hidden=\"true\" class=\"wp-block-spacer\"><\/div>\n<div class=\"gb-grid-wrapper gb-grid-wrapper-739e8f4b\">\n<div class=\"gb-grid-column gb-grid-column-fdde4d70\"><div class=\"gb-container gb-container-fdde4d70\">\n\n<h2 class=\"gb-headline gb-headline-7f42d28b\"><span class=\"gb-icon\"><svg xmlns=\"http:\/\/www.w3.org\/2000\/svg\" aria-hidden=\"true\" role=\"img\" height=\"1em\" width=\"1em\" viewbox=\"0 0 448 512\"><path fill=\"currentColor\" d=\"M448 360V24c0-13.3-10.7-24-24-24H96C43 0 0 43 0 96v320c0 53 43 96 96 96h328c13.3 0 24-10.7 24-24v-16c0-7.5-3.5-14.3-8.9-18.7-4.2-15.4-4.2-59.3 0-74.7 5.4-4.3 8.9-11.1 8.9-18.6zM128 134c0-3.3 2.7-6 6-6h212c3.3 0 6 2.7 6 6v20c0 3.3-2.7 6-6 6H134c-3.3 0-6-2.7-6-6v-20zm0 64c0-3.3 2.7-6 6-6h212c3.3 0 6 2.7 6 6v20c0 3.3-2.7 6-6 6H134c-3.3 0-6-2.7-6-6v-20zm253.4 250H96c-17.7 0-32-14.3-32-32 0-17.6 14.4-32 32-32h285.4c-1.9 17.1-1.9 46.9 0 64z\"><\/path><\/svg><\/span><span class=\"gb-headline-text\">Ulteriori informazioni<\/span><\/h2>\n\n\n\n<ul class=\"wp-block-list\">\n<li><a href=\"https:\/\/aaq.ch\/it\/\">Agenzia svizzera di accreditamento e garanzia della qualit\u00e0<\/a> <\/li>\n<\/ul>\n\n\n\n<ul class=\"wp-block-list\">\n<li><a href=\"https:\/\/www.bk.admin.ch\/ch\/i\/pore\/rf\/cr\/2019\/20192977.html\" data-type=\"link\" data-id=\"https:\/\/www.bk.admin.ch\/ch\/i\/pore\/rf\/cr\/2019\/20192977.html\">Quadro giuridico: LPSU <\/a><\/li>\n<\/ul>\n\n<\/div><\/div>\n\n<div class=\"gb-grid-column gb-grid-column-b8d8002f\"><div class=\"gb-container gb-container-b8d8002f\">\n\n<h2 class=\"gb-headline gb-headline-5f26d168\"><span class=\"gb-icon\"><svg xmlns=\"http:\/\/www.w3.org\/2000\/svg\" aria-hidden=\"true\" role=\"img\" height=\"1em\" width=\"1em\" viewbox=\"0 0 512 512\"><path fill=\"currentColor\" d=\"M464 64H48C21.49 64 0 85.49 0 112v288c0 26.51 21.49 48 48 48h416c26.51 0 48-21.49 48-48V112c0-26.51-21.49-48-48-48zm0 48v40.805c-22.422 18.259-58.168 46.651-134.587 106.49-16.841 13.247-50.201 45.072-73.413 44.701-23.208.375-56.579-31.459-73.413-44.701C106.18 199.465 70.425 171.067 48 152.805V112h416zM48 400V214.398c22.914 18.251 55.409 43.862 104.938 82.646 21.857 17.205 60.134 55.186 103.062 54.955 42.717.231 80.509-37.199 103.053-54.947 49.528-38.783 82.032-64.401 104.947-82.653V400H48z\"><\/path><\/svg><\/span><span class=\"gb-headline-text\">Contatto<\/span><\/h2>\n\n\n\n<div class=\"wp-block-group is-content-justification-center is-nowrap is-layout-flex wp-container-core-group-is-layout-94bc23d7 wp-block-group-is-layout-flex\">\n<p>Hai domande sul ruolo student\u00b7esco, sulle procedure di accreditamento o sulle candidature? Allora contatta Elena, responsabile del pool di accreditamento (40%) presso l&#8217;USU.  <\/p>\n\n\n\n<figure class=\"gb-block-image gb-block-image-dd941928\"><img loading=\"lazy\" decoding=\"async\" width=\"210\" height=\"110\" class=\"gb-image gb-image-dd941928\" src=\"https:\/\/vss-unes.ch\/wp-content\/uploads\/2025\/08\/AQS-DE.png\" alt=\"\" title=\"AQS - DE\"><\/figure>\n<\/div>\n\n\n\n<a class=\"gb-button gb-button-34c7166b gbp-button--primary\" href=\"mailto:qs-akkreditierung@vss-unes.ch\"><span class=\"gb-icon\"><svg xmlns=\"http:\/\/www.w3.org\/2000\/svg\" aria-hidden=\"true\" role=\"img\" height=\"1em\" width=\"1em\" viewbox=\"0 0 512 512\"><path fill=\"currentColor\" d=\"M464 64H48C21.49 64 0 85.49 0 112v288c0 26.51 21.49 48 48 48h416c26.51 0 48-21.49 48-48V112c0-26.51-21.49-48-48-48zm0 48v40.805c-22.422 18.259-58.168 46.651-134.587 106.49-16.841 13.247-50.201 45.072-73.413 44.701-23.208.375-56.579-31.459-73.413-44.701C106.18 199.465 70.425 171.067 48 152.805V112h416zM48 400V214.398c22.914 18.251 55.409 43.862 104.938 82.646 21.857 17.205 60.134 55.186 103.062 54.955 42.717.231 80.509-37.199 103.053-54.947 49.528-38.783 82.032-64.401 104.947-82.653V400H48z\"><\/path><\/svg><\/span><span class=\"gb-button-text\">Contatto<\/span><\/a>\n\n\n\n<p><\/p>\n\n<\/div><\/div>\n<\/div>\n<p><\/p>\n","protected":false},"excerpt":{"rendered":"<p>Le scuole universitarie svizzere vengono regolarmente valutate per verificare come garantiscono la qualit\u00e0. Le procedure di assicurazione della qualit\u00e0 e di accreditamento servono a esaminare e sviluppare sistematicamente questi aspetti, &#8230; <a title=\"Cercasi: student\u00b7esse per procedure di accreditamento\" class=\"read-more\" href=\"https:\/\/vss-unes.ch\/it\/cercasi-student%c2%b7esse-per-procedure-di-accreditamento\/\" aria-label=\"Per saperne di pi\u00f9 su Cercasi: student\u00b7esse per procedure di accreditamento\">Leggi tutto<\/a><\/p>\n","protected":false},"author":1,"featured_media":0,"parent":0,"menu_order":0,"comment_status":"closed","ping_status":"closed","template":"","meta":{"_acf_changed":false,"inline_featured_image":false,"_EventAllDay":false,"_EventTimezone":"","_EventStartDate":"","_EventEndDate":"","_EventStartDateUTC":"","_EventEndDateUTC":"","_EventShowMap":false,"_EventShowMapLink":false,"_EventURL":"","_EventCost":"","_EventCostDescription":"","_EventCurrencySymbol":"","_EventCurrencyCode":"","_EventCurrencyPosition":"","_EventDateTimeSeparator":"","_EventTimeRangeSeparator":"","_EventOrganizerID":[],"_EventVenueID":[],"_OrganizerEmail":"","_OrganizerPhone":"","_OrganizerWebsite":"","_VenueAddress":"","_VenueCity":"","_VenueCountry":"","_VenueProvince":"","_VenueState":"","_VenueZip":"","_VenuePhone":"","_VenueURL":"","_VenueStateProvince":"","_VenueLat":"","_VenueLng":"","_VenueShowMap":false,"_VenueShowMapLink":false,"footnotes":"","_links_to":"","_links_to_target":""},"class_list":["post-21915","page","type-page","status-publish"],"acf":[],"_links":{"self":[{"href":"https:\/\/vss-unes.ch\/it\/wp-json\/wp\/v2\/pages\/21915","targetHints":{"allow":["GET"]}}],"collection":[{"href":"https:\/\/vss-unes.ch\/it\/wp-json\/wp\/v2\/pages"}],"about":[{"href":"https:\/\/vss-unes.ch\/it\/wp-json\/wp\/v2\/types\/page"}],"author":[{"embeddable":true,"href":"https:\/\/vss-unes.ch\/it\/wp-json\/wp\/v2\/users\/1"}],"replies":[{"embeddable":true,"href":"https:\/\/vss-unes.ch\/it\/wp-json\/wp\/v2\/comments?post=21915"}],"version-history":[{"count":17,"href":"https:\/\/vss-unes.ch\/it\/wp-json\/wp\/v2\/pages\/21915\/revisions"}],"predecessor-version":[{"id":24358,"href":"https:\/\/vss-unes.ch\/it\/wp-json\/wp\/v2\/pages\/21915\/revisions\/24358"}],"wp:attachment":[{"href":"https:\/\/vss-unes.ch\/it\/wp-json\/wp\/v2\/media?parent=21915"}],"curies":[{"name":"wp","href":"https:\/\/api.w.org\/{rel}","templated":true}]}}