{"id":24073,"date":"2026-02-20T10:05:33","date_gmt":"2026-02-20T09:05:33","guid":{"rendered":"https:\/\/vss-unes.ch\/posizioni-aperte\/"},"modified":"2026-02-20T11:22:04","modified_gmt":"2026-02-20T10:22:04","slug":"posizioni-aperte","status":"publish","type":"page","link":"https:\/\/vss-unes.ch\/it\/posizioni-aperte\/","title":{"rendered":"Posizioni aperte"},"content":{"rendered":"\n<p><\/p>\n\n<h2 class=\"gb-headline gb-headline-37b3bcd2 gb-headline-text gbp-section__headline\">Posizioni aperte<\/h2>\n\n<div class=\"gb-grid-wrapper gb-grid-wrapper-2e75a34d gb-query-loop-wrapper\">\n<div class=\"gb-grid-column gb-grid-column-9e278282 gb-query-loop-item post-20805 ausschreibungen type-ausschreibungen status-publish hentry\"><div class=\"gb-container gb-container-9e278282\"><a class=\"gb-container-link\" href=\"https:\/\/vss-unes.ch\/wp-content\/uploads\/2025\/07\/5.4.2_d_SOLIC.pdf\"><\/a>\n\n<p class=\"gb-headline gb-headline-669ee918 gb-headline-text custom_non_underline\">Posizione aperta<\/p>\n\n\n<h2 class=\"gb-headline gb-headline-f46368d0 gbp-section__headline gb-headline-text\">Invito a presentare candidature per la copresidenza della Commissione tematica VSS per gli affari internazionali e la solidariet\u00e0 (SOLIC)<\/h2>\n\n<div class=\"gb-headline gb-headline-762b7057 gbp-section__headline gb-headline-text gbp-section__text\">La co-presidenza di SOLIC \u00e8 un&#8217;entusiasmante posizione onoraria. Insieme siete responsabili del coordinamento, della gestione e della preparazione delle riunioni del comitato (circa 10 all&#8217;anno) e rappresentate il comitato all&#8217;interno e all&#8217;esterno. Il presidente di commissione lavora a stretto contatto con il membro responsabile del Comitato esecutivo e del Co-Segretariato generale e ha un seggio negli organi legislativi della VSS. Inoltre, i presidenti di tutte le commissioni tematiche si incontrano regolarmente (circa 4 volte l&#8217;anno) per scambiare idee e sfruttare le sinergie.   <\/div>\n<\/div><\/div>\n\n<div class=\"gb-grid-column gb-grid-column-9e278282 gb-query-loop-item post-20796 ausschreibungen type-ausschreibungen status-publish hentry\"><div class=\"gb-container gb-container-9e278282\"><a class=\"gb-container-link\" href=\"https:\/\/vss-unes.ch\/wp-content\/uploads\/2024\/09\/5.4.3_d_HopoKo.pdf\"><\/a>\n\n<p class=\"gb-headline gb-headline-669ee918 gb-headline-text custom_non_underline\">Posizione aperta<\/p>\n\n\n<h2 class=\"gb-headline gb-headline-f46368d0 gbp-section__headline gb-headline-text\">Invito a presentare candidature per la co-presidenza della Commissione per la politica dell&#8217;istruzione superiore (HopoKo) del VSS<\/h2>\n\n<div class=\"gb-headline gb-headline-762b7057 gbp-section__headline gb-headline-text gbp-section__text\">La presidenza dell&#8217;HoPoKo \u00e8 un&#8217;entusiasmante carica onorifica che pu\u00f2 essere ricoperta da soli o come co-presidente. \u00c8 responsabile del coordinamento, della gestione e della preparazione delle riunioni del comitato (circa 10 all&#8217;anno) e rappresenta il comitato all&#8217;interno e all&#8217;esterno. Il presidente di commissione lavora a stretto contatto con il membro responsabile del Consiglio esecutivo e del Co-Segretariato generale e ha un seggio negli organi legislativi della VSS. Inoltre, i presidenti di tutte le commissioni tematiche si incontrano regolarmente (circa 4 volte all&#8217;anno) per scambiare idee e sfruttare le sinergie.   <\/div>\n<\/div><\/div>\n<\/div>\n<div class=\"gb-container gb-container-ba6b59e5\">\n\n<a class=\"gb-button gb-button-67c7f20c gbp-button--primary\" href=\"mailto:info@vss-unes.ch?subject=Bewerbung%20beim%20VSS\"><span class=\"gb-icon\"><svg xmlns=\"http:\/\/www.w3.org\/2000\/svg\" aria-hidden=\"true\" role=\"img\" height=\"1em\" width=\"1em\" viewbox=\"0 0 512 512\"><path fill=\"currentColor\" d=\"M464 64H48C21.49 64 0 85.49 0 112v288c0 26.51 21.49 48 48 48h416c26.51 0 48-21.49 48-48V112c0-26.51-21.49-48-48-48zm0 48v40.805c-22.422 18.259-58.168 46.651-134.587 106.49-16.841 13.247-50.201 45.072-73.413 44.701-23.208.375-56.579-31.459-73.413-44.701C106.18 199.465 70.425 171.067 48 152.805V112h416zM48 400V214.398c22.914 18.251 55.409 43.862 104.938 82.646 21.857 17.205 60.134 55.186 103.062 54.955 42.717.231 80.509-37.199 103.053-54.947 49.528-38.783 82.032-64.401 104.947-82.653V400H48z\"><\/path><\/svg><\/span><span class=\"gb-button-text\">Candidarsi<\/span><\/a>\n\n<\/div>\n<p><\/p>\n","protected":false},"excerpt":{"rendered":"<p>Posizioni aperte<\/p>\n","protected":false},"author":3,"featured_media":0,"parent":0,"menu_order":0,"comment_status":"closed","ping_status":"closed","template":"","meta":{"_acf_changed":false,"inline_featured_image":false,"_EventAllDay":false,"_EventTimezone":"","_EventStartDate":"","_EventEndDate":"","_EventStartDateUTC":"","_EventEndDateUTC":"","_EventShowMap":false,"_EventShowMapLink":false,"_EventURL":"","_EventCost":"","_EventCostDescription":"","_EventCurrencySymbol":"","_EventCurrencyCode":"","_EventCurrencyPosition":"","_EventDateTimeSeparator":"","_EventTimeRangeSeparator":"","_EventOrganizerID":[],"_EventVenueID":[],"_OrganizerEmail":"","_OrganizerPhone":"","_OrganizerWebsite":"","_VenueAddress":"","_VenueCity":"","_VenueCountry":"","_VenueProvince":"","_VenueState":"","_VenueZip":"","_VenuePhone":"","_VenueURL":"","_VenueStateProvince":"","_VenueLat":"","_VenueLng":"","_VenueShowMap":false,"_VenueShowMapLink":false,"footnotes":"","_links_to":"","_links_to_target":""},"class_list":["post-24073","page","type-page","status-publish"],"acf":[],"_links":{"self":[{"href":"https:\/\/vss-unes.ch\/it\/wp-json\/wp\/v2\/pages\/24073","targetHints":{"allow":["GET"]}}],"collection":[{"href":"https:\/\/vss-unes.ch\/it\/wp-json\/wp\/v2\/pages"}],"about":[{"href":"https:\/\/vss-unes.ch\/it\/wp-json\/wp\/v2\/types\/page"}],"author":[{"embeddable":true,"href":"https:\/\/vss-unes.ch\/it\/wp-json\/wp\/v2\/users\/3"}],"replies":[{"embeddable":true,"href":"https:\/\/vss-unes.ch\/it\/wp-json\/wp\/v2\/comments?post=24073"}],"version-history":[{"count":3,"href":"https:\/\/vss-unes.ch\/it\/wp-json\/wp\/v2\/pages\/24073\/revisions"}],"predecessor-version":[{"id":24078,"href":"https:\/\/vss-unes.ch\/it\/wp-json\/wp\/v2\/pages\/24073\/revisions\/24078"}],"wp:attachment":[{"href":"https:\/\/vss-unes.ch\/it\/wp-json\/wp\/v2\/media?parent=24073"}],"curies":[{"name":"wp","href":"https:\/\/api.w.org\/{rel}","templated":true}]}}