{"id":4379,"date":"2024-12-02T11:30:43","date_gmt":"2024-12-02T10:30:43","guid":{"rendered":"https:\/\/vss.michaelschaedler.li\/rete\/"},"modified":"2025-07-10T13:25:18","modified_gmt":"2025-07-10T11:25:18","slug":"netzwerk","status":"publish","type":"page","link":"https:\/\/vss-unes.ch\/it\/netzwerk\/","title":{"rendered":"Rete"},"content":{"rendered":"<section class=\"gb-container gb-container-46287441\">\n<div class=\"gb-container gb-container-2a48dc36 gbp-section\">\n\n<h1 class=\"gb-headline gb-headline-1512e882 gb-headline-text gbp-section__headline\">Rete<\/h1>\n\n<\/div>\n<\/section><div class=\"gb-container gb-container-8b990046 gbp-section__inner\">\n<div class=\"gb-container gb-container-60232046\">\n\n<h4 class=\"gb-headline gb-headline-f7f6b91b gb-headline-text\">Collaborazione con <mark class=\"gb-highlight\"><strong>attori della politica educativa<\/strong><\/mark><\/h4>\n\n\n\n<ul class=\"wp-block-list\">\n<li>Per quanto riguarda le questioni di politica universitaria, l&#8217;USU \u00e8 in contatto con gli altri livelli delle universit\u00e0, collaborando ad esempio con <strong><a href=\"http:\/\/www.actionuni.ch\/\">actionuni<\/a> <\/strong>e <strong><a href=\"http:\/\/www.konferenz-hochschuldozierende.ch\/\" target=\"_blank\" rel=\"noreferrer noopener\">swissfaculty<\/a><\/strong>. <\/li>\n\n\n\n<li>L&#8217;USU \u00e8 collegata in rete con <a href=\"https:\/\/www.netzwerk-future.ch\/\" target=\"_blank\" rel=\"noreferrer noopener\"><strong>Rete Future<\/strong><\/a> e sfrutta questa collaborazione per uno scambio regolare in materia di politica dell&#8217;istruzione. <\/li>\n\n\n\n<li><a href=\"https:\/\/www.fhschweiz.ch\/\" target=\"_blank\" rel=\"noreferrer noopener\"><strong>SUP Svizzera<\/strong><\/a><strong> <\/strong>\u00e8 l&#8217;associazione mantello dei diplomati delle scuole universitarie professionali svizzere. L&#8217;USU \u00e8 in stretto contatto con la direzione e il comitato direttivo e scrive regolarmente articoli per la piattaforma <strong><a href=\"https:\/\/www.hesnews.ch\/\" target=\"_blank\" rel=\"noreferrer noopener\">HES News<\/a>.<\/strong>  <\/li>\n\n\n\n<li><a href=\"https:\/\/movetia.ch\/it\/\" target=\"_blank\" rel=\"noreferrer noopener\"><strong>Movetia<\/strong><\/a> \u00e8 l&#8217;agenzia nazionale per la promozione degli scambi e della mobilit\u00e0 nel sistema educativo. L&#8217;USU \u00e8 collegata a Movetia e collabora con essa su temi comuni.  <\/li>\n\n\n\n<li>L&#8217;USU \u00e8 invitato ogni anno come ospite alla <a href=\"https:\/\/www.hem-suisse.ch\/buergenstock\/\" target=\"_blank\" rel=\"noreferrer noopener\"><strong>Conferenza B\u00fcrgenstock<\/strong><\/a> (conferenza delle scuole universitarie professionali e delle alte scuole pedagogiche svizzere). <\/li>\n\n\n\n<li>In qualit\u00e0 di rappresentante nazionale degli studenti e delle studentesse, l&#8217;USU \u00e8 un interlocutore importante per la <a href=\"https:\/\/www.sbfi.admin.ch\/sbfi\/it\/home\/la-sefri\/la-sefri.html\" target=\"_blank\" rel=\"noreferrer noopener\"><strong>Segreteria di Stato per la formazione, la ricerca e l&#8217;innovazione <\/strong><\/a>(SEFRI). L&#8217;USU viene regolarmente consultata dalla SEFRI su temi importanti nel campo della formazione, in particolare per quanto riguarda il processo di Bologna.  <\/li>\n\n\n\n<li>Beneficiamo della rete degli ex studenti dell&#8217;USU. <\/li>\n<\/ul>\n\n<\/div>\n<\/div><div class=\"gb-container gb-container-f2c0c79b gbp-section__inner\">\n<div class=\"gb-container gb-container-3f88249e\">\n\n<h4 class=\"gb-headline gb-headline-a2d8da84 gb-headline-text\">Collaborazione con <mark class=\"gb-highlight\"><strong>associazioni <\/strong><strong>studentesche<\/strong><\/mark><\/h4>\n\n\n\n<ul class=\"wp-block-list\">\n<li><a href=\"https:\/\/psychologiestudierende.ch\/\" target=\"_blank\" rel=\"noreferrer noopener\"><strong>PsyCH <\/strong><\/a>\u00e8 l&#8217;associazione ombrello degli studenti e delle studentesse di psicologia svizzeri\/e. Organizza progetti, eventi e corsi di formazione per i propri membri in diversi ambiti tematici.  <\/li>\n<\/ul>\n\n<\/div>\n<\/div><div class=\"gb-container gb-container-0be4e2b1 gbp-section__inner\">\n<div class=\"gb-container gb-container-4638a8ac\">\n\n<h4 class=\"gb-headline gb-headline-6e7e790c gb-headline-text\">Collaborazione con<mark class=\"gb-highlight\"> partner internazional<\/mark><mark class=\"gb-highlight\">i<\/mark><\/h4>\n\n\n\n<ul class=\"wp-block-list\">\n<li>All&#8217;interno della <strong>rete <\/strong><strong>TOPICS <\/strong>collaboriamo con associazioni studentesche di tutta Europa che condividono il nostro orientamento in materia di politica dell&#8217;istruzione, ma siamo aperti al dialogo e alla collaborazione anche con altre associazioni studentesche internazionali. <em>La rete TOPICS \u00e8 composta dalle associazioni studentesche nazionali di Svizzera, <\/em><em>Belgio,<\/em><em> Germania, <\/em><em>Lussemburgo, <\/em><em>Francia, <\/em><em>Austria <\/em><em>e Italia.<\/em>  <\/li>\n\n\n\n<li><a href=\"https:\/\/www.swisscore.org\/\" target=\"_blank\" rel=\"noreferrer noopener\"><strong>SwissCore<\/strong><\/a>, il Contact Office for European Research, Innovation and Education, \u00e8 un&#8217;istituzione svizzera con sede a Bruxelles. Funge da interfaccia tra la Svizzera e l&#8217;UE nei settori della formazione e della ricerca. Una volta all&#8217;anno si tiene un seminario di due giorni che riunisce le universit\u00e0 svizzere (per lo pi\u00f9 gli uffici internazionali), la SEFRI, Movetia e altri rappresentanti della politica svizzera in materia di formazione.  <\/li>\n<\/ul>\n\n<\/div>\n<\/div><div class=\"gb-container gb-container-d9ea590e gbp-section__inner\">\n<div class=\"gb-container gb-container-55b80186\">\n\n<h4 class=\"gb-headline gb-headline-269be851 gb-headline-text\">Membra di <mark style=\"background-color:rgba(0, 0, 0, 0)\" class=\"has-inline-color has-contrast-3-color\">organizzazioni internazionali<\/mark><\/h4>\n\n\n\n<ul class=\"wp-block-list\">\n<li>L&#8217;<strong>E<\/strong><a href=\"https:\/\/www.esu-online.org\/\" target=\"_blank\" rel=\"noreferrer noopener\"><strong>uropean Students&#8217; Union<\/strong><\/a> \u00e8 l&#8217;organizzazione ombrello di 46 associazioni studentesche nazionali di quaranta paesi, tra cui anche l&#8217;USU. <\/li>\n\n\n\n<li>La <a href=\"https:\/\/fchag.ch\/\" target=\"_blank\" rel=\"noreferrer noopener\"><strong>FSAG <\/strong><\/a>\u00e8 riconosciuta come organizzazione ombrello delle associazioni giovanili e portavoce dei giovani a livello federale. Intrattiene stretti contatti con l&#8217;Ufficio federale delle assicurazioni sociali (UFAS), competente per la politica della giovent\u00f9 a livello federale. \u00c8 membro dei pi\u00f9 importanti organi politici specializzati ed \u00e8 in contatto con parlamentari di tutti i gruppi politici. La FSAG fa inoltre parte di reti di ONG con cui intrattiene stretti rapporti.    <\/li>\n\n\n\n<li>L&#8217;USU \u00e8 membro della <a href=\"https:\/\/www.bildungskoalition.ch\/fr\/\" target=\"_blank\" rel=\"noreferrer noopener\"><strong>Coalizione Educazione ONG<\/strong><\/a>, che riunisce organizzazioni attive nei settori dello sviluppo, della giovent\u00f9, della salute, dei diritti umani e dell&#8217;ambiente e conta membri e partner di cooperazione che intendono promuovere l&#8217;educazione allo sviluppo sostenibile.<\/li>\n\n\n\n<li>La <a href=\"https:\/\/www.npg-rsp.ch\/it\/home.html\" target=\"_blank\" rel=\"noreferrer noopener\"><strong>Rete Salute Psichica Svizzera (RSP) <\/strong><\/a>\u00e8 un&#8217;associazione di organizzazioni, istituzioni e aziende impegnate nella promozione della salute mentale in Svizzera. Il suo obiettivo \u00e8 contribuire al miglioramento della salute mentale della popolazione svizzera. <\/li>\n<\/ul>\n\n<\/div>\n<\/div><div class=\"gb-container gb-container-27fb9fec gbp-section__inner\">\n<div class=\"gb-container gb-container-7fb85922\">\n\n<h4 class=\"gb-headline gb-headline-4b12ef81 gb-headline-text\">L&#8217;USU \u00e8 <mark class=\"gb-highlight\">rappresentata in<\/mark><\/h4>\n\n\n\n<ul class=\"wp-block-list\">\n<li>In qualit\u00e0 di associazione ombrello nazionale delle associazioni studentesche svizzere, l&#8217;USU \u00e8 membra di numerosi comitati e associazioni ombrello, dove ha diritto di proposta, di consultazione e in alcuni casi anche di voto. <\/li>\n\n\n\n<li>L&#8217;elenco descrive in modo conciso e sintetico le rappresentanze dell&#8217;USU. <\/li>\n<\/ul>\n\n\n\n<a class=\"gb-button gb-button-43eb71b6 gb-button-text gbp-button--primary\" href=\"https:\/\/vss-unes.ch\/wp-content\/uploads\/2024\/12\/2021-10-26_df_Vertretungen_definitiv.pdf\" target=\"_blank\" rel=\"noopener noreferrer\">Elenco, ottobre 2021<\/a>\n\n<\/div>\n<\/div>","protected":false},"excerpt":{"rendered":"<p>Rete Collaborazione con attori della politica educativa Collaborazione con associazioni studentesche Collaborazione con partner internazionali Membra di organizzazioni internazionali L&#8217;USU \u00e8 rappresentata in<\/p>\n","protected":false},"author":1,"featured_media":0,"parent":0,"menu_order":0,"comment_status":"closed","ping_status":"closed","template":"","meta":{"_acf_changed":false,"inline_featured_image":false,"_EventAllDay":false,"_EventTimezone":"","_EventStartDate":"","_EventEndDate":"","_EventStartDateUTC":"","_EventEndDateUTC":"","_EventShowMap":false,"_EventShowMapLink":false,"_EventURL":"","_EventCost":"","_EventCostDescription":"","_EventCurrencySymbol":"","_EventCurrencyCode":"","_EventCurrencyPosition":"","_EventDateTimeSeparator":"","_EventTimeRangeSeparator":"","_EventOrganizerID":[],"_EventVenueID":[],"_OrganizerEmail":"","_OrganizerPhone":"","_OrganizerWebsite":"","_VenueAddress":"","_VenueCity":"","_VenueCountry":"","_VenueProvince":"","_VenueState":"","_VenueZip":"","_VenuePhone":"","_VenueURL":"","_VenueStateProvince":"","_VenueLat":"","_VenueLng":"","_VenueShowMap":false,"_VenueShowMapLink":false,"footnotes":"","_links_to":"","_links_to_target":""},"class_list":["post-4379","page","type-page","status-publish"],"acf":[],"_links":{"self":[{"href":"https:\/\/vss-unes.ch\/it\/wp-json\/wp\/v2\/pages\/4379","targetHints":{"allow":["GET"]}}],"collection":[{"href":"https:\/\/vss-unes.ch\/it\/wp-json\/wp\/v2\/pages"}],"about":[{"href":"https:\/\/vss-unes.ch\/it\/wp-json\/wp\/v2\/types\/page"}],"author":[{"embeddable":true,"href":"https:\/\/vss-unes.ch\/it\/wp-json\/wp\/v2\/users\/1"}],"replies":[{"embeddable":true,"href":"https:\/\/vss-unes.ch\/it\/wp-json\/wp\/v2\/comments?post=4379"}],"version-history":[{"count":9,"href":"https:\/\/vss-unes.ch\/it\/wp-json\/wp\/v2\/pages\/4379\/revisions"}],"predecessor-version":[{"id":19264,"href":"https:\/\/vss-unes.ch\/it\/wp-json\/wp\/v2\/pages\/4379\/revisions\/19264"}],"wp:attachment":[{"href":"https:\/\/vss-unes.ch\/it\/wp-json\/wp\/v2\/media?parent=4379"}],"curies":[{"name":"wp","href":"https:\/\/api.w.org\/{rel}","templated":true}]}}