{"id":4397,"date":"2024-07-17T13:40:53","date_gmt":"2024-07-17T11:40:53","guid":{"rendered":"https:\/\/vss.michaelschaedler.li\/news\/"},"modified":"2025-06-10T13:42:16","modified_gmt":"2025-06-10T11:42:16","slug":"neuigkeiten","status":"publish","type":"page","link":"https:\/\/vss-unes.ch\/it\/neuigkeiten\/","title":{"rendered":"News"},"content":{"rendered":"<section class=\"gb-container gb-container-46287441\">\n<div class=\"gb-container gb-container-2a48dc36 gbp-section\">\n\n<h1 class=\"gb-headline gb-headline-1512e882 gb-headline-text gbp-section__headline\">Notizie<\/h1>\n\n<\/div>\n<\/section><section class=\"gb-container gb-container-16a78ac9 gbp-section\">\n<div class=\"gb-container gb-container-d69102b0 gbp-section__inner\">\n\n<div class=\"gb-grid-wrapper gb-grid-wrapper-906b279d gb-query-loop-wrapper\">\n<div class=\"gb-grid-column gb-grid-column-af3e6352 gb-query-loop-item post-20960 post type-post status-publish format-standard hentry category-communicati-stampa\"><div class=\"gb-container gb-container-af3e6352\"><a class=\"gb-container-link\" href=\"https:\/\/vss-unes.ch\/it\/il-consiglio-federale-resta-irremovibile-lunsas-condanna-un-attacco-frontale-alla-parita-delle-opportunita\/\"><\/a>\n<div class=\"has-text-align-right wp-block-post-date\"><time datetime=\"2025-06-25T11:25:36+02:00\">25. Giugno 2025<\/time><\/div>\n\n<p class=\"gb-headline gb-headline-5933f2ba custom_non_underline gb-headline-text\"><span class=\"post-term-item term-communicati-stampa\"><a href=\"https:\/\/vss-unes.ch\/it\/category\/communicati-stampa\/\">Comunicato stampa<\/a><\/span><\/p>\n\n<h2 class=\"gb-headline gb-headline-3a73c4a6 gbp-section__headline gb-headline-text\">Il Consiglio federale resta irremovibile \u2013 l&#8217;UNSAS condanna un attacco frontale alla parit\u00e0 delle opportunit\u00e0<\/h2>\n\n<div class=\"gb-headline gb-headline-68c60af9 gb-headline-text\">25.06.2025 Berna, 25 giugno 2025 \u2013 L&#8217;Unione degli studiosi svizzeri (UNES) reagisce con grande disappunto al messaggio sul bilancio pubblicato oggi dal Consiglio federale in merito al programma di sgravi &#8230; <a title=\"Il Consiglio federale resta irremovibile \u2013 l&#8217;UNSAS condanna un attacco frontale alla parit\u00e0 delle opportunit\u00e0\" class=\"read-more\" href=\"https:\/\/vss-unes.ch\/it\/il-consiglio-federale-resta-irremovibile-lunsas-condanna-un-attacco-frontale-alla-parita-delle-opportunita\/\" aria-label=\"Per saperne di pi\u00f9 su Il Consiglio federale resta irremovibile \u2013 l&#8217;UNSAS condanna un attacco frontale alla parit\u00e0 delle opportunit\u00e0\">Leggi tutto<\/a><\/div>\n<\/div><\/div>\n\n<div class=\"gb-grid-column gb-grid-column-af3e6352 gb-query-loop-item post-20958 post type-post status-publish format-standard hentry category-communicati-stampa\"><div class=\"gb-container gb-container-af3e6352\"><a class=\"gb-container-link\" href=\"https:\/\/vss-unes.ch\/it\/erasmus-gli-studenti-chiedono-al-consiglio-federale-il-finanziamento-per-unassociazione-a-pieno-titolo\/\"><\/a>\n<div class=\"has-text-align-right wp-block-post-date\"><time datetime=\"2025-06-13T11:45:19+02:00\">13. Giugno 2025<\/time><\/div>\n\n<p class=\"gb-headline gb-headline-5933f2ba custom_non_underline gb-headline-text\"><span class=\"post-term-item term-communicati-stampa\"><a href=\"https:\/\/vss-unes.ch\/it\/category\/communicati-stampa\/\">Comunicato stampa<\/a><\/span><\/p>\n\n<h2 class=\"gb-headline gb-headline-3a73c4a6 gbp-section__headline gb-headline-text\">Erasmus+: gli studenti chiedono al Consiglio federale il finanziamento per un&#8217;associazione a pieno titolo<\/h2>\n\n<div class=\"gb-headline gb-headline-68c60af9 gb-headline-text\">13.06.2025 Nel quadro dei negoziati sugli accordi bilaterali III, il Consiglio federale e laCommissione europea hanno concordato un protocollo che consentir\u00e0 alla Svizzera di partecipareal programma Erasmus+ a partire dal &#8230; <a title=\"Erasmus+: gli studenti chiedono al Consiglio federale il finanziamento per un&#8217;associazione a pieno titolo\" class=\"read-more\" href=\"https:\/\/vss-unes.ch\/it\/erasmus-gli-studenti-chiedono-al-consiglio-federale-il-finanziamento-per-unassociazione-a-pieno-titolo\/\" aria-label=\"Per saperne di pi\u00f9 su Erasmus+: gli studenti chiedono al Consiglio federale il finanziamento per un&#8217;associazione a pieno titolo\">Leggi tutto<\/a><\/div>\n<\/div><\/div>\n\n<div class=\"gb-grid-column gb-grid-column-af3e6352 gb-query-loop-item post-20956 post type-post status-publish format-standard hentry category-communicati-stampa\"><div class=\"gb-container gb-container-af3e6352\"><a class=\"gb-container-link\" href=\"https:\/\/vss-unes.ch\/it\/la-vss-critica-laumento-previsto-delle-tasse-universitarie-un-attacco-alla-parita-delle-opportunita-e-allinnovazione\/\"><\/a>\n<div class=\"has-text-align-right wp-block-post-date\"><time datetime=\"2025-02-11T13:59:31+01:00\">11. Febbraio 2025<\/time><\/div>\n\n<p class=\"gb-headline gb-headline-5933f2ba custom_non_underline gb-headline-text\"><span class=\"post-term-item term-communicati-stampa\"><a href=\"https:\/\/vss-unes.ch\/it\/category\/communicati-stampa\/\">Comunicato stampa<\/a><\/span><\/p>\n\n<h2 class=\"gb-headline gb-headline-3a73c4a6 gbp-section__headline gb-headline-text\">La VSS critica l&#8217;aumento previsto delle tasse universitarie: un attacco alla parit\u00e0 delle opportunit\u00e0 e all&#8217;innovazione<\/h2>\n\n<div class=\"gb-headline gb-headline-68c60af9 gb-headline-text\">11.02.2025 L&#8217;Unione degli studiosi svizzeri (VSS) si oppone con decisione ai tagli previsti nel settore dell&#8217;istruzione e al raddoppio delle tasse universitarie. L&#8217;Unione sostiene le critiche espresse durante la conferenza &#8230; <a title=\"La VSS critica l&#8217;aumento previsto delle tasse universitarie: un attacco alla parit\u00e0 delle opportunit\u00e0 e all&#8217;innovazione\" class=\"read-more\" href=\"https:\/\/vss-unes.ch\/it\/la-vss-critica-laumento-previsto-delle-tasse-universitarie-un-attacco-alla-parita-delle-opportunita-e-allinnovazione\/\" aria-label=\"Per saperne di pi\u00f9 su La VSS critica l&#8217;aumento previsto delle tasse universitarie: un attacco alla parit\u00e0 delle opportunit\u00e0 e all&#8217;innovazione\">Leggi tutto<\/a><\/div>\n<\/div><\/div>\n\n<div class=\"gb-grid-column gb-grid-column-af3e6352 gb-query-loop-item post-20954 post type-post status-publish format-standard hentry category-communicati-stampa\"><div class=\"gb-container gb-container-af3e6352\"><a class=\"gb-container-link\" href=\"https:\/\/vss-unes.ch\/it\/la-vss-si-oppone-alle-misure-di-risparmio-irresponsabili-nel-settore-dellistruzione\/\"><\/a>\n<div class=\"has-text-align-right wp-block-post-date\"><time datetime=\"2025-01-29T13:00:00+01:00\">29. Gennaio 2025<\/time><\/div>\n\n<p class=\"gb-headline gb-headline-5933f2ba custom_non_underline gb-headline-text\"><span class=\"post-term-item term-communicati-stampa\"><a href=\"https:\/\/vss-unes.ch\/it\/category\/communicati-stampa\/\">Comunicato stampa<\/a><\/span><\/p>\n\n<h2 class=\"gb-headline gb-headline-3a73c4a6 gbp-section__headline gb-headline-text\">La VSS si oppone alle misure di risparmio irresponsabili nel settore dell&#8217;istruzione<\/h2>\n\n<div class=\"gb-headline gb-headline-68c60af9 gb-headline-text\">29.01.2025 L&#8217;Unione degli studenti svizzeri prende atto con stupore della proposta del Consiglio federale \u00abPacchetto di misure di alleggerimento 2027\u00bb. Raddoppiando le tasse universitarie, il Consiglio federale mette in discussione &#8230; <a title=\"La VSS si oppone alle misure di risparmio irresponsabili nel settore dell&#8217;istruzione\" class=\"read-more\" href=\"https:\/\/vss-unes.ch\/it\/la-vss-si-oppone-alle-misure-di-risparmio-irresponsabili-nel-settore-dellistruzione\/\" aria-label=\"Per saperne di pi\u00f9 su La VSS si oppone alle misure di risparmio irresponsabili nel settore dell&#8217;istruzione\">Leggi tutto<\/a><\/div>\n<\/div><\/div>\n\n<div class=\"gb-grid-column gb-grid-column-af3e6352 gb-query-loop-item post-20951 post type-post status-publish format-standard hentry category-communicati-stampa\"><div class=\"gb-container gb-container-af3e6352\"><a class=\"gb-container-link\" href=\"https:\/\/vss-unes.ch\/it\/lunione-svizzera-degli-studenti-accoglie-con-favore-i-progressi-compiuti-verso-la-ri-associazione-della-svizzera-a-erasmus\/\"><\/a>\n<div class=\"has-text-align-right wp-block-post-date\"><time datetime=\"2024-12-20T18:00:00+01:00\">20. Dicembre 2024<\/time><\/div>\n\n<p class=\"gb-headline gb-headline-5933f2ba custom_non_underline gb-headline-text\"><span class=\"post-term-item term-communicati-stampa\"><a href=\"https:\/\/vss-unes.ch\/it\/category\/communicati-stampa\/\">Comunicato stampa<\/a><\/span><\/p>\n\n<h2 class=\"gb-headline gb-headline-3a73c4a6 gbp-section__headline gb-headline-text\">L&#8217;Unione svizzera degli studenti accoglie con favore i progressi compiuti verso la ri-associazione della Svizzera a Erasmus+<\/h2>\n\n<div class=\"gb-headline gb-headline-68c60af9 gb-headline-text\">20.12.2024 L&#8217;Associazione delle organizzazioni studentesche svizzere (USU) \u00e8 lieta di prendere atto dell&#8217;ultimo risultato dei negoziati. A livello istituzionale, \u00e8 ormai chiaro che la Svizzera potr\u00e0 rientrare nel programma Erasmus+. &#8230; <a title=\"L&#8217;Unione svizzera degli studenti accoglie con favore i progressi compiuti verso la ri-associazione della Svizzera a Erasmus+\" class=\"read-more\" href=\"https:\/\/vss-unes.ch\/it\/lunione-svizzera-degli-studenti-accoglie-con-favore-i-progressi-compiuti-verso-la-ri-associazione-della-svizzera-a-erasmus\/\" aria-label=\"Per saperne di pi\u00f9 su L&#8217;Unione svizzera degli studenti accoglie con favore i progressi compiuti verso la ri-associazione della Svizzera a Erasmus+\">Leggi tutto<\/a><\/div>\n<\/div><\/div>\n\n<div class=\"gb-grid-column gb-grid-column-af3e6352 gb-query-loop-item post-20950 post type-post status-publish format-standard hentry category-communicati-stampa\"><div class=\"gb-container gb-container-af3e6352\"><a class=\"gb-container-link\" href=\"https:\/\/vss-unes.ch\/it\/reazione-congiunta-usu-vsuzh-allarticolo-della-nzz-del-4-12-2024\/\"><\/a>\n<div class=\"has-text-align-right wp-block-post-date\"><time datetime=\"2024-12-04T17:30:00+01:00\">4. Dicembre 2024<\/time><\/div>\n\n<p class=\"gb-headline gb-headline-5933f2ba custom_non_underline gb-headline-text\"><span class=\"post-term-item term-communicati-stampa\"><a href=\"https:\/\/vss-unes.ch\/it\/category\/communicati-stampa\/\">Comunicato stampa<\/a><\/span><\/p>\n\n<h2 class=\"gb-headline gb-headline-3a73c4a6 gbp-section__headline gb-headline-text\">Reazione congiunta (USU\/VSUZH) all&#8217;articolo della NZZ del 4.12.2024<\/h2>\n\n<div class=\"gb-headline gb-headline-68c60af9 gb-headline-text\">04.12.2024 L&#8217;Associazione degli organismi studenteschi svizzeri (USU) e l&#8217;Unione degli studenti dell&#8217;Universit\u00e0 di Zurigo (VSUZH) desiderano prendere una posizione comune in risposta ai recenti eventi e porre le basi per &#8230; <a title=\"Reazione congiunta (USU\/VSUZH) all&#8217;articolo della NZZ del 4.12.2024\" class=\"read-more\" href=\"https:\/\/vss-unes.ch\/it\/reazione-congiunta-usu-vsuzh-allarticolo-della-nzz-del-4-12-2024\/\" aria-label=\"Per saperne di pi\u00f9 su Reazione congiunta (USU\/VSUZH) all&#8217;articolo della NZZ del 4.12.2024\">Leggi tutto<\/a><\/div>\n<\/div><\/div>\n\n<div class=\"gb-grid-column gb-grid-column-af3e6352 gb-query-loop-item post-20944 post type-post status-publish format-standard hentry category-communicati-stampa\"><div class=\"gb-container gb-container-af3e6352\"><a class=\"gb-container-link\" href=\"https:\/\/vss-unes.ch\/it\/modelli-di-legge-sullaffitto-unimportante-vittoria-per-gli-studenti\/\"><\/a>\n<div class=\"has-text-align-right wp-block-post-date\"><time datetime=\"2024-11-24T17:00:00+01:00\">24. Novembre 2024<\/time><\/div>\n\n<p class=\"gb-headline gb-headline-5933f2ba custom_non_underline gb-headline-text\"><span class=\"post-term-item term-communicati-stampa\"><a href=\"https:\/\/vss-unes.ch\/it\/category\/communicati-stampa\/\">Comunicato stampa<\/a><\/span><\/p>\n\n<h2 class=\"gb-headline gb-headline-3a73c4a6 gbp-section__headline gb-headline-text\">Modelli di legge sull&#8217;affitto: un&#8217;importante vittoria per gli studenti<\/h2>\n\n<div class=\"gb-headline gb-headline-68c60af9 gb-headline-text\">24.11.2024 L&#8217;Associazione delle Unioni studentesche svizzere (USU) accoglie con favore il rifiuto da parte del popolo delle due proposte di legge sulle locazioni. Queste avrebbero avuto un forte impatto negativo &#8230; <a title=\"Modelli di legge sull&#8217;affitto: un&#8217;importante vittoria per gli studenti\" class=\"read-more\" href=\"https:\/\/vss-unes.ch\/it\/modelli-di-legge-sullaffitto-unimportante-vittoria-per-gli-studenti\/\" aria-label=\"Per saperne di pi\u00f9 su Modelli di legge sull&#8217;affitto: un&#8217;importante vittoria per gli studenti\">Leggi tutto<\/a><\/div>\n<\/div><\/div>\n\n<div class=\"gb-grid-column gb-grid-column-af3e6352 gb-query-loop-item post-14687 post type-post status-publish format-standard hentry category-non-categorizzato\"><div class=\"gb-container gb-container-af3e6352\"><a class=\"gb-container-link\" href=\"https:\/\/vss-unes.ch\/it\/tavola-rotonda-proseguire-gli-studi-dopo-la-fuga-2022\/\"><\/a>\n<div class=\"has-text-align-right wp-block-post-date\"><time datetime=\"2022-11-22T16:00:08+01:00\">22. Novembre 2022<\/time><\/div>\n\n<p class=\"gb-headline gb-headline-5933f2ba custom_non_underline gb-headline-text\"><span class=\"post-term-item term-non-categorizzato\"><a href=\"https:\/\/vss-unes.ch\/it\/category\/non-categorizzato\/\">Non categorizzato<\/a><\/span><\/p>\n\n<h2 class=\"gb-headline gb-headline-3a73c4a6 gbp-section__headline gb-headline-text\">Tavola rotonda \u00abProseguire gli studi dopo la fuga\u00bb | 2022<\/h2>\n\n<div class=\"gb-headline gb-headline-68c60af9 gb-headline-text\">Chi fugge dal proprio Paese e cerca rifugio in Svizzera deve superare molti ostacoli per poter proseguire i propri studi. In collaborazione con la Commissione federale della migrazione, il 24 &#8230; <a title=\"Tavola rotonda \u00abProseguire gli studi dopo la fuga\u00bb | 2022\" class=\"read-more\" href=\"https:\/\/vss-unes.ch\/it\/tavola-rotonda-proseguire-gli-studi-dopo-la-fuga-2022\/\" aria-label=\"Per saperne di pi\u00f9 su Tavola rotonda \u00abProseguire gli studi dopo la fuga\u00bb | 2022\">Leggi tutto<\/a><\/div>\n<\/div><\/div>\n\n<div class=\"gb-grid-column gb-grid-column-af3e6352 gb-query-loop-item post-14667 post type-post status-publish format-standard hentry category-communicati-stampa\"><div class=\"gb-container gb-container-af3e6352\"><a class=\"gb-container-link\" href=\"https:\/\/vss-unes.ch\/it\/lunione-svizzera-degli-e-delle-universitari-e-entrera-nel-comitato-delliniziativa-sulleuropa\/\"><\/a>\n<div class=\"has-text-align-right wp-block-post-date\"><time datetime=\"2022-05-10T14:09:05+02:00\">10. Maggio 2022<\/time><\/div>\n\n<p class=\"gb-headline gb-headline-5933f2ba custom_non_underline gb-headline-text\"><span class=\"post-term-item term-communicati-stampa\"><a href=\"https:\/\/vss-unes.ch\/it\/category\/communicati-stampa\/\">Comunicato stampa<\/a><\/span><\/p>\n\n<h2 class=\"gb-headline gb-headline-3a73c4a6 gbp-section__headline gb-headline-text\">L&#8217;Unione Svizzera degli e delle Universitari\/e entrer\u00e0 nel comitato dell&#8217;iniziativa sull\u2019Europa!<\/h2>\n\n<div class=\"gb-headline gb-headline-68c60af9 gb-headline-text\">La 178esima assemblea dei delegati e delle delegate dell&#8217;Unione Svizzera degli e delle Universitari-e (USU) ha avuto luogo tra il 7 e l\u20198 maggio 2022 a Brugg-Windisch, presso students.fhnw. I &#8230; <a title=\"L&#8217;Unione Svizzera degli e delle Universitari\/e entrer\u00e0 nel comitato dell&#8217;iniziativa sull\u2019Europa!\" class=\"read-more\" href=\"https:\/\/vss-unes.ch\/it\/lunione-svizzera-degli-e-delle-universitari-e-entrera-nel-comitato-delliniziativa-sulleuropa\/\" aria-label=\"Per saperne di pi\u00f9 su L&#8217;Unione Svizzera degli e delle Universitari\/e entrer\u00e0 nel comitato dell&#8217;iniziativa sull\u2019Europa!\">Leggi tutto<\/a><\/div>\n<\/div><\/div>\n<\/div>\n\n<div class=\"gb-container gb-container-4354d139 gb-query-loop-pagination\">\n\n\n<a class=\"gb-button gb-button-41ccb028\" href=\"\/it\/wp-json\/wp\/v2\/pages\/4397?query-90110c83-page=2\"><span class=\"gb-icon\"><svg xmlns=\"http:\/\/www.w3.org\/2000\/svg\" aria-hidden=\"true\" role=\"img\" height=\"1em\" width=\"1em\" viewbox=\"0 0 256 512\"><path fill=\"currentColor\" d=\"M224.3 273l-136 136c-9.4 9.4-24.6 9.4-33.9 0l-22.6-22.6c-9.4-9.4-9.4-24.6 0-33.9l96.4-96.4-96.4-96.4c-9.4-9.4-9.4-24.6 0-33.9L54.3 103c9.4-9.4 24.6-9.4 33.9 0l136 136c9.5 9.4 9.5 24.6.1 34z\"><\/path><\/svg><\/span><span class=\"gb-button-text\">Indietro<\/span><\/a>\n<\/div>\n\n<\/div>\n<\/section>","protected":false},"excerpt":{"rendered":"<p>Notizie<\/p>\n","protected":false},"author":1,"featured_media":0,"parent":0,"menu_order":0,"comment_status":"closed","ping_status":"closed","template":"","meta":{"_acf_changed":false,"inline_featured_image":false,"_EventAllDay":false,"_EventTimezone":"","_EventStartDate":"","_EventEndDate":"","_EventStartDateUTC":"","_EventEndDateUTC":"","_EventShowMap":false,"_EventShowMapLink":false,"_EventURL":"","_EventCost":"","_EventCostDescription":"","_EventCurrencySymbol":"","_EventCurrencyCode":"","_EventCurrencyPosition":"","_EventDateTimeSeparator":"","_EventTimeRangeSeparator":"","_EventOrganizerID":[],"_EventVenueID":[],"_OrganizerEmail":"","_OrganizerPhone":"","_OrganizerWebsite":"","_VenueAddress":"","_VenueCity":"","_VenueCountry":"","_VenueProvince":"","_VenueState":"","_VenueZip":"","_VenuePhone":"","_VenueURL":"","_VenueStateProvince":"","_VenueLat":"","_VenueLng":"","_VenueShowMap":false,"_VenueShowMapLink":false,"footnotes":"","_links_to":"","_links_to_target":""},"class_list":["post-4397","page","type-page","status-publish"],"acf":[],"_links":{"self":[{"href":"https:\/\/vss-unes.ch\/it\/wp-json\/wp\/v2\/pages\/4397","targetHints":{"allow":["GET"]}}],"collection":[{"href":"https:\/\/vss-unes.ch\/it\/wp-json\/wp\/v2\/pages"}],"about":[{"href":"https:\/\/vss-unes.ch\/it\/wp-json\/wp\/v2\/types\/page"}],"author":[{"embeddable":true,"href":"https:\/\/vss-unes.ch\/it\/wp-json\/wp\/v2\/users\/1"}],"replies":[{"embeddable":true,"href":"https:\/\/vss-unes.ch\/it\/wp-json\/wp\/v2\/comments?post=4397"}],"version-history":[{"count":5,"href":"https:\/\/vss-unes.ch\/it\/wp-json\/wp\/v2\/pages\/4397\/revisions"}],"predecessor-version":[{"id":5490,"href":"https:\/\/vss-unes.ch\/it\/wp-json\/wp\/v2\/pages\/4397\/revisions\/5490"}],"wp:attachment":[{"href":"https:\/\/vss-unes.ch\/it\/wp-json\/wp\/v2\/media?parent=4397"}],"curies":[{"name":"wp","href":"https:\/\/api.w.org\/{rel}","templated":true}]}}