{"id":4403,"date":"2024-07-18T08:08:53","date_gmt":"2024-07-18T06:08:53","guid":{"rendered":"https:\/\/vss.michaelschaedler.li\/temi\/"},"modified":"2025-07-05T09:58:15","modified_gmt":"2025-07-05T07:58:15","slug":"themen","status":"publish","type":"page","link":"https:\/\/vss-unes.ch\/it\/themen\/","title":{"rendered":"Temi"},"content":{"rendered":"<section class=\"gb-container gb-container-46287441\">\n<div class=\"gb-container gb-container-2a48dc36 gbp-section\">\n\n<h1 class=\"gb-headline gb-headline-1512e882 gb-headline-text gbp-section__headline\">Temi<\/h1>\n\n<\/div>\n<\/section><section class=\"gb-container gb-container-16a78ac9 gbp-section\">\n<div class=\"gb-container gb-container-fefcb109 gbp-section__inner\">\n<div class=\"gb-container gb-container-0cb009a5\">\n\n<h2 class=\"gb-headline gb-headline-8da1e474 gb-headline-text gbp-section__headline\"><strong>Priorit\u00e0 tematiche 2023-2027<\/strong><\/h2>\n\n\n\n<p>Durante la 179a Assemblea dei delegati\/e (5\/6 novembre 2022) sono stati approvati i sei temi seguenti. Il presente documento offre una panoramica dei temi che rappresentano una priorit\u00e0 a lungo termine per l&#8217;USU.  <br\/><br\/>Ogni tema \u00e8 specificato da diversi sottopunti che spiegano cosa intende l&#8217;associazione con tali temi. Questi punti non sono n\u00e9 esaustivi n\u00e9 da intendersi come una lista di cose da fare che l&#8217;USU dovrebbe elaborare. Numerosi temi di cui l&#8217;USU si occupa o potrebbe occuparsi non compaiono in questo elenco. Ci\u00f2 non significa tuttavia che l&#8217;associazione non se ne occuper\u00e0 in futuro. Laddove esiste un documento di posizione dell&#8217;USU, le posizioni corrispondenti rimangono valide.    <\/p>\n\n\n<div class=\"gb-container gb-container-acd9dd03\">\n\n<div class=\"gb-grid-wrapper gb-grid-wrapper-3df00277 gb-query-loop-wrapper\">\n<div class=\"gb-grid-column gb-grid-column-f218bb8d gb-query-loop-item post-4961 themen type-themen status-publish has-post-thumbnail hentry topic-priorities-pagina-principale topic-priorities-priorita-tematiche-2023-2027 topic-priorities-unterseite-it\"><div class=\"gb-container gb-container-f218bb8d thematische-prioritaet\" style=\"background-image: url(https:\/\/vss-unes.ch\/wp-content\/uploads\/2024\/07\/2020-09-23_Petitionsuebergabe_Erasmus2-scaled-e1751457011735.jpg);\"><a class=\"gb-container-link\" href=\"https:\/\/vss-unes.ch\/it\/themen\/internazionale\/\"><\/a>\n<h3 class=\"gb-headline gb-headline-6aa6dc92 custom_10_z_index topic-name gb-headline-text\">Internazionale<\/h3>\n\n<h2 class=\"gb-headline gb-headline-16621121 gb-headline-text\" id=\"our-understanding\"><ul class=\"wp-block-list\">\n \t<li>Miglioramento dell&#8217;integrazione della Svizzera nello Spazio europeo dell&#8217;istruzione superiore.<\/li>\n \t<li><span style=\"font-size: inherit;\">Garanzia di una partecipazione piena e completa ai programmi di scambio europei per gli\/le studenti\/tesse svizzeri\/e (tra cui Erasmus+).<\/span><\/li>\n \t<li><span style=\"font-size: inherit;\">Garanzia che la mobilit\u00e0 tra gli istituti di istruzione superiore non sia ostacolata da formalit\u00e0 inutili.<\/span><\/li>\n \t<li><span style=\"font-size: inherit;\">Piena partecipazione alla politica europea in materia di istruzione superiore (in particolare attraverso l&#8217;ESU).<\/span><\/li>\n<\/ul><\/h2>\n\n<h2 class=\"gb-headline gb-headline-d8cce17e terms-list gb-headline-text\"><span class=\"post-term-item term-pagina-principale\">Pagina principale<\/span>, <span class=\"post-term-item term-priorita-tematiche-2023-2027\">Priorit\u00e0 tematiche 2023-2027<\/span>, <span class=\"post-term-item term-unterseite-it\">Unterseite<\/span><\/h2>\n<\/div><\/div>\n\n<div class=\"gb-grid-column gb-grid-column-f218bb8d gb-query-loop-item post-4991 themen type-themen status-publish has-post-thumbnail hentry topic-priorities-priorita-tematiche-2023-2027\"><div class=\"gb-container gb-container-f218bb8d thematische-prioritaet\" style=\"background-image: url(https:\/\/vss-unes.ch\/wp-content\/uploads\/2024\/07\/bundeshaus_interieur-1-scaled-e1750945327582.jpg);\"><a class=\"gb-container-link\" href=\"https:\/\/vss-unes.ch\/it\/themen\/sensibilizzazione-della-politica-svizzera-sulla-precarieta-degli-studenti-e-delle-studentesse\/\"><\/a>\n<h3 class=\"gb-headline gb-headline-6aa6dc92 custom_10_z_index topic-name gb-headline-text\">Sensibilizzazione della politica svizzera sulla precariet\u00e0 degli studenti e delle studentesse<\/h3>\n\n<h2 class=\"gb-headline gb-headline-16621121 gb-headline-text\" id=\"our-understanding\"><ul>\n \t<li>Le condizioni di vita degli studenti e delle studentesse devono acquisire maggiore rilevanza politica.<\/li>\n \t<li>\u00c8 necessario intrattenere buoni rapporti con i membri dell&#8217;Assemblea federale affinch\u00e9 l&#8217;USU possa avere la possibilit\u00e0, seppur indiretta, di esprimersi in Parlamento attraverso i diversi strumenti parlamentari a sua disposizione.<\/li>\n \t<li>\u00c8 necessario intrattenere buoni rapporti con i diversi stakeholder del panorama delle scuole universitarie svizzere.<\/li>\n<\/ul><\/h2>\n\n<h2 class=\"gb-headline gb-headline-d8cce17e terms-list gb-headline-text\"><span class=\"post-term-item term-priorita-tematiche-2023-2027\">Priorit\u00e0 tematiche 2023-2027<\/span><\/h2>\n<\/div><\/div>\n\n<div class=\"gb-grid-column gb-grid-column-f218bb8d gb-query-loop-item post-4975 themen type-themen status-publish has-post-thumbnail hentry topic-priorities-priorita-tematiche-2023-2027 topic-priorities-unterseite-it\"><div class=\"gb-container gb-container-f218bb8d thematische-prioritaet\" style=\"background-image: url(https:\/\/vss-unes.ch\/wp-content\/uploads\/2025\/06\/votes-e1750948049985.jpg);\"><a class=\"gb-container-link\" href=\"https:\/\/vss-unes.ch\/it\/themen\/incentivazione-della-partecipazione-studentesca\/\"><\/a>\n<h3 class=\"gb-headline gb-headline-6aa6dc92 custom_10_z_index topic-name gb-headline-text\">Incentivazione della partecipazione studentesca<\/h3>\n\n<h2 class=\"gb-headline gb-headline-16621121 gb-headline-text\" id=\"our-understanding\"><ul>\n<li>Mobilitazione e sensibilizzazione degli studenti e delle studentesse alla partecipazione studentesca.<\/li>\n<li>Miglioramento del riconoscimento istituzionale della partecipazione studentesca.<\/li>\n<li>Sostegno alle organizzazioni studentesche nelle loro attivit\u00e0, mettendo a disposizione conoscenze e consentendo lo scambio di esperienze.<\/li>\n<li>Azioni ed eventi comuni nelle scuole universitarie, organizzati o coordinati dall&#8217;USU.<\/li>\n<li>Il rafforzamento della voce studentesca dell&#8217;USU a livello nazionale e internazionale attraverso l&#8217;integrazione e la partecipazione di nuove sezioni.<\/li>\n<\/ul>\n<\/h2>\n\n<h2 class=\"gb-headline gb-headline-d8cce17e terms-list gb-headline-text\"><span class=\"post-term-item term-priorita-tematiche-2023-2027\">Priorit\u00e0 tematiche 2023-2027<\/span>, <span class=\"post-term-item term-unterseite-it\">Unterseite<\/span><\/h2>\n<\/div><\/div>\n\n<div class=\"gb-grid-column gb-grid-column-f218bb8d gb-query-loop-item post-4971 themen type-themen status-publish has-post-thumbnail hentry topic-priorities-pagina-principale topic-priorities-politica-universitaria topic-priorities-priorita-tematiche-2023-2027 topic-priorities-unterseite-it\"><div class=\"gb-container gb-container-f218bb8d thematische-prioritaet\" style=\"background-image: url(https:\/\/vss-unes.ch\/wp-content\/uploads\/2024\/07\/2ea82a99-8e6b-4577-bdf1-6a6c264fde4e-e1751282104753.jpg);\"><a class=\"gb-container-link\" href=\"https:\/\/vss-unes.ch\/it\/themen\/nachhaltigkeit\/\"><\/a>\n<h3 class=\"gb-headline gb-headline-6aa6dc92 custom_10_z_index topic-name gb-headline-text\">Sostenabilit\u00e0<\/h3>\n\n<h2 class=\"gb-headline gb-headline-16621121 gb-headline-text\" id=\"our-understanding\"><ul>\n<li>L&#8217;USU partecipa attivamente alla gestione sostenibile delle scuole universitarie e alla responsabilizzazione degli attori decisionali.<\/li>\n<li>Le richieste dell&#8217;USU devono essere avanzate dalle sezioni nelle diverse scuole universitarie e attuate dalle scuole stesse. L&#8217;USU sostiene le sue sezioni affiliate in questo processo. <\/li>\n<li>L&#8217;UNES si impegna a livello politico (delle scuole universitarie) per garantire i mezzi finanziari necessari alla promozione di progetti studenteschi nel campo della sostenibilit\u00e0.<\/li>\n<li>L&#8217;UNES incoraggia la collaborazione tra i progetti studenteschi gi\u00e0 esistenti e la creazione di nuovi progetti.<\/li>\n<\/ul>\n<\/h2>\n\n<h2 class=\"gb-headline gb-headline-d8cce17e terms-list gb-headline-text\"><span class=\"post-term-item term-pagina-principale\">Pagina principale<\/span>, <span class=\"post-term-item term-politica-universitaria\">Politica universitaria<\/span>, <span class=\"post-term-item term-priorita-tematiche-2023-2027\">Priorit\u00e0 tematiche 2023-2027<\/span>, <span class=\"post-term-item term-unterseite-it\">Unterseite<\/span><\/h2>\n<\/div><\/div>\n\n<div class=\"gb-grid-column gb-grid-column-f218bb8d gb-query-loop-item post-4966 themen type-themen status-publish has-post-thumbnail hentry topic-priorities-pagina-principale topic-priorities-priorita-tematiche-2023-2027 topic-priorities-unterseite-it\"><div class=\"gb-container gb-container-f218bb8d thematische-prioritaet\" style=\"background-image: url(https:\/\/vss-unes.ch\/wp-content\/uploads\/2025\/07\/frauenstreik_2019-e1752054758830.jpg);\"><a class=\"gb-container-link\" href=\"https:\/\/vss-unes.ch\/it\/themen\/parita\/\"><\/a>\n<h3 class=\"gb-headline gb-headline-6aa6dc92 custom_10_z_index topic-name gb-headline-text\">Parit\u00e0<\/h3>\n\n<h2 class=\"gb-headline gb-headline-16621121 gb-headline-text\" id=\"our-understanding\"><ul>\n \t<li>L&#8217;USU si impegna contro ogni forma di discriminazione nelle scuole superiori.<\/li>\n \t<li>Deve essere garantita la compatibilit\u00e0 degli studi con un&#8217;attivit\u00e0 professionale, con obblighi di assistenza, con uno o pi\u00f9 handicap e con un impegno nella societ\u00e0 civile. A tal fine, l&#8217;USU si impegna in diversi organi politici (universitari). <\/li>\n \t<li>L&#8217;USU si occupa intensamente dei temi della parit\u00e0 all&#8217;interno dell&#8217;Unione da un lato e del corpo studentesco dall&#8217;altro, tenendo conto della prospettiva intersezionale. La parit\u00e0 deve quindi essere concepita in modo pi\u00f9 ampio rispetto alla definizione di \u00abparit\u00e0 tra uomini e donne\u00bb, prevalente fino ad oggi. <\/li>\n \t<li>L&#8217;accessibilit\u00e0 alle universit\u00e0 deve essere garantita, in particolare alla luce dello sviluppo dell&#8217;insegnamento digitale.<\/li>\n \t<li>L&#8217;USU continua a impegnarsi a favore degli studenti e delle studentesse rifugiat\/e e chiede che le scuole universitarie e i Cantoni assumano maggiori responsabilit\u00e0 in questo ambito.<\/li>\n<\/ul><\/h2>\n\n<h2 class=\"gb-headline gb-headline-d8cce17e terms-list gb-headline-text\"><span class=\"post-term-item term-pagina-principale\">Pagina principale<\/span>, <span class=\"post-term-item term-priorita-tematiche-2023-2027\">Priorit\u00e0 tematiche 2023-2027<\/span>, <span class=\"post-term-item term-unterseite-it\">Unterseite<\/span><\/h2>\n<\/div><\/div>\n\n<div class=\"gb-grid-column gb-grid-column-f218bb8d gb-query-loop-item post-4989 themen type-themen status-publish has-post-thumbnail hentry topic-priorities-priorita-tematiche-2023-2027\"><div class=\"gb-container gb-container-f218bb8d thematische-prioritaet\" style=\"background-image: url(https:\/\/vss-unes.ch\/wp-content\/uploads\/2024\/07\/verbesserung_lage_studierende.jpg);\"><a class=\"gb-container-link\" href=\"https:\/\/vss-unes.ch\/it\/themen\/miglioramento-della-situazione-economica-e-sociale-degli-studenti-e-delle-studentesse\/\"><\/a>\n<h3 class=\"gb-headline gb-headline-6aa6dc92 custom_10_z_index topic-name gb-headline-text\">Miglioramento della situazione economica e sociale degli studenti e delle studentesse<\/h3>\n\n<h2 class=\"gb-headline gb-headline-16621121 gb-headline-text\" id=\"our-understanding\"><ul>\n \t<li>L&#8217;accesso alla formazione superiore deve essere garantito agli studenti e alle studentesse indipendentemente dalla loro situazione sociale ed economica.<\/li>\n \t<li>L&#8217;USU si impegna a favore di un maggior numero di alloggi per studenti e studentesse a prezzi accessibili.<\/li>\n \t<li>L&#8217;USU si impegna politicamente a tutti i livelli per aumentare gli importi base delle borse di studio, imporre il concordato sulle borse di studio in tutti i cantoni e migliorare l&#8217;accesso alle borse di studio riducendo gli ostacoli.<\/li>\n \t<li>La salute mentale degli studenti e delle studentesse deve essere rafforzata e protetta con misure preventive a livello sistemico. L&#8217;USU si impegna in particolare a livello politico (universitario) per l&#8217;attuazione di tali misure. <\/li>\n \t<li>L&#8217;USU si impegna a favore di una migliore mobilit\u00e0 e di buoni di mobilit\u00e0 per gli studenti e le studentesse, che devono essere finanziati dalla collettivit\u00e0 pubblica.<\/li>\n \t<li>Un utilizzo mirato dell&#8217;insegnamento digitale che tenga conto delle pari opportunit\u00e0 rimane per l&#8217;USU un tema centrale al fine di facilitare la vita quotidiana degli studenti e delle studentesse.<\/li>\n<\/ul><\/h2>\n\n<h2 class=\"gb-headline gb-headline-d8cce17e terms-list gb-headline-text\"><span class=\"post-term-item term-priorita-tematiche-2023-2027\">Priorit\u00e0 tematiche 2023-2027<\/span><\/h2>\n<\/div><\/div>\n<\/div>\n\n<\/div>\n\n<div class=\"gb-container gb-container-ace99ba8\">\n\n<div class=\"gb-grid-wrapper gb-grid-wrapper-840e2067 gb-query-loop-wrapper\">\n<div class=\"gb-grid-column gb-grid-column-f5eb48d3 gb-query-loop-item post-4961 themen type-themen status-publish has-post-thumbnail hentry topic-priorities-pagina-principale topic-priorities-priorita-tematiche-2023-2027 topic-priorities-unterseite-it\"><div class=\"gb-container gb-container-f5eb48d3\">\n<h2 class=\"gb-headline gb-headline-744ee832 custom_non_underline\"><span class=\"gb-icon\"><svg xmlns=\"http:\/\/www.w3.org\/2000\/svg\" aria-hidden=\"true\" role=\"img\" height=\"1em\" width=\"1em\" viewbox=\"0 0 256 512\"><path fill=\"currentColor\" d=\"M224.3 273l-136 136c-9.4 9.4-24.6 9.4-33.9 0l-22.6-22.6c-9.4-9.4-9.4-24.6 0-33.9l96.4-96.4-96.4-96.4c-9.4-9.4-9.4-24.6 0-33.9L54.3 103c9.4-9.4 24.6-9.4 33.9 0l136 136c9.5 9.4 9.5 24.6.1 34z\"><\/path><\/svg><\/span><span class=\"gb-headline-text\"><a href=\"https:\/\/vss-unes.ch\/it\/themen\/internazionale\/\">Internazionale<\/a><\/span><\/h2>\n<\/div><\/div>\n\n<div class=\"gb-grid-column gb-grid-column-f5eb48d3 gb-query-loop-item post-4991 themen type-themen status-publish has-post-thumbnail hentry topic-priorities-priorita-tematiche-2023-2027\"><div class=\"gb-container gb-container-f5eb48d3\">\n<h2 class=\"gb-headline gb-headline-744ee832 custom_non_underline\"><span class=\"gb-icon\"><svg xmlns=\"http:\/\/www.w3.org\/2000\/svg\" aria-hidden=\"true\" role=\"img\" height=\"1em\" width=\"1em\" viewbox=\"0 0 256 512\"><path fill=\"currentColor\" d=\"M224.3 273l-136 136c-9.4 9.4-24.6 9.4-33.9 0l-22.6-22.6c-9.4-9.4-9.4-24.6 0-33.9l96.4-96.4-96.4-96.4c-9.4-9.4-9.4-24.6 0-33.9L54.3 103c9.4-9.4 24.6-9.4 33.9 0l136 136c9.5 9.4 9.5 24.6.1 34z\"><\/path><\/svg><\/span><span class=\"gb-headline-text\"><a href=\"https:\/\/vss-unes.ch\/it\/themen\/sensibilizzazione-della-politica-svizzera-sulla-precarieta-degli-studenti-e-delle-studentesse\/\">Sensibilizzazione della politica svizzera sulla precariet\u00e0 degli studenti e delle studentesse<\/a><\/span><\/h2>\n<\/div><\/div>\n\n<div class=\"gb-grid-column gb-grid-column-f5eb48d3 gb-query-loop-item post-4975 themen type-themen status-publish has-post-thumbnail hentry topic-priorities-priorita-tematiche-2023-2027 topic-priorities-unterseite-it\"><div class=\"gb-container gb-container-f5eb48d3\">\n<h2 class=\"gb-headline gb-headline-744ee832 custom_non_underline\"><span class=\"gb-icon\"><svg xmlns=\"http:\/\/www.w3.org\/2000\/svg\" aria-hidden=\"true\" role=\"img\" height=\"1em\" width=\"1em\" viewbox=\"0 0 256 512\"><path fill=\"currentColor\" d=\"M224.3 273l-136 136c-9.4 9.4-24.6 9.4-33.9 0l-22.6-22.6c-9.4-9.4-9.4-24.6 0-33.9l96.4-96.4-96.4-96.4c-9.4-9.4-9.4-24.6 0-33.9L54.3 103c9.4-9.4 24.6-9.4 33.9 0l136 136c9.5 9.4 9.5 24.6.1 34z\"><\/path><\/svg><\/span><span class=\"gb-headline-text\"><a href=\"https:\/\/vss-unes.ch\/it\/themen\/incentivazione-della-partecipazione-studentesca\/\">Incentivazione della partecipazione studentesca<\/a><\/span><\/h2>\n<\/div><\/div>\n\n<div class=\"gb-grid-column gb-grid-column-f5eb48d3 gb-query-loop-item post-4971 themen type-themen status-publish has-post-thumbnail hentry topic-priorities-pagina-principale topic-priorities-politica-universitaria topic-priorities-priorita-tematiche-2023-2027 topic-priorities-unterseite-it\"><div class=\"gb-container gb-container-f5eb48d3\">\n<h2 class=\"gb-headline gb-headline-744ee832 custom_non_underline\"><span class=\"gb-icon\"><svg xmlns=\"http:\/\/www.w3.org\/2000\/svg\" aria-hidden=\"true\" role=\"img\" height=\"1em\" width=\"1em\" viewbox=\"0 0 256 512\"><path fill=\"currentColor\" d=\"M224.3 273l-136 136c-9.4 9.4-24.6 9.4-33.9 0l-22.6-22.6c-9.4-9.4-9.4-24.6 0-33.9l96.4-96.4-96.4-96.4c-9.4-9.4-9.4-24.6 0-33.9L54.3 103c9.4-9.4 24.6-9.4 33.9 0l136 136c9.5 9.4 9.5 24.6.1 34z\"><\/path><\/svg><\/span><span class=\"gb-headline-text\"><a href=\"https:\/\/vss-unes.ch\/it\/themen\/nachhaltigkeit\/\">Sostenabilit\u00e0<\/a><\/span><\/h2>\n<\/div><\/div>\n\n<div class=\"gb-grid-column gb-grid-column-f5eb48d3 gb-query-loop-item post-4966 themen type-themen status-publish has-post-thumbnail hentry topic-priorities-pagina-principale topic-priorities-priorita-tematiche-2023-2027 topic-priorities-unterseite-it\"><div class=\"gb-container gb-container-f5eb48d3\">\n<h2 class=\"gb-headline gb-headline-744ee832 custom_non_underline\"><span class=\"gb-icon\"><svg xmlns=\"http:\/\/www.w3.org\/2000\/svg\" aria-hidden=\"true\" role=\"img\" height=\"1em\" width=\"1em\" viewbox=\"0 0 256 512\"><path fill=\"currentColor\" d=\"M224.3 273l-136 136c-9.4 9.4-24.6 9.4-33.9 0l-22.6-22.6c-9.4-9.4-9.4-24.6 0-33.9l96.4-96.4-96.4-96.4c-9.4-9.4-9.4-24.6 0-33.9L54.3 103c9.4-9.4 24.6-9.4 33.9 0l136 136c9.5 9.4 9.5 24.6.1 34z\"><\/path><\/svg><\/span><span class=\"gb-headline-text\"><a href=\"https:\/\/vss-unes.ch\/it\/themen\/parita\/\">Parit\u00e0<\/a><\/span><\/h2>\n<\/div><\/div>\n\n<div class=\"gb-grid-column gb-grid-column-f5eb48d3 gb-query-loop-item post-4989 themen type-themen status-publish has-post-thumbnail hentry topic-priorities-priorita-tematiche-2023-2027\"><div class=\"gb-container gb-container-f5eb48d3\">\n<h2 class=\"gb-headline gb-headline-744ee832 custom_non_underline\"><span class=\"gb-icon\"><svg xmlns=\"http:\/\/www.w3.org\/2000\/svg\" aria-hidden=\"true\" role=\"img\" height=\"1em\" width=\"1em\" viewbox=\"0 0 256 512\"><path fill=\"currentColor\" d=\"M224.3 273l-136 136c-9.4 9.4-24.6 9.4-33.9 0l-22.6-22.6c-9.4-9.4-9.4-24.6 0-33.9l96.4-96.4-96.4-96.4c-9.4-9.4-9.4-24.6 0-33.9L54.3 103c9.4-9.4 24.6-9.4 33.9 0l136 136c9.5 9.4 9.5 24.6.1 34z\"><\/path><\/svg><\/span><span class=\"gb-headline-text\"><a href=\"https:\/\/vss-unes.ch\/it\/themen\/miglioramento-della-situazione-economica-e-sociale-degli-studenti-e-delle-studentesse\/\">Miglioramento della situazione economica e sociale degli studenti e delle studentesse<\/a><\/span><\/h2>\n<\/div><\/div>\n<\/div>\n\n<\/div>\n<\/div>\n<\/div>\n<\/section><div class=\"gb-container gb-container-cd853a69\">\n<div class=\"gb-container gb-container-b75ef5af\">\n\n<h2 class=\"gb-headline gb-headline-b5b11f2a gb-headline-text gbp-section__headline\">Altri temi<\/h2>\n\n\n\n<div class=\"gb-grid-wrapper gb-grid-wrapper-bfa8565f gb-query-loop-wrapper\">\n<div class=\"gb-grid-column gb-grid-column-7ca23a5c gb-query-loop-item post-22314 themen type-themen status-publish has-post-thumbnail hentry topic-priorities-keine-thematische-prioritaet\"><div class=\"gb-container gb-container-7ca23a5c\" style=\"background-image: url(https:\/\/vss-unes.ch\/wp-content\/uploads\/2025\/09\/Hut-mit-Stern.jpg);\"><a class=\"gb-container-link\" href=\"https:\/\/vss-unes.ch\/it\/themen\/entlastungspaket-2027-des-bundes\/\"><\/a>\n<h3 class=\"gb-headline gb-headline-160b6883 custom_10_z_index gb-headline-text\">Entlastungspaket 2027 des Bundes<\/h3>\n<\/div><\/div>\n\n<div class=\"gb-grid-column gb-grid-column-7ca23a5c gb-query-loop-item post-4981 themen type-themen status-publish has-post-thumbnail hentry topic-priorities-keine-thematische-prioritaet-it\"><div class=\"gb-container gb-container-7ca23a5c\" style=\"background-image: url(https:\/\/vss-unes.ch\/wp-content\/uploads\/2025\/07\/Mietrecht_NEIN-scaled.jpg);\"><a class=\"gb-container-link\" href=\"https:\/\/vss-unes.ch\/it\/themen\/diritto-di-locazione\/\"><\/a>\n<h3 class=\"gb-headline gb-headline-160b6883 custom_10_z_index gb-headline-text\">Diritto di locazione<\/h3>\n<\/div><\/div>\n\n<div class=\"gb-grid-column gb-grid-column-7ca23a5c gb-query-loop-item post-4932 themen type-themen status-publish has-post-thumbnail hentry topic-priorities-keine-thematische-prioritaet-it topic-priorities-pagina-principale topic-priorities-unterseite-it\"><div class=\"gb-container gb-container-7ca23a5c\" style=\"background-image: url(https:\/\/vss-unes.ch\/wp-content\/uploads\/2024\/07\/Soziales-1-e1751961726626.jpg);\"><a class=\"gb-container-link\" href=\"https:\/\/vss-unes.ch\/it\/themen\/questioni-sociali\/\"><\/a>\n<h3 class=\"gb-headline gb-headline-160b6883 custom_10_z_index gb-headline-text\">Questioni sociali<\/h3>\n<\/div><\/div>\n\n<div class=\"gb-grid-column gb-grid-column-7ca23a5c gb-query-loop-item post-4935 themen type-themen status-publish has-post-thumbnail hentry topic-priorities-keine-thematische-prioritaet-it topic-priorities-pagina-principale topic-priorities-unterseite-it\"><div class=\"gb-container gb-container-7ca23a5c\" style=\"background-image: url(https:\/\/vss-unes.ch\/wp-content\/uploads\/2024\/07\/Hochschulpolitik_3-e1751456524444.jpg);\"><a class=\"gb-container-link\" href=\"https:\/\/vss-unes.ch\/it\/themen\/politica-universitaria\/\"><\/a>\n<h3 class=\"gb-headline gb-headline-160b6883 custom_10_z_index gb-headline-text\">Politica universitaria<\/h3>\n<\/div><\/div>\n\n<div class=\"gb-grid-column gb-grid-column-7ca23a5c gb-query-loop-item post-4960 themen type-themen status-publish has-post-thumbnail hentry topic-priorities-keine-thematische-prioritaet-it\"><div class=\"gb-container gb-container-7ca23a5c\" style=\"background-image: url(https:\/\/vss-unes.ch\/wp-content\/uploads\/2024\/07\/hochschuhlzugang_gefluechtete.jpg);\"><a class=\"gb-container-link\" href=\"https:\/\/vss-unes.ch\/it\/themen\/accesso-allistruzione-superiore-per-le-persone-rifugiate\/\"><\/a>\n<h3 class=\"gb-headline gb-headline-160b6883 custom_10_z_index gb-headline-text\">Accesso all&#8217;istruzione superiore per le persone rifugiate<\/h3>\n<\/div><\/div>\n<\/div>\n\n<\/div>\n<\/div>","protected":false},"excerpt":{"rendered":"<p>Temi Priorit\u00e0 tematiche 2023-2027 Durante la 179a Assemblea dei delegati\/e (5\/6 novembre 2022) sono stati approvati i sei temi seguenti. Il presente documento offre una panoramica dei temi che rappresentano &#8230; <a title=\"Temi\" class=\"read-more\" href=\"https:\/\/vss-unes.ch\/it\/themen\/\" aria-label=\"Per saperne di pi\u00f9 su Temi\">Leggi tutto<\/a><\/p>\n","protected":false},"author":1,"featured_media":0,"parent":0,"menu_order":0,"comment_status":"closed","ping_status":"closed","template":"","meta":{"_acf_changed":false,"inline_featured_image":false,"_EventAllDay":false,"_EventTimezone":"","_EventStartDate":"","_EventEndDate":"","_EventStartDateUTC":"","_EventEndDateUTC":"","_EventShowMap":false,"_EventShowMapLink":false,"_EventURL":"","_EventCost":"","_EventCostDescription":"","_EventCurrencySymbol":"","_EventCurrencyCode":"","_EventCurrencyPosition":"","_EventDateTimeSeparator":"","_EventTimeRangeSeparator":"","_EventOrganizerID":[],"_EventVenueID":[],"_OrganizerEmail":"","_OrganizerPhone":"","_OrganizerWebsite":"","_VenueAddress":"","_VenueCity":"","_VenueCountry":"","_VenueProvince":"","_VenueState":"","_VenueZip":"","_VenuePhone":"","_VenueURL":"","_VenueStateProvince":"","_VenueLat":"","_VenueLng":"","_VenueShowMap":false,"_VenueShowMapLink":false,"footnotes":"","_links_to":"","_links_to_target":""},"class_list":["post-4403","page","type-page","status-publish"],"acf":[],"_links":{"self":[{"href":"https:\/\/vss-unes.ch\/it\/wp-json\/wp\/v2\/pages\/4403","targetHints":{"allow":["GET"]}}],"collection":[{"href":"https:\/\/vss-unes.ch\/it\/wp-json\/wp\/v2\/pages"}],"about":[{"href":"https:\/\/vss-unes.ch\/it\/wp-json\/wp\/v2\/types\/page"}],"author":[{"embeddable":true,"href":"https:\/\/vss-unes.ch\/it\/wp-json\/wp\/v2\/users\/1"}],"replies":[{"embeddable":true,"href":"https:\/\/vss-unes.ch\/it\/wp-json\/wp\/v2\/comments?post=4403"}],"version-history":[{"count":12,"href":"https:\/\/vss-unes.ch\/it\/wp-json\/wp\/v2\/pages\/4403\/revisions"}],"predecessor-version":[{"id":19738,"href":"https:\/\/vss-unes.ch\/it\/wp-json\/wp\/v2\/pages\/4403\/revisions\/19738"}],"wp:attachment":[{"href":"https:\/\/vss-unes.ch\/it\/wp-json\/wp\/v2\/media?parent=4403"}],"curies":[{"name":"wp","href":"https:\/\/api.w.org\/{rel}","templated":true}]}}